{"id":24511,"date":"2025-01-11T18:14:06","date_gmt":"2025-01-11T18:14:06","guid":{"rendered":"https:\/\/www.ateti.pt\/loja\/?post_type=product&#038;p=24511"},"modified":"2025-04-03T12:49:05","modified_gmt":"2025-04-03T11:49:05","slug":"farinha-isenta-de-gluten-nacional-500g","status":"publish","type":"product","link":"https:\/\/www.ateti.pt\/loja\/produto\/farinha-isenta-de-gluten-nacional-500g\/","title":{"rendered":"Farinha Isenta de Gl\u00faten 500g Nacional"},"content":{"rendered":"<p><strong>Farinha Isenta de Gl\u00faten Nacional<\/strong><\/p>\n<p><strong>Quantidade:<\/strong> 500g<\/p>\n<p><strong>Ingredientes:\u00a0<\/strong>Amido de milho, glucose, espessante, fibra de batata, levedante, regulador de acidez.<\/p>\n<p>Conservar em local seco e fresco e ao abrigo da luz.<\/p>\n<p>Mantenha a embalagem fechada ap\u00f3s cada utiliza\u00e7\u00e3o.<\/p>\n<p><strong>Valores Nutricionais:\u00a0<\/strong>Energia: 1494kj\/352kcal; L\u00edpidos: 0.8g, dos quais saturados: 0.3g; Hidratos de carbono: 84g, dos quais a\u00e7\u00facares: 3.7g; Fibra: 3.8g; Prote\u00ednas: 0.7g; Sal: 0.17g.<\/p>\n<p>Sugest\u00e3o de receita<\/p>\n<h5>Bolo de Canela<\/h5>\n<p><strong>Ingredientes:<\/strong><\/p>\n<ul class=\"wpurp-recipe-ingredient-container\">\n<li class=\"wpurp-recipe-ingredient\"><span class=\"wpurp-recipe-ingredient-quantity\" data-normalized=\"200\" data-fraction=\"\" data-original=\"200\">200<\/span>\u00a0<span class=\"wpurp-recipe-ingredient-unit\" data-original=\"g\">g<\/span>\u00a0<span class=\"wpurp-recipe-ingredient-name\">de Farinha Isenta de Gl\u00faten Nacional<\/span><\/li>\n<li class=\"wpurp-recipe-ingredient\"><span class=\"wpurp-recipe-ingredient-quantity\" data-normalized=\"200\" data-fraction=\"\" data-original=\"200\">200<\/span>\u00a0<span class=\"wpurp-recipe-ingredient-unit\" data-original=\"g\">g<\/span>\u00a0<span class=\"wpurp-recipe-ingredient-name\">de a\u00e7\u00facar<\/span><\/li>\n<li class=\"wpurp-recipe-ingredient\"><span class=\"wpurp-recipe-ingredient-quantity\" data-normalized=\"100\" data-fraction=\"\" data-original=\"100\">100<\/span>\u00a0<span class=\"wpurp-recipe-ingredient-unit\" data-original=\"g\">g<\/span>\u00a0<span class=\"wpurp-recipe-ingredient-name\">de margarina amolecida<\/span><\/li>\n<li class=\"wpurp-recipe-ingredient\"><span class=\"wpurp-recipe-ingredient-quantity\" data-normalized=\"5\" data-fraction=\"\" data-original=\"5\">5<\/span>\u00a0<span class=\"wpurp-recipe-ingredient-name\">Ovos<\/span><\/li>\n<li class=\"wpurp-recipe-ingredient\"><span class=\"wpurp-recipe-ingredient-quantity\" data-normalized=\"1\" data-fraction=\"\" data-original=\"1\">1<\/span>\u00a0<span class=\"wpurp-recipe-ingredient-unit\" data-original=\"colher (ch\u00e1)\">colher (ch\u00e1)<\/span>\u00a0<span class=\"wpurp-recipe-ingredient-name\">bem cheia de canela em p\u00f3<\/span><\/li>\n<li class=\"wpurp-recipe-ingredient\"><span class=\"wpurp-recipe-ingredient-quantity\" data-normalized=\"1\" data-fraction=\"\" data-original=\"1\">1<\/span>\u00a0<span class=\"wpurp-recipe-ingredient-unit\" data-original=\"colher (ch\u00e1)\">colher (ch\u00e1)<\/span>\u00a0<span class=\"wpurp-recipe-ingredient-name\">bem cheia de fermento<\/span><\/li>\n<li class=\"wpurp-recipe-ingredient\"><span class=\"wpurp-recipe-ingredient-quantity\" data-normalized=\"0\" data-fraction=\"\" data-original=\"q.b. \">q.b.<\/span>\u00a0<span class=\"wpurp-recipe-ingredient-name\">am\u00eandoa laminada<\/span><\/li>\n<\/ul>\n<p><strong>Prepara\u00e7\u00e3o:<\/strong><\/p>\n<div class=\"wpurp-rows-row\">\n<div class=\"wpurp-rows\">\n<div class=\"wpurp-rows-row\">\n<div class=\"wpurp-recipe-instructions\">\n<div class=\"wpurp-recipe-instruction-group-container wpurp-recipe-instruction-group-container-\">\n<div class=\"wpurp-rows\">\n<div class=\"wpurp-rows-row\">\n<ol class=\"wpurp-recipe-instruction-container\">\n<li class=\"wpurp-recipe-instruction\">\n<div class=\"wpurp-rows\">\n<div class=\"wpurp-rows-row\"><span class=\"wpurp-recipe-instruction-text\">Ligue o forno a 180\u00bac, unte uma forma com manteiga e polvilhe com farinha.<\/span><\/div>\n<\/div>\n<\/li>\n<li class=\"wpurp-recipe-instruction\">\n<div class=\"wpurp-rows\">\n<div class=\"wpurp-rows-row\"><span class=\"wpurp-recipe-instruction-text\">Numa tigela, bata bem a manteiga amolecida com o a\u00e7\u00facar at\u00e9 ficar uma mistura esbranqui\u00e7ada. Junte depois as gemas e bata muito bem.<\/span><\/div>\n<\/div>\n<\/li>\n<li class=\"wpurp-recipe-instruction\">\n<div class=\"wpurp-rows\">\n<div class=\"wpurp-rows-row\"><span class=\"wpurp-recipe-instruction-text\">\u00c0 parte, bata as claras em castelo. Misture a farinha com a canela e peneire.<\/span><\/div>\n<\/div>\n<\/li>\n<li class=\"wpurp-recipe-instruction\">\n<div class=\"wpurp-rows\">\n<div class=\"wpurp-rows-row\"><span class=\"wpurp-recipe-instruction-text\">Junte, ao preparado das gemas, a mistura da farinha e as claras em castelo e envolva tudo suavemente.<\/span><\/div>\n<\/div>\n<\/li>\n<li class=\"wpurp-recipe-instruction\">\n<div class=\"wpurp-rows\">\n<div class=\"wpurp-rows-row\"><span class=\"wpurp-recipe-instruction-text\">Verta para a forma e se desejar polvilhe com am\u00eandoa laminada<\/span><\/div>\n<\/div>\n<\/li>\n<li class=\"wpurp-recipe-instruction\">\n<div class=\"wpurp-rows\">\n<div class=\"wpurp-rows-row\"><span class=\"wpurp-recipe-instruction-text\">Leve ao forno durante aproximadamente 40 minutos. Espete um palito para verificar a cozedura, retire do forno, desenforme e sirva decorado a gosto.<\/span><\/div>\n<\/div>\n<\/li>\n<\/ol>\n<\/div>\n<\/div>\n<\/div>\n<\/div>\n<\/div>\n<\/div>\n<\/div>\n<div class=\"wpurp-rows-row\">\n<div class=\"wpurp-rows\">\n<div class=\"wpurp-rows-row\">\n<div class=\"wpurp-rows\">\n<div class=\"wpurp-rows-row\">Bom apetite!<\/div>\n<\/div>\n<\/div>\n<\/div>\n<\/div>\n<p>Veja mais em <a href=\"https:\/\/www.ateti.pt\/loja\/categoria\/mercearia\/farinhaeacucares\/\">Farinhas e A\u00e7\u00facares<\/a><\/p>\n<p>&nbsp;<\/p>\n<p>&nbsp;<\/p>\n","protected":false},"excerpt":{"rendered":"<p>6.38\u20ac\/kg<\/p>\n","protected":false},"featured_media":60853,"comment_status":"open","ping_status":"closed","template":"","meta":{"_themeisle_gutenberg_block_has_review":false},"product_brand":[],"product_cat":[188,132],"product_tag":[],"woo-feed-brand":[],"class_list":{"0":"post-24511","1":"product","2":"type-product","3":"status-publish","4":"has-post-thumbnail","6":"product_cat-farinhaeacucares","7":"product_cat-mercearia","8":"ts_product_brand-nacional","10":"first","11":"instock","12":"taxable","13":"shipping-taxable","14":"purchasable","15":"product-type-simple"},"_links":{"self":[{"href":"https:\/\/www.ateti.pt\/loja\/wp-json\/wp\/v2\/product\/24511","targetHints":{"allow":["GET"]}}],"collection":[{"href":"https:\/\/www.ateti.pt\/loja\/wp-json\/wp\/v2\/product"}],"about":[{"href":"https:\/\/www.ateti.pt\/loja\/wp-json\/wp\/v2\/types\/product"}],"replies":[{"embeddable":true,"href":"https:\/\/www.ateti.pt\/loja\/wp-json\/wp\/v2\/comments?post=24511"}],"wp:featuredmedia":[{"embeddable":true,"href":"https:\/\/www.ateti.pt\/loja\/wp-json\/wp\/v2\/media\/60853"}],"wp:attachment":[{"href":"https:\/\/www.ateti.pt\/loja\/wp-json\/wp\/v2\/media?parent=24511"}],"wp:term":[{"taxonomy":"product_brand","embeddable":true,"href":"https:\/\/www.ateti.pt\/loja\/wp-json\/wp\/v2\/product_brand?post=24511"},{"taxonomy":"product_cat","embeddable":true,"href":"https:\/\/www.ateti.pt\/loja\/wp-json\/wp\/v2\/product_cat?post=24511"},{"taxonomy":"product_tag","embeddable":true,"href":"https:\/\/www.ateti.pt\/loja\/wp-json\/wp\/v2\/product_tag?post=24511"},{"taxonomy":"woo-feed-brand","embeddable":true,"href":"https:\/\/www.ateti.pt\/loja\/wp-json\/wp\/v2\/woo-feed-brand?post=24511"}],"curies":[{"name":"wp","href":"https:\/\/api.w.org\/{rel}","templated":true}]}}