{"id":244,"date":"2025-12-07T11:00:26","date_gmt":"2025-12-07T11:00:26","guid":{"rendered":"https:\/\/www.ateti.pt\/loja\/?post_type=product&#038;p=244"},"modified":"2026-02-10T12:08:19","modified_gmt":"2026-02-10T12:08:19","slug":"chocolate-mms-amendoim-45g","status":"publish","type":"product","link":"https:\/\/www.ateti.pt\/loja\/produto\/chocolate-mms-amendoim-45g\/","title":{"rendered":"Chocolate Amendoim 45g M&amp;M\u2019s (15-02-2026)"},"content":{"rendered":"<p><strong>Chocolate Amendoim <\/strong><strong>M&amp;M\u2019s\u00a0<\/strong><\/p>\n<p><strong>Chocolate Amendoim <\/strong><strong>M&amp;M\u2019s\u00a0<\/strong>\u00e9 o chocolate mais famoso e vendido no mundo! Estas pequenas drageias de amendoim M&amp;M\u2019S\u00ae s\u00e3o super divertidas e alegram qualquer ocasi\u00e3o!<br \/>\nAmendoins estaladi\u00e7os cobertos com um delicioso chocolate de leite e uma camada estaladi\u00e7a de a\u00e7ucar.<\/p>\n<p><strong>Quantidade:<\/strong> 45g<\/p>\n<p><strong>Ingredientes:<\/strong><\/p>\n<p>A\u00e7\u00facar, amendoins, pasta de cacau, leite magro em p\u00f3, lactose e prote\u00ednas do leite, manteiga de cacau, \u00f3leo de palmeira, gordura do leite, amido, xarope de glucose, gordura de karit\u00e9, emulsionante (lecitina de soja), estabilizador, (goma ar\u00e1bica), corantes*, dextrina, agente de revestimento (cera de carna\u00faba), aromatizantes, sal e \u00f3leo de c\u00f4co.<\/p>\n<p>Pode conter vest\u00edgios de Avel\u00e3 e Am\u00eandoa.<\/p>\n<p><strong>Valores nutricionais m\u00e9dios por 100g de produto:<\/strong><\/p>\n<p>Energia: 2139.00 kJ \/ 511.00 kcal; L\u00edpidos: 25.30 g, Dos quais \u00e1cidos gordos saturados: 10.20 g; Hidratos de carbono: 59.10 g, Dos quais a\u00e7\u00facares: 53.60 g; Prote\u00ednas: 9.80 g; Sal: 0.09 g<\/p>\n<p><strong>Informa\u00e7\u00f5es gerais do produto:<\/strong><\/p>\n<p>Deve conservar o seu Chocolate M&amp;M\u2019s Amendoim 45g num local com temperatura ambiente.<\/p>\n<p>&nbsp;<\/p>\n<p>Para ver mais produtos como este v\u00e1 a\u00a0<a href=\"https:\/\/www.ateti.pt\/loja\/categoria\/ate-ti-negocios\/alimentacao-office\/chocolates-bolachas\/\">Chocolates e Bolachas<\/a>.<\/p>\n<p>Pode ainda encontrar no At\u00e9 Ti produtos com descontos at\u00e9 50% na Categoria\u00a0<a href=\"https:\/\/www.ateti.pt\/loja\/categoria\/outlet-ate-50\/\">Outlet ate 50%<\/a>.<\/p>\n<p>Fa\u00e7a as suas compras no seu supermercado online At\u00e9 Ti e receba a sua encomenda comodamente em casa, no trabalho ou onde quiser.<\/p>\n<div class=\"row\">\n<div class=\"col-xs-6 pull-left\"><\/div>\n<\/div>\n","protected":false},"excerpt":{"rendered":"<p>17.55\u20ac\/kg<\/p>\n<h3>Descri\u00e7\u00e3o<\/h3>\n<p>O chocolate mais famoso e vendido no mundo! Estas pequenas drageias de amendoim M&amp;M\u2019S\u00ae s\u00e3o super divertidas e alegram qualquer ocasi\u00e3o!<br \/>\nAmendoins estaladi\u00e7os cobertos com um delicioso chocolate de leite e uma camada estaladi\u00e7a de a\u00e7ucar.<\/p>\n","protected":false},"featured_media":35096,"comment_status":"closed","ping_status":"closed","template":"","meta":{"_themeisle_gutenberg_block_has_review":false},"product_brand":[],"product_cat":[25,144,132,265],"product_tag":[],"woo-feed-brand":[],"class_list":{"0":"post-244","1":"product","2":"type-product","3":"status-publish","4":"has-post-thumbnail","6":"product_cat-chocolates","7":"product_cat-chocolates-biscoitos-e-cereais","8":"product_cat-mercearia","9":"product_cat-promocoes-outlet-ate-50-desconto-supermercado-online-ate-ti","10":"ts_product_brand-mms","12":"first","13":"outofstock","14":"sale","15":"taxable","16":"shipping-taxable","17":"purchasable","18":"product-type-simple"},"_links":{"self":[{"href":"https:\/\/www.ateti.pt\/loja\/wp-json\/wp\/v2\/product\/244","targetHints":{"allow":["GET"]}}],"collection":[{"href":"https:\/\/www.ateti.pt\/loja\/wp-json\/wp\/v2\/product"}],"about":[{"href":"https:\/\/www.ateti.pt\/loja\/wp-json\/wp\/v2\/types\/product"}],"replies":[{"embeddable":true,"href":"https:\/\/www.ateti.pt\/loja\/wp-json\/wp\/v2\/comments?post=244"}],"wp:featuredmedia":[{"embeddable":true,"href":"https:\/\/www.ateti.pt\/loja\/wp-json\/wp\/v2\/media\/35096"}],"wp:attachment":[{"href":"https:\/\/www.ateti.pt\/loja\/wp-json\/wp\/v2\/media?parent=244"}],"wp:term":[{"taxonomy":"product_brand","embeddable":true,"href":"https:\/\/www.ateti.pt\/loja\/wp-json\/wp\/v2\/product_brand?post=244"},{"taxonomy":"product_cat","embeddable":true,"href":"https:\/\/www.ateti.pt\/loja\/wp-json\/wp\/v2\/product_cat?post=244"},{"taxonomy":"product_tag","embeddable":true,"href":"https:\/\/www.ateti.pt\/loja\/wp-json\/wp\/v2\/product_tag?post=244"},{"taxonomy":"woo-feed-brand","embeddable":true,"href":"https:\/\/www.ateti.pt\/loja\/wp-json\/wp\/v2\/woo-feed-brand?post=244"}],"curies":[{"name":"wp","href":"https:\/\/api.w.org\/{rel}","templated":true}]}}