{"id":24397,"date":"2023-10-01T08:50:54","date_gmt":"2023-10-01T07:50:54","guid":{"rendered":"https:\/\/www.ateti.pt\/loja\/?post_type=product&#038;p=24397"},"modified":"2026-03-31T09:23:56","modified_gmt":"2026-03-31T08:23:56","slug":"nespresso-bocage-30-capsulas","status":"publish","type":"product","link":"https:\/\/www.ateti.pt\/loja\/produto\/nespresso-bocage-30-capsulas\/","title":{"rendered":"C\u00e1psulas Caf\u00e9 Comp. Nespresso Bocage 30un Nicola"},"content":{"rendered":"<p><strong>Caf\u00e9 Bocage <\/strong><strong>Nicola<\/strong><\/p>\n<p><strong>Intensidade:<\/strong> 11<\/p>\n<p><strong>Quantidade:<\/strong> 30 c\u00e1psulas de caf\u00e9<\/p>\n<div class=\"extra\">\n<p><strong>Peso L\u00edquido:<\/strong> 150g<\/p>\n<p>Caf\u00e9 cremoso de\u00a0blend de torra m\u00e9dia, de encontros com a intensidade e corpo dos caf\u00e9s Robusta, mas combinado com a riqueza de aromas dos Ar\u00e1bicas da Am\u00e9rica Central e Sul.<\/p>\n<p><span class=\"label\">Lista de ingredientes: <\/span><span id=\"ingredientStatement\">Caf\u00e9 Torrado (ingrediente \u00fanico).<\/span><\/p>\n<p><span class=\"label\">Origem: <\/span><span id=\"countryOfOriginStatement\">Mat\u00e9ria prima oriunda de diversas regi\u00f5es produtoras.<\/span><\/p>\n<p><span id=\"countryOfOriginStatement\">Produto torrado em Portugal.\u00a0<\/span>Conservar em local fresco e seco.<\/p>\n<div>Caf\u00e9 torrado mo\u00eddo em c\u00e1psulas individuais compat\u00edveis com o sistema\u00a0<strong>Nespresso.<\/strong><\/div>\n<div><\/div>\n<div>Utilizar o produto conforme as instru\u00e7\u00f5es da m\u00e1quina.<\/div>\n<p><em>*Marca registada em nome de empresa n\u00e3o relacionada com Massimo Zanetti Beverage Iberia, SA.<\/em><\/p>\n<\/div>\n<p>Veja mais em <a href=\"https:\/\/www.ateti.pt\/loja\/categoria\/cafe-em-capsula\/capsulas-nespresso\/\">Caf\u00e9 em C\u00e1psula<\/a><\/p>\n","protected":false},"excerpt":{"rendered":"<p>0,16\u20ac\/unidade<br \/>\n<strong>Intensidade:<\/strong> 11<br \/>\n<strong>Quantidade:<\/strong> 30 c\u00e1psulas de caf\u00e9<\/p>\n<p>&nbsp;<\/p>\n<p>&nbsp;<\/p>\n","protected":false},"featured_media":60354,"comment_status":"closed","ping_status":"closed","template":"","meta":{"_themeisle_gutenberg_block_has_review":false},"product_brand":[],"product_cat":[692,694,117,140,578,267],"product_tag":[],"woo-feed-brand":[761],"class_list":{"0":"post-24397","1":"product","2":"type-product","3":"status-publish","4":"has-post-thumbnail","6":"product_cat-cafe","7":"product_cat-cafe-capsulas","8":"product_cat-cafe-em-capsula","9":"product_cat-capsulas-nespresso","10":"product_cat-cafe-grandes-formatos","11":"product_cat-nicola","12":"ts_product_brand-nicola","13":"woo-feed-brand-nicola","15":"first","16":"instock","17":"sale","18":"taxable","19":"shipping-taxable","20":"purchasable","21":"product-type-simple"},"_links":{"self":[{"href":"https:\/\/www.ateti.pt\/loja\/wp-json\/wp\/v2\/product\/24397","targetHints":{"allow":["GET"]}}],"collection":[{"href":"https:\/\/www.ateti.pt\/loja\/wp-json\/wp\/v2\/product"}],"about":[{"href":"https:\/\/www.ateti.pt\/loja\/wp-json\/wp\/v2\/types\/product"}],"replies":[{"embeddable":true,"href":"https:\/\/www.ateti.pt\/loja\/wp-json\/wp\/v2\/comments?post=24397"}],"wp:featuredmedia":[{"embeddable":true,"href":"https:\/\/www.ateti.pt\/loja\/wp-json\/wp\/v2\/media\/60354"}],"wp:attachment":[{"href":"https:\/\/www.ateti.pt\/loja\/wp-json\/wp\/v2\/media?parent=24397"}],"wp:term":[{"taxonomy":"product_brand","embeddable":true,"href":"https:\/\/www.ateti.pt\/loja\/wp-json\/wp\/v2\/product_brand?post=24397"},{"taxonomy":"product_cat","embeddable":true,"href":"https:\/\/www.ateti.pt\/loja\/wp-json\/wp\/v2\/product_cat?post=24397"},{"taxonomy":"product_tag","embeddable":true,"href":"https:\/\/www.ateti.pt\/loja\/wp-json\/wp\/v2\/product_tag?post=24397"},{"taxonomy":"woo-feed-brand","embeddable":true,"href":"https:\/\/www.ateti.pt\/loja\/wp-json\/wp\/v2\/woo-feed-brand?post=24397"}],"curies":[{"name":"wp","href":"https:\/\/api.w.org\/{rel}","templated":true}]}}