{"id":24324,"date":"2019-02-03T16:13:00","date_gmt":"2019-02-03T16:13:00","guid":{"rendered":"https:\/\/www.ateti.pt\/loja\/?post_type=product&#038;p=24324"},"modified":"2026-04-13T18:20:51","modified_gmt":"2026-04-13T17:20:51","slug":"creme-depilatorio-duche-veet-peles-sensiveis-150ml","status":"publish","type":"product","link":"https:\/\/www.ateti.pt\/loja\/produto\/creme-depilatorio-duche-veet-peles-sensiveis-150ml\/","title":{"rendered":"Creme Depilat\u00f3rio Duche Veet Peles Sens\u00edveis 150ml"},"content":{"rendered":"<h5>Creme Depilat\u00f3rio Duche Veet Peles Sens\u00edveis<\/h5>\n<p><strong>Quantidade:\u00a0<\/strong>150ml<\/p>\n<p><strong>Descri\u00e7\u00e3o:\u00a0<\/strong>Veet Creme Depilat\u00f3rio de Duche para Peles Sens\u00edveis \u00e9 enriquecido com Alo\u00e9 Vera e Vitamina E conhecidos pelas suas propriedades tranquilizantes.<\/p>\n<p>O Creme atua junto \u00e0 raiz, mesmo nos p\u00ealos mais curtos, deixando a tua pele suave ao toque. Al\u00e9m de depilar com efic\u00e1cia o Creme Depilat\u00f3rio Veet n\u00e3o s\u00f3 hidrata a sua pele at\u00e9 24 horas, como a f\u00f3rmula Silk &amp; Fresh\u2122 foi desenvolvida a partir de uma nova tecnologia de fragr\u00e2ncias, garantir a inexist\u00eancia de qualquer mau odor durante ou ap\u00f3s o processo de remo\u00e7\u00e3o de pelo.<\/p>\n<p>Obtenha uma pele sedosa, suave e deliciosamente perfumada em apenas 5 passos.<br \/>\nDesfrute de uma agrad\u00e1vel experi\u00eancia de depila\u00e7\u00e3o!<\/p>\n<p><strong>Ingredientes:\u00a0<\/strong>Aqua, Urea, Cetearyl Alcohol, Potassium Thioglycolate, Ceteareth-20, Calcium Hydroxide, VP\/Hexadecene Copolymer, PPG-15 Stearyl Ether, Paraffinum Liquidum, Parfum, Magnesium Trisilicate, Propylene Glycol, Lithium Magnesium Sodium Silicate, Sodium Gluconate, Tocopheryl Acetate, Aloe Barbadensis Leaf Juice, Hexyl Cinnamal, Linalool, Acrylates Copolymer, Butylphenyl Methylpropional, BHT, Potassium Sorbate, Sodium Benzoate, CI 77891.<\/p>\n<p><strong>Precau\u00e7\u00f5es:<\/strong><\/p>\n<p><strong>\u00a0<\/strong>\u2022 Guarde a embalagem exterior para consultar as precau\u00e7\u00f5es e instru\u00e7\u00f5es de utiliza\u00e7\u00e3o<br \/>\n\u2022 Leia e siga todas as precau\u00e7\u00f5es e instru\u00e7\u00f5es antes da respectiva utiliza\u00e7\u00e3o. N\u00e3o exceda os 6 minutos do tempo de aplica\u00e7\u00e3o total.<br \/>\n\u2022 Adequado para utiliza\u00e7\u00e3o nas pernas, bra\u00e7os, axilas e linha do biquini.<br \/>\n\u2022 N\u00e3o adequado para utiliza\u00e7\u00e3o na cabe\u00e7a, rosto, olhos, nariz, ouvidos, nas zonas perianais, genitais, seios ou quaiquer outras partes do corpo.<br \/>\n\u2022 N\u00c3O USE EM VARIZES, CICATRIZES, SINAIS, BORBULHAS, PELE MANCHADA, GRETADA, IRRITADA, QUEIMADA DO SOL OU EM PELE QUE TENHA SOFRIDO UMA REA\u00c7\u00c3O ADVERSA A CREMES DEPILAT\u00d3RIOS NO PASSADO. AGUARDE SEMPRE 72 HORAS ENTRE AS SESS\u00d5ES DE DEPILA\u00c7\u00c3O.<br \/>\n\u2022 Consulte o seu medico antes de utilizar este produto se sofrer de qualquer doen\u00e7a cut\u00e2nea ou se estiver a tomar medica\u00e7\u00e3o que possa afetar a pele.<br \/>\n\u2022 ANTES DE CADA UTILIZA\u00c7\u00c3O TESTE A REA\u00c7\u00c3O DA SUA PELE. APLIQUE O CREME E REMOVA-O NUMA PEQUENA PARTE DA \u00c1REA QUE DESEJA TRATAR, SEGUINDO AS INSTRU\u00c7\u00d5ES DE UTILIZA\u00c7\u00c3O. SE AP\u00d3S 24 HORAS N\u00c3O VERIFICAR QUALQUER REAC\u00c7\u00c3O ADVERSA, CONTINUE A UTILIZAR O PRODUTO.<br \/>\n\u2022 Se sentir qualquer tipo de ardor ou formigueiro durante a utiliza\u00e7\u00e3o do produto, remova-o imediatamente e lave abundantemente com \u00e1gua fria. Se a sensa\u00e7\u00e3o de ardor persistir consulte o seu m\u00e9dico.<br \/>\n\u2022 A pele pode estar mais sens\u00edvel durante um curto per\u00edodo de tempo ap\u00f3s a utiliza\u00e7\u00e3o, pelo que dever\u00e1 evitar co\u00e7ar.<br \/>\n\u2022 Ap\u00f3s a utiliza\u00e7\u00e3o do produto recomendamos que aguarde 24 HORAS antes de utilizar desodorizante ou outro produto perfumado, e de utilizar equipamento de bronzeamento artificial, tomar banho na piscina ou na praia ou apanhar sol.<br \/>\n\u2022 MANTER FOR A DO ALCANCE DAS CRIAN\u00c7AS. N\u00e3o ingerir. Em caso de ingest\u00e3o, procure aconselhamento m\u00e9dico de imediato e mostre a embalagem exterior. Evitar o contacto com os olhos. Em caso de contacto com os olhos, lavar imediata e abundantemente com \u00e1gua e consultar um m\u00e9dico especialista.<br \/>\n\u2022 Cont\u00e9m um agente alcalino e tioglic\u00f3lico.<br \/>\n\u2022 O produto pode tornar as superf\u00edcies escorregadias. Evitar deixar cair sobre tapetes, vestu\u00e1rio e pavimentos.<\/p>\n<p>Veja mais em <a href=\"https:\/\/www.ateti.pt\/loja\/categoria\/higiene-e-limpeza\/higiene\/\">Higiene<\/a><\/p>\n","protected":false},"excerpt":{"rendered":"<p>8.49\u20ac\/un.<\/p>\n","protected":false},"featured_media":60819,"comment_status":"open","ping_status":"closed","template":"","meta":{"_themeisle_gutenberg_block_has_review":false},"product_brand":[],"product_cat":[203,212,190,230,265],"product_tag":[],"woo-feed-brand":[],"class_list":{"0":"post-24324","1":"product","2":"type-product","3":"status-publish","4":"has-post-thumbnail","6":"product_cat-beleza-e-higiene","7":"product_cat-corpo","8":"product_cat-desinfetantes-e-limpeza","9":"product_cat-higiene-feminina","10":"product_cat-promocoes-outlet-ate-50-desconto-supermercado-online-ate-ti","11":"ts_product_brand-veet","13":"first","14":"instock","15":"sale","16":"taxable","17":"shipping-taxable","18":"purchasable","19":"product-type-simple"},"_links":{"self":[{"href":"https:\/\/www.ateti.pt\/loja\/wp-json\/wp\/v2\/product\/24324","targetHints":{"allow":["GET"]}}],"collection":[{"href":"https:\/\/www.ateti.pt\/loja\/wp-json\/wp\/v2\/product"}],"about":[{"href":"https:\/\/www.ateti.pt\/loja\/wp-json\/wp\/v2\/types\/product"}],"replies":[{"embeddable":true,"href":"https:\/\/www.ateti.pt\/loja\/wp-json\/wp\/v2\/comments?post=24324"}],"wp:featuredmedia":[{"embeddable":true,"href":"https:\/\/www.ateti.pt\/loja\/wp-json\/wp\/v2\/media\/60819"}],"wp:attachment":[{"href":"https:\/\/www.ateti.pt\/loja\/wp-json\/wp\/v2\/media?parent=24324"}],"wp:term":[{"taxonomy":"product_brand","embeddable":true,"href":"https:\/\/www.ateti.pt\/loja\/wp-json\/wp\/v2\/product_brand?post=24324"},{"taxonomy":"product_cat","embeddable":true,"href":"https:\/\/www.ateti.pt\/loja\/wp-json\/wp\/v2\/product_cat?post=24324"},{"taxonomy":"product_tag","embeddable":true,"href":"https:\/\/www.ateti.pt\/loja\/wp-json\/wp\/v2\/product_tag?post=24324"},{"taxonomy":"woo-feed-brand","embeddable":true,"href":"https:\/\/www.ateti.pt\/loja\/wp-json\/wp\/v2\/woo-feed-brand?post=24324"}],"curies":[{"name":"wp","href":"https:\/\/api.w.org\/{rel}","templated":true}]}}