{"id":24080,"date":"2021-01-29T18:19:35","date_gmt":"2021-01-29T17:19:35","guid":{"rendered":"https:\/\/www.ateti.pt\/loja\/?post_type=product&#038;p=24080"},"modified":"2026-03-27T14:41:35","modified_gmt":"2026-03-27T14:41:35","slug":"gel-banho-nourishing-silk-dove-720ml","status":"publish","type":"product","link":"https:\/\/www.ateti.pt\/loja\/produto\/gel-banho-nourishing-silk-dove-720ml\/","title":{"rendered":"Gel de Banho Nourishing Silk Dove 720ml"},"content":{"rendered":"<p><strong>Gel de Banho Nourishing Silk Dove<\/strong><\/p>\n<p><strong>Descri\u00e7\u00e3o:<\/strong><\/p>\n<p>Desfrute de uma pele radiosa, sedosa e lisa com <strong>Gel de Banho Nourishing Silk Dove.<\/strong><\/p>\n<div class=\"c-expandcollapse__desc\">\n<p>Pele radiosa e suave como seda<\/p>\n<p>Hidrata\u00e7\u00e3o e suavidade logo ap\u00f3s a primeira utiliza\u00e7\u00e3o<\/p>\n<p>Tecnologia NutriumMoisture\u2122 &#8211; devolve os nutrientes naturais da pele<\/p>\n<p>F\u00f3rmula leve e suave que n\u00e3o irrita a pele<\/p>\n<p>Ajuda a manter a hidrata\u00e7\u00e3o natural da pele durante o banho<\/p>\n<p>Adequado para uso di\u00e1rio<\/p>\n<\/div>\n<p>Uma pele radiante n\u00e3o \u00e9 algo que possa guardar para as ocasi\u00f5es especiais &#8211; voc\u00ea quer que essa pele radiosa se veja todos os dias. N\u00f3s acreditamos que o melhor gel de duche deve ajudar a deixar a pele brilhante e, por isso, cri\u00e1mos Dove Gel de Duche Nourishing Silk. Transforme o seu duche di\u00e1rio num momento \u00fanico de beleza. O gel de duche Dove Nourishing Silk \u00e9 uma requintada combina\u00e7\u00e3o de condicionadores suavizantes com a f\u00f3rmula NutriumMoisture\u2122 &#8211; a nossa fus\u00e3o \u00fanica de hidratantes enriquecidos com os l\u00edpidos naturais da pele que s\u00e3o absorvidos para nutrir a pele durante o duche. Aplique uma por\u00e7\u00e3o numa esponja de duche ou nas suas m\u00e3os e esfregue-as para criar uma espuma rica e cremosa. Massaje o seu corpo e, no final, enxague.<\/p>\n<p><strong>Ingredientes:<\/strong><\/p>\n<p>Aqua, Cocamidopropyl Betaine, Sodium Hydroxypropyl Starch Phosphate, Lauric Acid, Sodium Lauroyl Glycinate, Sodium Lauroyl Isethionate, Hydrogenated Soybean Oil, Sodium Chloride, Helianthus Annuus Hybrid Oil, Glycerin, Parfum, Guar Hydroxypropyltrimonium Chloride, Stearic Acid, Palmitic Acid, Sodium Isethionate, Citric Acid, Sodium Hydroxide, BHT, Tetrasodium EDTA, Butylene Glycol, DMDM Hydantoin, Sodium Benzoate, Iodopropynyl Butylcarbamate, Zinc Oxide, Alpha-Isomethyl Ionone, Benzyl Alcohol, Benzyl Salicylate, Butylphenyl Methylpropional, Citronellol, Hexyl Cinnamal, Limonene, Linalool, CI 17200, CI 19140, Ingredients correct at time of publishing. Always check product packaging<\/p>\n<p><strong>Quantidade:<\/strong> 720ml<\/p>\n<p>Veja mais em <a href=\"https:\/\/www.ateti.pt\/loja\/categoria\/higiene-e-limpeza\/higiene\/\">Higiene<\/a><\/p>\n","protected":false},"excerpt":{"rendered":"<p>8.32\u20ac\/lt<\/p>\n","protected":false},"featured_media":57051,"comment_status":"open","ping_status":"closed","template":"","meta":{"_themeisle_gutenberg_block_has_review":false},"product_brand":[],"product_cat":[203,212,190],"product_tag":[],"woo-feed-brand":[],"class_list":{"0":"post-24080","1":"product","2":"type-product","3":"status-publish","4":"has-post-thumbnail","6":"product_cat-beleza-e-higiene","7":"product_cat-corpo","8":"product_cat-desinfetantes-e-limpeza","9":"ts_product_brand-dove","11":"first","12":"instock","13":"taxable","14":"shipping-taxable","15":"purchasable","16":"product-type-simple"},"_links":{"self":[{"href":"https:\/\/www.ateti.pt\/loja\/wp-json\/wp\/v2\/product\/24080","targetHints":{"allow":["GET"]}}],"collection":[{"href":"https:\/\/www.ateti.pt\/loja\/wp-json\/wp\/v2\/product"}],"about":[{"href":"https:\/\/www.ateti.pt\/loja\/wp-json\/wp\/v2\/types\/product"}],"replies":[{"embeddable":true,"href":"https:\/\/www.ateti.pt\/loja\/wp-json\/wp\/v2\/comments?post=24080"}],"wp:featuredmedia":[{"embeddable":true,"href":"https:\/\/www.ateti.pt\/loja\/wp-json\/wp\/v2\/media\/57051"}],"wp:attachment":[{"href":"https:\/\/www.ateti.pt\/loja\/wp-json\/wp\/v2\/media?parent=24080"}],"wp:term":[{"taxonomy":"product_brand","embeddable":true,"href":"https:\/\/www.ateti.pt\/loja\/wp-json\/wp\/v2\/product_brand?post=24080"},{"taxonomy":"product_cat","embeddable":true,"href":"https:\/\/www.ateti.pt\/loja\/wp-json\/wp\/v2\/product_cat?post=24080"},{"taxonomy":"product_tag","embeddable":true,"href":"https:\/\/www.ateti.pt\/loja\/wp-json\/wp\/v2\/product_tag?post=24080"},{"taxonomy":"woo-feed-brand","embeddable":true,"href":"https:\/\/www.ateti.pt\/loja\/wp-json\/wp\/v2\/woo-feed-brand?post=24080"}],"curies":[{"name":"wp","href":"https:\/\/api.w.org\/{rel}","templated":true}]}}