{"id":240,"date":"2025-07-20T17:40:51","date_gmt":"2025-07-20T16:40:51","guid":{"rendered":"https:\/\/www.ateti.pt\/loja\/?post_type=product&#038;p=240"},"modified":"2025-10-28T17:00:21","modified_gmt":"2025-10-28T17:00:21","slug":"mars-mms-chocolate-45g","status":"publish","type":"product","link":"https:\/\/www.ateti.pt\/loja\/produto\/mars-mms-chocolate-45g\/","title":{"rendered":"M&amp;M&#8217;s Chocolate 45g"},"content":{"rendered":"<p>Chocolate M&amp;M\u2019s Chocolate 45g \u00e9 o\u00a0chocolate mais famoso e vendido no mundo! Estas pequenas drageias de amendoim M&amp;M\u2019S\u00ae s\u00e3o super divertidas e alegram qualquer ocasi\u00e3o!<br \/>\nUm delicioso chocolate de leite coberto com uma estaladi\u00e7a e colorida camada de a\u00e7\u00facar. Perfeitamente equilibrado para o sabor \u00fanico de M&amp;M\u2019s.<\/p>\n<p><strong>Quantidade:<\/strong> 45g<\/p>\n<p><strong>Ingredientes:<\/strong><\/p>\n<p>Chocolate de leite (69%) coberto de a\u00e7\u00facar (corado artificialmente) a\u00e7\u00facar, pasta de cacau, leite gordo em p\u00f3, manteiga de cacau, lactose, soro de leite em p\u00f3, amido, xarope de glucose, estabilizador (goma ar\u00e1bica), corantes*, emulsionante (lecitina de soja), dextrina, agente de revestimento (cera de carna\u00faba), \u00f3leo de c\u00f4co, aromatizante (extrato natural de baunilha) e sal.<\/p>\n<p>Pode conter: amendoim.<\/p>\n<p>* E100, E133, E160a, E160e, E162, E171, E172.<\/p>\n<p><strong>Valores nutricionais m\u00e9dios por 100g de produto:<\/strong><\/p>\n<p>Energia: 489Kcal, L\u00edpidos: 20.7g, dos quais saturadas: 12.7g, Hidratos de Carbono: 68.9g, dos quais a\u00e7\u00facares: 65.5g, Prote\u00ednas: 5.1g, Sal: 0.11g<\/p>\n<p><strong>Informa\u00e7\u00f5es gerais do produto:<\/strong><\/p>\n<p>Deve conservar o seu Chocolate M&amp;M\u2019s Chocolate 45g num local com temperatura ambiente.<\/p>\n<p><strong>Produtor:<\/strong><\/p>\n<p>Mars Portugal Tagus Space- Rua Rui Teles Palhinha,6 piso 2 &#8211; Lei\u00e3o 2740-278 Porto Salvo<\/p>\n<p>&nbsp;<\/p>\n<p>Para ver mais produtos como este v\u00e1 a\u00a0<a href=\"https:\/\/www.ateti.pt\/loja\/categoria\/ate-ti-negocios\/alimentacao-office\/chocolates-bolachas\/\">Chocolates e Bolachas<\/a>.<\/p>\n<p>Pode ainda encontrar no At\u00e9 Ti produtos com descontos at\u00e9 50% na Categoria\u00a0<a href=\"https:\/\/www.ateti.pt\/loja\/categoria\/outlet-ate-50\/\">Outlet ate 50%<\/a>.<\/p>\n<p>Fa\u00e7a as suas compras no seu supermercado online At\u00e9 Ti e receba a sua encomenda comodamente em casa, no trabalho ou onde quiser.<\/p>\n<div class=\"row\">\n<div class=\"col-xs-6 pull-left\"><\/div>\n<\/div>\n","protected":false},"excerpt":{"rendered":"<p>15.82\u20ac\/kg<\/p>\n<h3>Descri\u00e7\u00e3o<\/h3>\n<p>O chocolate mais famoso e vendido no mundo! Estas pequenas drageias de amendoim M&amp;M\u2019S\u00ae s\u00e3o super divertidas e alegram qualquer ocasi\u00e3o!<br \/>\nUm delicioso chocolate de leite coberto com uma estaladi\u00e7a e colorida camada de a\u00e7ucar. Perfeitamente equilibrado para o sabor \u00fanico de M&amp;M\u2019s.<\/p>\n","protected":false},"featured_media":60559,"comment_status":"closed","ping_status":"closed","template":"","meta":{"_themeisle_gutenberg_block_has_review":false},"product_brand":[],"product_cat":[542,250,688,25,144,132],"product_tag":[],"woo-feed-brand":[],"class_list":{"0":"post-240","1":"product","2":"type-product","3":"status-publish","4":"has-post-thumbnail","6":"product_cat-alimentacao-office","7":"product_cat-ate-ti-negocios","8":"product_cat-chocolates-bolachas","9":"product_cat-chocolates","10":"product_cat-chocolates-biscoitos-e-cereais","11":"product_cat-mercearia","12":"ts_product_brand-mms","14":"first","15":"instock","16":"taxable","17":"shipping-taxable","18":"purchasable","19":"product-type-simple"},"_links":{"self":[{"href":"https:\/\/www.ateti.pt\/loja\/wp-json\/wp\/v2\/product\/240","targetHints":{"allow":["GET"]}}],"collection":[{"href":"https:\/\/www.ateti.pt\/loja\/wp-json\/wp\/v2\/product"}],"about":[{"href":"https:\/\/www.ateti.pt\/loja\/wp-json\/wp\/v2\/types\/product"}],"replies":[{"embeddable":true,"href":"https:\/\/www.ateti.pt\/loja\/wp-json\/wp\/v2\/comments?post=240"}],"wp:featuredmedia":[{"embeddable":true,"href":"https:\/\/www.ateti.pt\/loja\/wp-json\/wp\/v2\/media\/60559"}],"wp:attachment":[{"href":"https:\/\/www.ateti.pt\/loja\/wp-json\/wp\/v2\/media?parent=240"}],"wp:term":[{"taxonomy":"product_brand","embeddable":true,"href":"https:\/\/www.ateti.pt\/loja\/wp-json\/wp\/v2\/product_brand?post=240"},{"taxonomy":"product_cat","embeddable":true,"href":"https:\/\/www.ateti.pt\/loja\/wp-json\/wp\/v2\/product_cat?post=240"},{"taxonomy":"product_tag","embeddable":true,"href":"https:\/\/www.ateti.pt\/loja\/wp-json\/wp\/v2\/product_tag?post=240"},{"taxonomy":"woo-feed-brand","embeddable":true,"href":"https:\/\/www.ateti.pt\/loja\/wp-json\/wp\/v2\/woo-feed-brand?post=240"}],"curies":[{"name":"wp","href":"https:\/\/api.w.org\/{rel}","templated":true}]}}