{"id":23740,"date":"2023-11-28T16:40:18","date_gmt":"2023-11-28T16:40:18","guid":{"rendered":"https:\/\/www.ateti.pt\/loja\/?post_type=product&#038;p=23740"},"modified":"2026-02-27T15:17:47","modified_gmt":"2026-02-27T15:17:47","slug":"ristretto-nespresso-200-capsulas-20cx-x-10cap-bonini","status":"publish","type":"product","link":"https:\/\/www.ateti.pt\/loja\/produto\/ristretto-nespresso-200-capsulas-20cx-x-10cap-bonini\/","title":{"rendered":"Caf\u00e9 Ristretto Nespresso 200 C\u00e1psulas (20&#215;10 C\u00e1psulas) Bonini"},"content":{"rendered":"<p><strong>C\u00e1psulas de Caf\u00e9 Ristretto Bonini Nespresso<\/strong><\/p>\n<p><strong>Intensidade<\/strong>: 8<br \/>\n<strong>Quantidade:<\/strong> 200 c\u00e1psulas de caf\u00e9<\/p>\n<p>C\u00e1psulas de caf\u00e9 Ristretto Bonini compat\u00edvel com m\u00e1quinas de caf\u00e9 Nespresso \u00e9 dedicada a todos os amantes de caf\u00e9 italiano. Boa corposidade, aroma forte e prolongado, s\u00e3o caracter\u00edsticas conseguidas pelo processo de torrefa\u00e7\u00e3o lento e separado dos gr\u00e3os. Notas de chocolate preto ecoam agradavelmente entre o nariz e o palato. O sabor das c\u00e1psulas de caf\u00e9 Ristretto \u00e9 verdadeiramente \u00fanico!<\/p>\n<p>V\u00ea mais em <a href=\"https:\/\/www.ateti.pt\/loja\/categoria\/cafe-em-capsula\/capsulas-nespresso\/\">C\u00e1psulas Nespresso<\/a><\/p>\n<p><strong>Ficha t\u00e9cnica<\/strong><\/p>\n<div class=\"row\">\n<div class=\"col-xs-6 pull-left\">\n<div class=\"panel panel-default\">\n<table class=\"table table-bordered\">\n<tbody>\n<tr>\n<td colspan=\"2\">Armazenar em local seco \u00e0 temperatura ambiente<\/td>\n<\/tr>\n<tr>\n<th width=\"30%\">Ingredientes<\/th>\n<td>Caf\u00e9 torrado mo\u00eddo.<\/td>\n<\/tr>\n<tr>\n<th>Produtor<\/th>\n<td>Caff\u00e8 Bonini S.r.l.<\/td>\n<\/tr>\n<tr>\n<th width=\"30%\">Alerg\u00e9nios<\/th>\n<td>Embalado em atmosfera protegida.<\/td>\n<\/tr>\n<tr>\n<th>Peso l\u00edquido<\/th>\n<td>5,50 gr\u00a0<span class=\"peso\">\u212e<\/span><\/td>\n<\/tr>\n<\/tbody>\n<\/table>\n<\/div>\n<\/div>\n<\/div>\n","protected":false},"excerpt":{"rendered":"<p>0,16\u20ac\/unidade<br \/>\n<strong>Intensidade<\/strong>: 8<br \/>\n<strong>Quantidade:<\/strong> 200 c\u00e1psulas de caf\u00e9<\/p>\n","protected":false},"featured_media":60337,"comment_status":"closed","ping_status":"closed","template":"","meta":{"_themeisle_gutenberg_block_has_review":false},"product_brand":[],"product_cat":[250,692,694,117,140,256,578,787],"product_tag":[],"woo-feed-brand":[756],"class_list":{"0":"post-23740","1":"product","2":"type-product","3":"status-publish","4":"has-post-thumbnail","6":"product_cat-ate-ti-negocios","7":"product_cat-cafe","8":"product_cat-cafe-capsulas","9":"product_cat-cafe-em-capsula","10":"product_cat-capsulas-nespresso","11":"product_cat-compativeis-cafe-em-capsula","12":"product_cat-cafe-grandes-formatos","13":"product_cat-promocao-bonini","14":"ts_product_brand-bonini","15":"woo-feed-brand-bonini","17":"first","18":"instock","19":"sale","20":"taxable","21":"shipping-taxable","22":"purchasable","23":"product-type-simple"},"_links":{"self":[{"href":"https:\/\/www.ateti.pt\/loja\/wp-json\/wp\/v2\/product\/23740","targetHints":{"allow":["GET"]}}],"collection":[{"href":"https:\/\/www.ateti.pt\/loja\/wp-json\/wp\/v2\/product"}],"about":[{"href":"https:\/\/www.ateti.pt\/loja\/wp-json\/wp\/v2\/types\/product"}],"replies":[{"embeddable":true,"href":"https:\/\/www.ateti.pt\/loja\/wp-json\/wp\/v2\/comments?post=23740"}],"wp:featuredmedia":[{"embeddable":true,"href":"https:\/\/www.ateti.pt\/loja\/wp-json\/wp\/v2\/media\/60337"}],"wp:attachment":[{"href":"https:\/\/www.ateti.pt\/loja\/wp-json\/wp\/v2\/media?parent=23740"}],"wp:term":[{"taxonomy":"product_brand","embeddable":true,"href":"https:\/\/www.ateti.pt\/loja\/wp-json\/wp\/v2\/product_brand?post=23740"},{"taxonomy":"product_cat","embeddable":true,"href":"https:\/\/www.ateti.pt\/loja\/wp-json\/wp\/v2\/product_cat?post=23740"},{"taxonomy":"product_tag","embeddable":true,"href":"https:\/\/www.ateti.pt\/loja\/wp-json\/wp\/v2\/product_tag?post=23740"},{"taxonomy":"woo-feed-brand","embeddable":true,"href":"https:\/\/www.ateti.pt\/loja\/wp-json\/wp\/v2\/woo-feed-brand?post=23740"}],"curies":[{"name":"wp","href":"https:\/\/api.w.org\/{rel}","templated":true}]}}