{"id":23698,"date":"2021-01-21T12:33:03","date_gmt":"2021-01-21T11:33:03","guid":{"rendered":"https:\/\/www.ateti.pt\/loja\/?post_type=product&#038;p=23698"},"modified":"2023-10-09T11:33:26","modified_gmt":"2023-10-09T10:33:26","slug":"alcool-etilico-sanitario-70-amanhecer-250ml","status":"publish","type":"product","link":"https:\/\/www.ateti.pt\/loja\/produto\/alcool-etilico-sanitario-70-amanhecer-250ml\/","title":{"rendered":"\u00c1lcool Et\u00edlico Sanit\u00e1rio 70% Amanhecer 250ml"},"content":{"rendered":"<h5>\u00c1lcool Et\u00edlico Sanit\u00e1rio 70% Amanhecer<\/h5>\n<p>Quantidade: 250ml<\/p>\n<p><strong>Composi\u00e7\u00e3o:<\/strong> Etanol 70% vol. parcialmente desnaturado. Cetrimida (desnaturante): 0.25 a 0.30% p\/v.<\/p>\n<p><strong>Indica\u00e7\u00f5es:<\/strong> Antiss\u00e9ptico e desinfetante.<\/p>\n<p><strong>Modo de utiliza\u00e7\u00e3o:<\/strong> Aplicar sobre a pele ou objetos como desinfetante. Destr\u00f3i e impede a forma\u00e7\u00e3o de bact\u00e9rias.<\/p>\n<p><strong>Precau\u00e7\u00f5es:<\/strong> Se for necess\u00e1rio consultar um m\u00e9dico, mostre-lhe a embalagem ou o r\u00f3tulo. Manter fora do alcance das crian\u00e7as. Manter afastado do calor, superf\u00edcies quentes, fa\u00edscas, chamas abertas e outras fontes de igni\u00e7\u00e3o. N\u00e3o fumar. Lavar cuidadosamente as m\u00e3os ap\u00f3s manuseamento. Usar luvas de prote\u00e7\u00e3o\/vestu\u00e1rio de prote\u00e7\u00e3o\/prote\u00e7\u00e3o ocular\/ prote\u00e7\u00e3o facial.<\/p>\n<p>Se entrar em contacto com os olhos : Enxaguar cuidadosamente com \u00e1gua durante v\u00e1rios minutos. Se usar lentes de contacto, retire-as, se tal lhe for poss\u00edvel, continue a enxaguar.<\/p>\n<p>Veja mais em <a href=\"https:\/\/www.ateti.pt\/loja\/categoria\/higiene-e-limpeza\/higiene\/\">Higiene<\/a><\/p>\n","protected":false},"excerpt":{"rendered":"<p>4.76\u20ac\/lt<\/p>\n","protected":false},"featured_media":57052,"comment_status":"closed","ping_status":"closed","template":"","meta":{"_themeisle_gutenberg_block_has_review":false},"product_brand":[],"product_cat":[203,212,243,224,190],"product_tag":[],"woo-feed-brand":[],"class_list":{"0":"post-23698","1":"product","2":"type-product","3":"status-publish","4":"has-post-thumbnail","6":"product_cat-beleza-e-higiene","7":"product_cat-corpo","8":"product_cat-covid-19","9":"product_cat-desinfetantes","10":"product_cat-desinfetantes-e-limpeza","11":"ts_product_brand-amanhecer","13":"first","14":"instock","15":"taxable","16":"shipping-taxable","17":"purchasable","18":"product-type-simple"},"_links":{"self":[{"href":"https:\/\/www.ateti.pt\/loja\/wp-json\/wp\/v2\/product\/23698","targetHints":{"allow":["GET"]}}],"collection":[{"href":"https:\/\/www.ateti.pt\/loja\/wp-json\/wp\/v2\/product"}],"about":[{"href":"https:\/\/www.ateti.pt\/loja\/wp-json\/wp\/v2\/types\/product"}],"replies":[{"embeddable":true,"href":"https:\/\/www.ateti.pt\/loja\/wp-json\/wp\/v2\/comments?post=23698"}],"wp:featuredmedia":[{"embeddable":true,"href":"https:\/\/www.ateti.pt\/loja\/wp-json\/wp\/v2\/media\/57052"}],"wp:attachment":[{"href":"https:\/\/www.ateti.pt\/loja\/wp-json\/wp\/v2\/media?parent=23698"}],"wp:term":[{"taxonomy":"product_brand","embeddable":true,"href":"https:\/\/www.ateti.pt\/loja\/wp-json\/wp\/v2\/product_brand?post=23698"},{"taxonomy":"product_cat","embeddable":true,"href":"https:\/\/www.ateti.pt\/loja\/wp-json\/wp\/v2\/product_cat?post=23698"},{"taxonomy":"product_tag","embeddable":true,"href":"https:\/\/www.ateti.pt\/loja\/wp-json\/wp\/v2\/product_tag?post=23698"},{"taxonomy":"woo-feed-brand","embeddable":true,"href":"https:\/\/www.ateti.pt\/loja\/wp-json\/wp\/v2\/woo-feed-brand?post=23698"}],"curies":[{"name":"wp","href":"https:\/\/api.w.org\/{rel}","templated":true}]}}