{"id":236,"date":"2021-11-08T02:05:15","date_gmt":"2021-11-08T02:05:15","guid":{"rendered":"https:\/\/www.ateti.pt\/loja\/?post_type=product&#038;p=236"},"modified":"2025-11-11T10:32:45","modified_gmt":"2025-11-11T10:32:45","slug":"chocolate-maltesers-37gr","status":"publish","type":"product","link":"https:\/\/www.ateti.pt\/loja\/produto\/chocolate-maltesers-37gr\/","title":{"rendered":"Chocolate Maltesers 37g"},"content":{"rendered":"<p>Chocolate Maltesers 37g \u00e9 um chocolates em forma de bola, com recheio leve e crocante. Para provar e partilhar!<\/p>\n<p><strong>Quantidade:<\/strong> 37g<\/p>\n<p><strong>Ingredientes do produto:<\/strong><\/p>\n<p>A\u00e7\u00facar, leite magro em p\u00f3, manteiga de cacau, xarope de glucose, extrato de malte cevada, pasta de cacau, gordura do leite, lactose, soro de leite em p\u00f3, \u00f3leo de palmeira, farinha de trigo, emulsionante (lecitina de soja), agentes levedantes*, agente de revestimento (pectina), sal, extrato natural de baunilha. *E341, E500, E501<\/p>\n<p><strong>Valores nutricionais m\u00e9dios por 100g de produto:<\/strong><\/p>\n<p>Energia: 2094 kj \/ 500 kcal; l\u00edpidos: 24,3 g, dos quais \u00e1cidos gordos saturados: 15,2 g; hidratos de carbono: 61,5 g, dos quais a\u00e7\u00facares: 51,9 g; prote\u00ednas: 8,3 g; sal: 0,43 g;<\/p>\n<p><strong>Informa\u00e7\u00f5es gerais do produto:<\/strong><\/p>\n<p>Deve conservar o seu Chocolate Maltesers 37g num local com temperatura ambiente.<\/p>\n<p><strong>Produtor:<\/strong><\/p>\n<p>MARS PORTUGAL, INC. pt: R. Rui Teles Palhinha, 6 \u2013 Piso 2 Tagus Space \u2013 Lei\u00e3o 2740-278 PORTO SALVO<\/p>\n<p>&nbsp;<\/p>\n<p>Para ver mais produtos como este v\u00e1 a\u00a0<a href=\"https:\/\/www.ateti.pt\/loja\/categoria\/ate-ti-negocios\/alimentacao-office\/chocolates-bolachas\/\">Chocolates e Bolachas<\/a>.<\/p>\n<p>Pode ainda encontrar no At\u00e9 Ti produtos com descontos at\u00e9 50% na Categoria\u00a0<a href=\"https:\/\/www.ateti.pt\/loja\/categoria\/outlet-ate-50\/\">Outlet ate 50%<\/a>.<\/p>\n<p>Fa\u00e7a as suas compras no seu supermercado online At\u00e9 Ti e receba a sua encomenda comodamente em casa, no trabalho ou onde quiser.<\/p>\n<div class=\"row\">\n<div class=\"col-xs-6 pull-left\"><\/div>\n<\/div>\n","protected":false},"excerpt":{"rendered":"<p>21.35\u20ac\/kg<\/p>\n<h3>Descri\u00e7\u00e3o<\/h3>\n<p>Chocolates em forma de bola, com recheio leve e crocante. Para provar e partilhar!<\/p>\n","protected":false},"featured_media":60558,"comment_status":"closed","ping_status":"closed","template":"","meta":{"_themeisle_gutenberg_block_has_review":false},"product_brand":[],"product_cat":[542,250,688,25,144,132],"product_tag":[],"woo-feed-brand":[],"class_list":{"0":"post-236","1":"product","2":"type-product","3":"status-publish","4":"has-post-thumbnail","6":"product_cat-alimentacao-office","7":"product_cat-ate-ti-negocios","8":"product_cat-chocolates-bolachas","9":"product_cat-chocolates","10":"product_cat-chocolates-biscoitos-e-cereais","11":"product_cat-mercearia","12":"ts_product_brand-maltesers","14":"first","15":"instock","16":"taxable","17":"shipping-taxable","18":"purchasable","19":"product-type-simple"},"_links":{"self":[{"href":"https:\/\/www.ateti.pt\/loja\/wp-json\/wp\/v2\/product\/236","targetHints":{"allow":["GET"]}}],"collection":[{"href":"https:\/\/www.ateti.pt\/loja\/wp-json\/wp\/v2\/product"}],"about":[{"href":"https:\/\/www.ateti.pt\/loja\/wp-json\/wp\/v2\/types\/product"}],"replies":[{"embeddable":true,"href":"https:\/\/www.ateti.pt\/loja\/wp-json\/wp\/v2\/comments?post=236"}],"wp:featuredmedia":[{"embeddable":true,"href":"https:\/\/www.ateti.pt\/loja\/wp-json\/wp\/v2\/media\/60558"}],"wp:attachment":[{"href":"https:\/\/www.ateti.pt\/loja\/wp-json\/wp\/v2\/media?parent=236"}],"wp:term":[{"taxonomy":"product_brand","embeddable":true,"href":"https:\/\/www.ateti.pt\/loja\/wp-json\/wp\/v2\/product_brand?post=236"},{"taxonomy":"product_cat","embeddable":true,"href":"https:\/\/www.ateti.pt\/loja\/wp-json\/wp\/v2\/product_cat?post=236"},{"taxonomy":"product_tag","embeddable":true,"href":"https:\/\/www.ateti.pt\/loja\/wp-json\/wp\/v2\/product_tag?post=236"},{"taxonomy":"woo-feed-brand","embeddable":true,"href":"https:\/\/www.ateti.pt\/loja\/wp-json\/wp\/v2\/woo-feed-brand?post=236"}],"curies":[{"name":"wp","href":"https:\/\/api.w.org\/{rel}","templated":true}]}}