{"id":23397,"date":"2021-01-15T13:40:47","date_gmt":"2021-01-15T12:40:47","guid":{"rendered":"https:\/\/www.ateti.pt\/loja\/?post_type=product&#038;p=23397"},"modified":"2024-02-09T17:59:30","modified_gmt":"2024-02-09T17:59:30","slug":"vinho-tinto-box-5l-capa-rosa","status":"publish","type":"product","link":"https:\/\/www.ateti.pt\/loja\/produto\/vinho-tinto-box-5l-capa-rosa\/","title":{"rendered":"Vinho Tinto Box 5L Capa Rosa"},"content":{"rendered":"<h5><strong>Vinho Tinto Box 5L Capa Rosa<\/strong><\/h5>\n<p><strong>Quantidade:\u00a0<\/strong>5 Litros<\/p>\n<p><strong>Descri\u00e7\u00e3o:\u00a0<\/strong>\u00c9 um vinho com um excelente sabor e aroma delicado, selecionado entre os melhores da \u00faltima colheita e sujeito a um rigoroso controlo de qualidade.<br \/>\n\u00c9 arom\u00e1tico, frutado, complexo, longo e elegante.<br \/>\nVisualmente apresenta uma bela cor rubi.<\/p>\n<p>Ideal para acompanhar carnes vermelhas, ca\u00e7a e queijos \u00e9 o complemento perfeito de uma boa refei\u00e7\u00e3o.<\/p>\n<p>Teor Alco\u00f3lico: 11,5% vol.<br \/>\nAcidez total: &gt; 3,5 g \u00e1c. Tart\u00e1rico\/L<br \/>\nSulfuroso total: &lt;150 mg\/L<\/p>\n<p>Deve ser servido \u00e0 temperatura de 17\u00baC.<\/p>\n<p>Alerg\u00e9nios: Cont\u00e9m sulfitos e di\u00f3xido de enxofre.<\/p>\n<p>Veja mais em <a href=\"https:\/\/www.ateti.pt\/loja\/categoria\/bebidas\/vinhos-e-licores\/\">Vinhos e Licores<\/a><\/p>\n","protected":false},"excerpt":{"rendered":"<p>1,24\u20ac\/lt<\/p>\n","protected":false},"featured_media":60824,"comment_status":"open","ping_status":"closed","template":"","meta":{"_themeisle_gutenberg_block_has_review":false},"product_brand":[],"product_cat":[158,173,621],"product_tag":[],"woo-feed-brand":[],"class_list":{"0":"post-23397","1":"product","2":"type-product","3":"status-publish","4":"has-post-thumbnail","6":"product_cat-bebidas","7":"product_cat-garrafeira","8":"product_cat-vinho-tinto","9":"pa_tipologia-vinho-bag-in-box","10":"pa_tipologia-vinho-vinho-tinto","12":"first","13":"instock","14":"sale","15":"taxable","16":"shipping-taxable","17":"purchasable","18":"product-type-simple"},"_links":{"self":[{"href":"https:\/\/www.ateti.pt\/loja\/wp-json\/wp\/v2\/product\/23397","targetHints":{"allow":["GET"]}}],"collection":[{"href":"https:\/\/www.ateti.pt\/loja\/wp-json\/wp\/v2\/product"}],"about":[{"href":"https:\/\/www.ateti.pt\/loja\/wp-json\/wp\/v2\/types\/product"}],"replies":[{"embeddable":true,"href":"https:\/\/www.ateti.pt\/loja\/wp-json\/wp\/v2\/comments?post=23397"}],"wp:featuredmedia":[{"embeddable":true,"href":"https:\/\/www.ateti.pt\/loja\/wp-json\/wp\/v2\/media\/60824"}],"wp:attachment":[{"href":"https:\/\/www.ateti.pt\/loja\/wp-json\/wp\/v2\/media?parent=23397"}],"wp:term":[{"taxonomy":"product_brand","embeddable":true,"href":"https:\/\/www.ateti.pt\/loja\/wp-json\/wp\/v2\/product_brand?post=23397"},{"taxonomy":"product_cat","embeddable":true,"href":"https:\/\/www.ateti.pt\/loja\/wp-json\/wp\/v2\/product_cat?post=23397"},{"taxonomy":"product_tag","embeddable":true,"href":"https:\/\/www.ateti.pt\/loja\/wp-json\/wp\/v2\/product_tag?post=23397"},{"taxonomy":"woo-feed-brand","embeddable":true,"href":"https:\/\/www.ateti.pt\/loja\/wp-json\/wp\/v2\/woo-feed-brand?post=23397"}],"curies":[{"name":"wp","href":"https:\/\/api.w.org\/{rel}","templated":true}]}}