{"id":23326,"date":"2021-07-04T15:58:48","date_gmt":"2021-07-04T14:58:48","guid":{"rendered":"https:\/\/www.ateti.pt\/loja\/?post_type=product&#038;p=23326"},"modified":"2025-12-11T13:08:56","modified_gmt":"2025-12-11T13:08:56","slug":"coca-cola-zero-1l","status":"publish","type":"product","link":"https:\/\/www.ateti.pt\/loja\/produto\/coca-cola-zero-1l\/","title":{"rendered":"Coca Cola Zero 1L"},"content":{"rendered":"<p>Coca Cola Zero 1L<\/p>\n<h4><strong>Quantidade: <\/strong>1L<\/h4>\n<h4><strong>Descri\u00e7\u00e3o:\u00a0<\/strong><\/h4>\n<p>Nada como o sabor aut\u00eantico de uma Coca-Cola bem fria para tornar qualquer momento ainda mais especial. Com todo o sabor original de Coca-Cola, sem a\u00e7\u00facar e sem calorias. A tua Coca-Cola ainda mais refrescante, com muito mais gelo e uma rodela de lima ou lim\u00e3o.<\/p>\n<p>A Coca-Cola Zero tem o cond\u00e3o de transformar os momentos mais banais em algo memor\u00e1vel. Momentos contigo e os teus amigos, \u00e0 volta de uma mesa, numa esplanada concorrida ou num piquenique improvisado, a celebrar a vida com uma Coca-Cola na m\u00e3o. A celebrar, porque basta um raio de sol, mesmo o mais t\u00e9nue, para te fazer desejar viver plenamente e querer guardar cada segundo para mais tarde recordares.<\/p>\n<p>S\u00e3o destes momentos e destas mil sensa\u00e7\u00f5es que a\u00a0<a>Coca-Cola <\/a>\u00e9 feita. \u00c9 feita de ti e dos teus amigos e dos vossos encontros e paix\u00f5es. \u00c9 feita de todos aqueles que sabem que a vida merece ser saboreada intensamente e que todos os momentos, mesmos todos, s\u00e3o dignos de celebra\u00e7\u00e3o. Por isso, celebremos!<\/p>\n<p>Para qualquer altura do dia ou celebra\u00e7\u00e3o, sozinho ou acompanhado a Coca-Cola Zero A\u00e7\u00facar 1L \u00e9 perfeita.<\/p>\n<p>Assim, a\u00a0\u00a0<a>Coca Cola <\/a>\u00e9 perfeita para todos os que querem continuar a desfrutar o\u00a0<a>sabor Coca-Cola<\/a>, mas com\u00a0<a>Zero A\u00e7\u00facar<\/a>.<\/p>\n<p>Sem a\u00e7\u00facar. Sem calorias. Desfruta da tua bebida favorita sem desculpas.<\/p>\n<p>Para juntos alcan\u00e7armos um mundo mais sustent\u00e1vel.<b>\u00a0<\/b>Lembra-te de colocar esta embalagem vazia no ecoponto amarelo.\u00a0<b>Embalagem 100% recicl\u00e1vel.<\/b><\/p>\n<p><b>Embalagem fabricada com pelo menos 25% de material reciclado.<\/b>\u00a0Juntos, cuidamos do meio ambiente.<\/p>\n<h4><strong><span class=\"label\">Ingredientes: <\/span><\/strong><span id=\"ingredientStatement\">\u00c1gua, di\u00f3xido de carbono, corante caramelo E-150d, edulcorantes: ciclamato de s\u00f3dio, acessulfame K e aspartame, acidificante \u00e1cido fosf\u00f3rico, aromas naturais (incluindo cafe\u00edna) e regulador de acidez citrato de s\u00f3dio. Cont\u00e9m uma fonte de fenilalanina.<\/span><\/h4>\n<h4><strong>Valores nutricionais:\u00a0<\/strong>Energia: 0,9kj\/0,2kcal; L\u00edpidos: 0g, dos quais saturados:0g; Hidratos de carbono: 0g, dos quais a\u00e7\u00facares:0g; Prote\u00ednas:0g; Sal:0,02g.<\/h4>\n<p>Veja mais em <a href=\"https:\/\/www.ateti.pt\/loja\/categoria\/bebidas\/sumos\/\">Sumos\u00a0<\/a><\/p>\n","protected":false},"excerpt":{"rendered":"<p>1.59\u20ac\/litro<\/p>\n<p>Nada como o sabor aut\u00eantico de uma Coca-Cola bem fria para tornar qualquer momento ainda mais especial. Com todo o sabor original de Coca-Cola, sem a\u00e7\u00facar e sem calorias. A tua Coca-Cola ainda mais refrescante, com muito mais gelo e uma rodela de lima ou lim\u00e3o.<\/p>\n","protected":false},"featured_media":31855,"comment_status":"closed","ping_status":"closed","template":"","meta":{"_themeisle_gutenberg_block_has_review":false},"product_brand":[],"product_cat":[158,159],"product_tag":[],"woo-feed-brand":[],"class_list":{"0":"post-23326","1":"product","2":"type-product","3":"status-publish","4":"has-post-thumbnail","6":"product_cat-bebidas","7":"product_cat-sumos","8":"ts_product_brand-coca-cola","10":"first","11":"instock","12":"taxable","13":"shipping-taxable","14":"purchasable","15":"product-type-simple"},"_links":{"self":[{"href":"https:\/\/www.ateti.pt\/loja\/wp-json\/wp\/v2\/product\/23326","targetHints":{"allow":["GET"]}}],"collection":[{"href":"https:\/\/www.ateti.pt\/loja\/wp-json\/wp\/v2\/product"}],"about":[{"href":"https:\/\/www.ateti.pt\/loja\/wp-json\/wp\/v2\/types\/product"}],"replies":[{"embeddable":true,"href":"https:\/\/www.ateti.pt\/loja\/wp-json\/wp\/v2\/comments?post=23326"}],"wp:featuredmedia":[{"embeddable":true,"href":"https:\/\/www.ateti.pt\/loja\/wp-json\/wp\/v2\/media\/31855"}],"wp:attachment":[{"href":"https:\/\/www.ateti.pt\/loja\/wp-json\/wp\/v2\/media?parent=23326"}],"wp:term":[{"taxonomy":"product_brand","embeddable":true,"href":"https:\/\/www.ateti.pt\/loja\/wp-json\/wp\/v2\/product_brand?post=23326"},{"taxonomy":"product_cat","embeddable":true,"href":"https:\/\/www.ateti.pt\/loja\/wp-json\/wp\/v2\/product_cat?post=23326"},{"taxonomy":"product_tag","embeddable":true,"href":"https:\/\/www.ateti.pt\/loja\/wp-json\/wp\/v2\/product_tag?post=23326"},{"taxonomy":"woo-feed-brand","embeddable":true,"href":"https:\/\/www.ateti.pt\/loja\/wp-json\/wp\/v2\/woo-feed-brand?post=23326"}],"curies":[{"name":"wp","href":"https:\/\/api.w.org\/{rel}","templated":true}]}}