{"id":232,"date":"2025-05-08T12:24:02","date_gmt":"2025-05-08T11:24:02","guid":{"rendered":"https:\/\/www.ateti.pt\/loja\/?post_type=product&#038;p=232"},"modified":"2025-10-20T13:00:14","modified_gmt":"2025-10-20T12:00:14","slug":"chocolate-snickers-50gr","status":"publish","type":"product","link":"https:\/\/www.ateti.pt\/loja\/produto\/chocolate-snickers-50gr\/","title":{"rendered":"Chocolate Snickers 50g"},"content":{"rendered":"<p>Chocolate Snickers 50g, o poder do amendoim, combinado com o nougat e caramelo e cobertos com o melhor chocolate de leite.<br \/>\nSnickers \u00e9 a barra de chocolate que te d\u00e1 energia para enfrentares todos os desafios. Ideal para aqueles momentos em que tens fome e est\u00e1s fora de casa, Snickers \u00e9 a forma mais pr\u00e1tica e saborosa de repores energias e regressares \u00e0 tua melhor forma.<\/p>\n<p>Quantidade: 50g<\/p>\n<p><strong>Ingredientes:\u00a0<\/strong><\/p>\n<p>A\u00e7ucar, xarope de glucose, amendoins, leite magro em p\u00f3, manteiga de cacau, pasta de cacau, lactose, \u00f3leo de girassol, gordura do leite, soro de leite em p\u00f3, \u00f3leo de palmeira, sal, emulsionante (lecitina de soja), clara de ovo em p\u00f3, \u00f3leo de c\u00f4co, prote\u00edna de leite hidrolisada, extrato natural de baunilha. Pode conter: avel\u00e3.<\/p>\n<p><strong>Valores nutricionais por 100 g de produto:<\/strong><\/p>\n<p>Energia: 2026 kJ \/ 484 kcal; l\u00edpidos: 22,9 g, dos quais \u00e1cidos gordos saturados: 8,4 g; hidratos de carbono: 60,2 g, dos quais a\u00e7\u00facares: 51,6 g; fibra: 0 g; prote\u00ednas: 8,7 g; sal: 0,63 g<\/p>\n<p><strong>Informa\u00e7\u00f5es gerais:<\/strong><\/p>\n<p>Deve conservar o seu Chocolate Snickers 50g num local fresco e seco.<\/p>\n<p>&nbsp;<\/p>\n<p>Veja mais em\u00a0<a href=\"https:\/\/www.ateti.pt\/loja\/categoria\/ate-ti-negocios\/alimentacao-office\/chocolates-bolachas\/\" target=\"_blank\" rel=\"noopener\">Chocolates e Bolacha<\/a>s na Categoria At\u00e9 Ti Neg\u00f3cios.<\/p>\n<p>Pode ainda encontrar no At\u00e9 Ti produtos com descontos at\u00e9 50% na Categoria\u00a0<a href=\"https:\/\/www.ateti.pt\/loja\/categoria\/outlet-ate-50\/\" target=\"_blank\" rel=\"noopener\">Outlet ate 50%<\/a>.<\/p>\n<p>Fa\u00e7a as suas compras no seu supermercado online At\u00e9 Ti e receba a sua encomenda comodamente em casa, no trabalho ou onde quiser.<\/p>\n","protected":false},"excerpt":{"rendered":"<p>15,80\u20ac\/kg<\/p>\n<h3>Descri\u00e7\u00e3o<\/h3>\n<p>Snickers, o poder do amendoim, combinado com o nougat e caramelo e cobertos com o melhor chocolate de leite.<br \/>\nSnickers \u00e9 a barra de chocolate que te d\u00e1 energia para enfrentares todos os desafios. Ideal para aqueles momentos em que tens fome e est\u00e1s fora de casa, Snickers \u00e9 a forma mais pr\u00e1tica e saborosa de repores energias e regressares \u00e0 tua melhor forma.<\/p>\n","protected":false},"featured_media":60556,"comment_status":"closed","ping_status":"closed","template":"","meta":{"_themeisle_gutenberg_block_has_review":false},"product_brand":[],"product_cat":[542,250,688,25,144,132],"product_tag":[],"woo-feed-brand":[],"class_list":{"0":"post-232","1":"product","2":"type-product","3":"status-publish","4":"has-post-thumbnail","6":"product_cat-alimentacao-office","7":"product_cat-ate-ti-negocios","8":"product_cat-chocolates-bolachas","9":"product_cat-chocolates","10":"product_cat-chocolates-biscoitos-e-cereais","11":"product_cat-mercearia","12":"ts_product_brand-snickers","14":"first","15":"instock","16":"taxable","17":"shipping-taxable","18":"purchasable","19":"product-type-simple"},"_links":{"self":[{"href":"https:\/\/www.ateti.pt\/loja\/wp-json\/wp\/v2\/product\/232","targetHints":{"allow":["GET"]}}],"collection":[{"href":"https:\/\/www.ateti.pt\/loja\/wp-json\/wp\/v2\/product"}],"about":[{"href":"https:\/\/www.ateti.pt\/loja\/wp-json\/wp\/v2\/types\/product"}],"replies":[{"embeddable":true,"href":"https:\/\/www.ateti.pt\/loja\/wp-json\/wp\/v2\/comments?post=232"}],"wp:featuredmedia":[{"embeddable":true,"href":"https:\/\/www.ateti.pt\/loja\/wp-json\/wp\/v2\/media\/60556"}],"wp:attachment":[{"href":"https:\/\/www.ateti.pt\/loja\/wp-json\/wp\/v2\/media?parent=232"}],"wp:term":[{"taxonomy":"product_brand","embeddable":true,"href":"https:\/\/www.ateti.pt\/loja\/wp-json\/wp\/v2\/product_brand?post=232"},{"taxonomy":"product_cat","embeddable":true,"href":"https:\/\/www.ateti.pt\/loja\/wp-json\/wp\/v2\/product_cat?post=232"},{"taxonomy":"product_tag","embeddable":true,"href":"https:\/\/www.ateti.pt\/loja\/wp-json\/wp\/v2\/product_tag?post=232"},{"taxonomy":"woo-feed-brand","embeddable":true,"href":"https:\/\/www.ateti.pt\/loja\/wp-json\/wp\/v2\/woo-feed-brand?post=232"}],"curies":[{"name":"wp","href":"https:\/\/api.w.org\/{rel}","templated":true}]}}