{"id":23069,"date":"2022-03-14T17:32:22","date_gmt":"2022-03-14T16:32:22","guid":{"rendered":"https:\/\/www.ateti.pt\/loja\/?post_type=product&#038;p=23069"},"modified":"2025-11-10T16:21:47","modified_gmt":"2025-11-10T16:21:47","slug":"nespresso-buondi-intenso-10-capsulas","status":"publish","type":"product","link":"https:\/\/www.ateti.pt\/loja\/produto\/nespresso-buondi-intenso-10-capsulas\/","title":{"rendered":"Caf\u00e9 Intenso 10 C\u00e1psulas Nespresso Buondi"},"content":{"rendered":"<p><strong>Caf\u00e9 Nespresso Buondi Intenso<\/strong><\/p>\n<p><strong>Intensidade: <\/strong>10<\/p>\n<p><strong>Quantidade:<\/strong> 10 C\u00e1psulas<\/p>\n<p><strong>Peso L\u00edquido:\u00a0<\/strong>55g<\/p>\n<p><strong>Origem:<\/strong> Para saborear intensamente. Blend com grande percentagem de robustas da Am\u00e9rica Central, conotados como de grande qualidade, plantados em baixa altitude e sob temperaturas altas.<\/p>\n<p>Caf\u00e9 de torra m\u00e9dia-alta, o que potencia o amargor que vem das suas notas de cacau.<\/p>\n<p>Da ligeira presen\u00e7a de ar\u00e1bica vem a sua baixa acidez e do\u00e7ura. O corpo \u00e9 alto e denso.<\/p>\n<p>Para apreciar, de corpo e alma.<\/p>\n<p>O equil\u00edbrio \u00e9 atingido, e sentido, numa inconfund\u00edvel acidez c\u00edtrica controlada, num amargor de chocolate negro e alguma do\u00e7ura fresca e frutada.<\/p>\n<p>O corpo \u00e9 forte aveludado.<\/p>\n<p>Com as c\u00e1psulas hermeticamente seladas que preservam todos os aromas, ir\u00e1 desfrutar de uma deliciosa bebida arom\u00e1tica em cada ch\u00e1vena no conforto de sua casa.<\/p>\n<p>Conservar em local fresco e seco.<\/p>\n<p>Veja mais produtos em <a href=\"https:\/\/www.ateti.pt\/loja\/categoria\/cafe-em-capsula\/capsulas-nespresso\/\">Nespresso<\/a><\/p>\n<p>&nbsp;<\/p>\n","protected":false},"excerpt":{"rendered":"<p>0,30\u20ac\/unidade<br \/>\n<strong>Intensidade:<\/strong> 10<br \/>\n<strong>Quantidade:<\/strong> 10 c\u00e1psulas de caf\u00e9<\/p>\n","protected":false},"featured_media":56794,"comment_status":"closed","ping_status":"closed","template":"","meta":{"_themeisle_gutenberg_block_has_review":false},"product_brand":[],"product_cat":[117,140],"product_tag":[],"woo-feed-brand":[],"class_list":{"0":"post-23069","1":"product","2":"type-product","3":"status-publish","4":"has-post-thumbnail","6":"product_cat-cafe-em-capsula","7":"product_cat-capsulas-nespresso","8":"ts_product_brand-buondi","10":"first","11":"instock","12":"sale","13":"taxable","14":"shipping-taxable","15":"purchasable","16":"product-type-simple"},"_links":{"self":[{"href":"https:\/\/www.ateti.pt\/loja\/wp-json\/wp\/v2\/product\/23069","targetHints":{"allow":["GET"]}}],"collection":[{"href":"https:\/\/www.ateti.pt\/loja\/wp-json\/wp\/v2\/product"}],"about":[{"href":"https:\/\/www.ateti.pt\/loja\/wp-json\/wp\/v2\/types\/product"}],"replies":[{"embeddable":true,"href":"https:\/\/www.ateti.pt\/loja\/wp-json\/wp\/v2\/comments?post=23069"}],"wp:featuredmedia":[{"embeddable":true,"href":"https:\/\/www.ateti.pt\/loja\/wp-json\/wp\/v2\/media\/56794"}],"wp:attachment":[{"href":"https:\/\/www.ateti.pt\/loja\/wp-json\/wp\/v2\/media?parent=23069"}],"wp:term":[{"taxonomy":"product_brand","embeddable":true,"href":"https:\/\/www.ateti.pt\/loja\/wp-json\/wp\/v2\/product_brand?post=23069"},{"taxonomy":"product_cat","embeddable":true,"href":"https:\/\/www.ateti.pt\/loja\/wp-json\/wp\/v2\/product_cat?post=23069"},{"taxonomy":"product_tag","embeddable":true,"href":"https:\/\/www.ateti.pt\/loja\/wp-json\/wp\/v2\/product_tag?post=23069"},{"taxonomy":"woo-feed-brand","embeddable":true,"href":"https:\/\/www.ateti.pt\/loja\/wp-json\/wp\/v2\/woo-feed-brand?post=23069"}],"curies":[{"name":"wp","href":"https:\/\/api.w.org\/{rel}","templated":true}]}}