{"id":23056,"date":"2025-02-05T01:26:42","date_gmt":"2025-02-05T01:26:42","guid":{"rendered":"https:\/\/www.ateti.pt\/loja\/?post_type=product&#038;p=23056"},"modified":"2026-04-28T09:43:00","modified_gmt":"2026-04-28T08:43:00","slug":"qharacter-delta-q-xl-60-capsulas","status":"publish","type":"product","link":"https:\/\/www.ateti.pt\/loja\/produto\/qharacter-delta-q-xl-60-capsulas\/","title":{"rendered":"Caf\u00e9 Qharacter Int 9 emb. 60 C\u00e1psulas Delta Q"},"content":{"rendered":"<h5><strong><span style=\"font-size: 16px\">Delta Q<\/span><span style=\"font-size: 16px\">\u00a0<\/span>Qharacter XXL<\/strong><\/h5>\n<p><em>Encorpado e Sofisticado<\/em><\/p>\n<p><strong>Intensidade:<\/strong>\u00a09<\/p>\n<p><strong>Peso L\u00edquido:<\/strong> 330g<\/p>\n<p><strong>Lista de Ingredientes:<\/strong>\u00a0Caf\u00e9 torrado (ingrediente \u00fanico).<\/p>\n<p><strong>Origem:<\/strong>\u00a0Mat\u00e9ria prima oriunda Col\u00f4mbia, Brasil e Costa de Marfim.<\/p>\n<p>Delta Q Qharacter \u00e9 um blend intenso, de aroma persistente, com notas de caramelo e frutos secos e uma acidez equilibrada.<\/p>\n<p>Qharacter junta o melhor do caf\u00e9 colombiano \u00e0 mais requintada selec\u00e7\u00e3o de caf\u00e9s do Brasil e da Costa do Marfim.<\/p>\n<p>Descubra o segredo da qualidade do caf\u00e9 Delta Q que est\u00e1 na mistura de gr\u00e3os de diferentes regi\u00f5es produtoras de caf\u00e9, combinados na propor\u00e7\u00e3o exacta, e na arte da torra.<\/p>\n<p>Cada c\u00e1psula Delta Q garante sempre um expresso perfeito: sabor, aroma e cremosidade inconfund\u00edveis.<\/p>\n<p><strong>Gama Intensidades:<\/strong><\/p>\n<p>Gama composta por blends 100% caf\u00e9 que se distinguem pelas suas diferentes intensidades: muito intensos, intensos e suaves.<\/p>\n<p>Esta gama combina diferentes origens e tipos de caf\u00e9 com diferentes perfis sensoriais que se adaptam aos mais variados gostos e aos diferentes momentos do dia.<\/p>\n<p><b>Instru\u00e7\u00f5es de utiliza\u00e7\u00e3o:<\/b><\/p>\n<p>Utilize na sua m\u00e1quina Delta Q, as c\u00e1psulas apropriadas para a sua utiliza\u00e7\u00e3o. \u00c9 dada prefer\u00eancia a \u00e1gua mineral. Ap\u00f3s retirar a c\u00e1psula da embalagem, coloque a c\u00e1psula na m\u00e1quina. Prepare o caf\u00e9.<\/p>\n<p>Depois de preparada a bebida deve abrir a alavanca e garantir que a c\u00e1psula vai para o dep\u00f3sito de c\u00e1psulas, devendo de seguida efetuar uma purga \u00e0 m\u00e1quina, deixando alguma \u00e1gua correr.<\/p>\n<p>Deve ser feita uma purga \u00e0 m\u00e1quina antes e depois de cada utiliza\u00e7\u00e3o.<\/p>\n<p>\u00c9 recomendado que realize uma descalcifica\u00e7\u00e3o da sua m\u00e1quina Delta Q de tr\u00eas em tr\u00eas meses, com o produto indicado para o efeito.<\/p>\n<p><b>Sugest\u00e3o de consumo:<\/b><\/p>\n<p>Caf\u00e9 expresso (30ml) e caf\u00e9 longo (45ml)<\/p>\n<p><strong>Quantidade:<\/strong> 60 c\u00e1psulas<\/p>\n<p>Todas as c\u00e1psulas Delta Q s\u00e3o recicl\u00e1veis, devendo ser entregues numa loja Delta Q.<\/p>\n<p>Veja mais produtos em <a href=\"https:\/\/www.ateti.pt\/loja\/categoria\/cafe-em-capsula\/capsulas-delta-q\/\">Delta Q<\/a>.<\/p>\n","protected":false},"excerpt":{"rendered":"<p>0,29\u20ac\/C\u00e1psula<\/p>\n","protected":false},"featured_media":70147,"comment_status":"closed","ping_status":"closed","template":"","meta":{"_themeisle_gutenberg_block_has_review":false},"product_brand":[],"product_cat":[117,21],"product_tag":[],"woo-feed-brand":[],"class_list":{"0":"post-23056","1":"product","2":"type-product","3":"status-publish","4":"has-post-thumbnail","6":"product_cat-cafe-em-capsula","7":"product_cat-capsulas-delta-q","8":"ts_product_brand-delta-q","10":"first","11":"instock","12":"sale","13":"taxable","14":"shipping-taxable","15":"purchasable","16":"product-type-simple"},"_links":{"self":[{"href":"https:\/\/www.ateti.pt\/loja\/wp-json\/wp\/v2\/product\/23056","targetHints":{"allow":["GET"]}}],"collection":[{"href":"https:\/\/www.ateti.pt\/loja\/wp-json\/wp\/v2\/product"}],"about":[{"href":"https:\/\/www.ateti.pt\/loja\/wp-json\/wp\/v2\/types\/product"}],"replies":[{"embeddable":true,"href":"https:\/\/www.ateti.pt\/loja\/wp-json\/wp\/v2\/comments?post=23056"}],"wp:featuredmedia":[{"embeddable":true,"href":"https:\/\/www.ateti.pt\/loja\/wp-json\/wp\/v2\/media\/70147"}],"wp:attachment":[{"href":"https:\/\/www.ateti.pt\/loja\/wp-json\/wp\/v2\/media?parent=23056"}],"wp:term":[{"taxonomy":"product_brand","embeddable":true,"href":"https:\/\/www.ateti.pt\/loja\/wp-json\/wp\/v2\/product_brand?post=23056"},{"taxonomy":"product_cat","embeddable":true,"href":"https:\/\/www.ateti.pt\/loja\/wp-json\/wp\/v2\/product_cat?post=23056"},{"taxonomy":"product_tag","embeddable":true,"href":"https:\/\/www.ateti.pt\/loja\/wp-json\/wp\/v2\/product_tag?post=23056"},{"taxonomy":"woo-feed-brand","embeddable":true,"href":"https:\/\/www.ateti.pt\/loja\/wp-json\/wp\/v2\/woo-feed-brand?post=23056"}],"curies":[{"name":"wp","href":"https:\/\/api.w.org\/{rel}","templated":true}]}}