{"id":22799,"date":"2021-08-24T12:14:30","date_gmt":"2021-08-24T11:14:30","guid":{"rendered":"https:\/\/www.ateti.pt\/loja\/?post_type=product&#038;p=22799"},"modified":"2024-01-18T17:51:31","modified_gmt":"2024-01-18T16:51:31","slug":"leite-uht-meio-gordo-mimosa-1lt","status":"publish","type":"product","link":"https:\/\/www.ateti.pt\/loja\/produto\/leite-uht-meio-gordo-mimosa-1lt\/","title":{"rendered":"Leite Meio Gordo Mimosa 1Lt"},"content":{"rendered":"<p><strong>Leite Meio Gordo Mimosa<\/strong><\/p>\n<p>Quantidade: 1Lt<\/p>\n<p>O Leite Meio Gordo Mimosa oferece a riqueza nutricional do leite com baixo teor de gordura . \u00c9 por isso um leite UHT adequado para quem se preocupa com o teor de gordura na alimenta\u00e7\u00e3o.<\/p>\n<p>O Leite Mimosa oferece uma grande variedade de nutrientes essenciais ao funcionamento do organismo. \u00c9 fonte natural de prote\u00ednas de alto valor biol\u00f3gico, c\u00e1lcio, riboflavina e vitamina B12 que contribui para o normal funcionamento do organismo.<\/p>\n<p><strong>Valores nutricionais:<\/strong> Energia: 200kj\/48kcal; L\u00edpidos: 1.6g, dos quais saturados:1g; Hidratos de Carbono:4.9g, dos quais a\u00e7\u00facares: 4.9g; Prote\u00ednas. 3.4; Sal:0.10g; Vitaminas e Sais Minerais: Roboflavina:0.17mg; Vitamina B12: 0.20\u00b5g; Pot\u00e1ssio:159mg; C\u00e1lcio:120mg; F\u00f3sfora:93mg, Iodo:20\u00b5g.<\/p>\n<p>Veja mais em <a href=\"https:\/\/www.ateti.pt\/loja\/categoria\/mercearia\/laticinios\/\">Latic\u00ednios<\/a><\/p>\n","protected":false},"excerpt":{"rendered":"<p>1.02\u20ac\/Lt<\/p>\n","protected":false},"featured_media":55359,"comment_status":"closed","ping_status":"closed","template":"","meta":{"_themeisle_gutenberg_block_has_review":false},"product_brand":[],"product_cat":[157,132],"product_tag":[],"woo-feed-brand":[],"class_list":{"0":"post-22799","1":"product","2":"type-product","3":"status-publish","4":"has-post-thumbnail","6":"product_cat-laticinios","7":"product_cat-mercearia","8":"ts_product_brand-mimosa","10":"first","11":"instock","12":"sale","13":"taxable","14":"shipping-taxable","15":"purchasable","16":"product-type-simple"},"_links":{"self":[{"href":"https:\/\/www.ateti.pt\/loja\/wp-json\/wp\/v2\/product\/22799","targetHints":{"allow":["GET"]}}],"collection":[{"href":"https:\/\/www.ateti.pt\/loja\/wp-json\/wp\/v2\/product"}],"about":[{"href":"https:\/\/www.ateti.pt\/loja\/wp-json\/wp\/v2\/types\/product"}],"replies":[{"embeddable":true,"href":"https:\/\/www.ateti.pt\/loja\/wp-json\/wp\/v2\/comments?post=22799"}],"wp:featuredmedia":[{"embeddable":true,"href":"https:\/\/www.ateti.pt\/loja\/wp-json\/wp\/v2\/media\/55359"}],"wp:attachment":[{"href":"https:\/\/www.ateti.pt\/loja\/wp-json\/wp\/v2\/media?parent=22799"}],"wp:term":[{"taxonomy":"product_brand","embeddable":true,"href":"https:\/\/www.ateti.pt\/loja\/wp-json\/wp\/v2\/product_brand?post=22799"},{"taxonomy":"product_cat","embeddable":true,"href":"https:\/\/www.ateti.pt\/loja\/wp-json\/wp\/v2\/product_cat?post=22799"},{"taxonomy":"product_tag","embeddable":true,"href":"https:\/\/www.ateti.pt\/loja\/wp-json\/wp\/v2\/product_tag?post=22799"},{"taxonomy":"woo-feed-brand","embeddable":true,"href":"https:\/\/www.ateti.pt\/loja\/wp-json\/wp\/v2\/woo-feed-brand?post=22799"}],"curies":[{"name":"wp","href":"https:\/\/api.w.org\/{rel}","templated":true}]}}