{"id":22526,"date":"2020-11-19T19:48:33","date_gmt":"2020-11-19T18:48:33","guid":{"rendered":"https:\/\/www.ateti.pt\/loja\/?post_type=product&#038;p=22526"},"modified":"2026-04-10T17:49:10","modified_gmt":"2026-04-10T16:49:10","slug":"bolo-de-arroz-4-unid","status":"publish","type":"product","link":"https:\/\/www.ateti.pt\/loja\/produto\/bolo-de-arroz-4-unid\/","title":{"rendered":"Bolo de Arroz 4 unid"},"content":{"rendered":"<p><strong>Bolo de Arroz<\/strong><\/p>\n<p>Quantidade: 4 unid<\/p>\n<div>O produto &#8220;Bolo de Arroz 4 unid &#8221; tem uma validade at\u00e9 10 dias, pelo que deve considerar menos 3 dias \u00fateis para efeitos de transporte.<\/div>\n<div><\/div>\n<div><strong>Ingredientes:\u00a0<\/strong>Farinha de Trigo 55, a\u00e7\u00facar, ovos, \u00f3leos e gorduras vegetais simples(\u00f3leo de palma e seus derivados, \u00f3leo de girassol), \u00e1gua, leite, sal, emulsionantes(monodiglic\u00e9ridos de \u00e1cidos gordos, lecitina de soja e E475), aromas, leveduras, levedantes qu\u00edmicos (E450 e E500), conservante (E202), corante org\u00e2nico natural (betacaroteno), corantes (E102 e E110), antioxidante e regulador de acidez (\u00e1cido c\u00edtrico). Pode conter vest\u00edgios de frutos de casca rija e s\u00e9samo.<\/div>\n<div>Valores nutricionais por 100g: Energia: 342,69 kcal; L\u00edpidos: 10,55g, dos quais saturados: 4,82g; Hidratos de Carbono: 54,63g, dos quais a\u00e7\u00facares: 28,29g; Fibra: 0,95g; Prote\u00ednas: 6,84g; Sal: 0,83g.<\/div>\n<div><\/div>\n<div>Veja mais em <a href=\"https:\/\/www.ateti.pt\/loja\/categoria\/padaria-pastelaria\/\">Padaria e Pastelaria<\/a><\/div>\n<div><\/div>\n","protected":false},"excerpt":{"rendered":"<p>1.04\u20ac\/unid<\/p>\n","protected":false},"featured_media":22527,"comment_status":"open","ping_status":"closed","template":"","meta":{"_themeisle_gutenberg_block_has_review":false},"product_brand":[],"product_cat":[598,666],"product_tag":[],"woo-feed-brand":[],"class_list":{"0":"post-22526","1":"product","2":"type-product","3":"status-publish","4":"has-post-thumbnail","6":"product_cat-padaria-pastelaria","7":"product_cat-pastelaria","8":"ts_product_brand-fabrica-pastelaria-confetaria-de-s-silvestre","10":"first","11":"instock","12":"taxable","13":"shipping-taxable","14":"purchasable","15":"product-type-simple"},"_links":{"self":[{"href":"https:\/\/www.ateti.pt\/loja\/wp-json\/wp\/v2\/product\/22526","targetHints":{"allow":["GET"]}}],"collection":[{"href":"https:\/\/www.ateti.pt\/loja\/wp-json\/wp\/v2\/product"}],"about":[{"href":"https:\/\/www.ateti.pt\/loja\/wp-json\/wp\/v2\/types\/product"}],"replies":[{"embeddable":true,"href":"https:\/\/www.ateti.pt\/loja\/wp-json\/wp\/v2\/comments?post=22526"}],"wp:featuredmedia":[{"embeddable":true,"href":"https:\/\/www.ateti.pt\/loja\/wp-json\/wp\/v2\/media\/22527"}],"wp:attachment":[{"href":"https:\/\/www.ateti.pt\/loja\/wp-json\/wp\/v2\/media?parent=22526"}],"wp:term":[{"taxonomy":"product_brand","embeddable":true,"href":"https:\/\/www.ateti.pt\/loja\/wp-json\/wp\/v2\/product_brand?post=22526"},{"taxonomy":"product_cat","embeddable":true,"href":"https:\/\/www.ateti.pt\/loja\/wp-json\/wp\/v2\/product_cat?post=22526"},{"taxonomy":"product_tag","embeddable":true,"href":"https:\/\/www.ateti.pt\/loja\/wp-json\/wp\/v2\/product_tag?post=22526"},{"taxonomy":"woo-feed-brand","embeddable":true,"href":"https:\/\/www.ateti.pt\/loja\/wp-json\/wp\/v2\/woo-feed-brand?post=22526"}],"curies":[{"name":"wp","href":"https:\/\/api.w.org\/{rel}","templated":true}]}}