{"id":22253,"date":"2021-08-04T10:30:29","date_gmt":"2021-08-04T09:30:29","guid":{"rendered":"https:\/\/www.ateti.pt\/loja\/?post_type=product&#038;p=22253"},"modified":"2024-10-29T16:25:44","modified_gmt":"2024-10-29T16:25:44","slug":"vitalday-sandwich-aveia-com-chocolate-gullon-220g","status":"publish","type":"product","link":"https:\/\/www.ateti.pt\/loja\/produto\/vitalday-sandwich-aveia-com-chocolate-gullon-220g\/","title":{"rendered":"Vitalday Sandwich Aveia com Chocolate Gullon 220g"},"content":{"rendered":"<h4>Vitalday Sandwich Aveia com Chocolate Gullon<\/h4>\n<p>Quantidade: 5 saquetas &#8211; 220g<\/p>\n<p><strong>Descri\u00e7\u00e3o:\u00a0<\/strong>Prove as sandes de aveia com chips de chocolate Vitalday. Bolachas com alto teor de fibras e \u00f3leo de girassol alto oleico. Vem em 5 embalagens individuais para que as desfrute onde quiser.<\/p>\n<div class=\"elementor-element elementor-element-db6ac73 elementor-widget elementor-widget-heading\" data-id=\"db6ac73\" data-element_type=\"widget\" data-widget_type=\"heading.default\">\n<div class=\"elementor-widget-container\">\n<p class=\"elementor-heading-title elementor-size-default\">INGREDIENTES<\/p>\n<\/div>\n<\/div>\n<div class=\"elementor-element elementor-element-74db8fb elementor-widget elementor-widget-text-editor\" data-id=\"74db8fb\" data-element_type=\"widget\" data-widget_type=\"text-editor.default\">\n<div class=\"elementor-widget-container\">\n<div class=\"elementor-text-editor elementor-clearfix\">\n<p>Ingredientes:\u00a0Cereais integrals (flocos\u00a0d\u2019aveia, flocos de\u00a0trigo\u00a0maltado, farinha integral de\u00a0cevada), creme de chocolate [a\u00e7\u00facar, \u00f3leos e gordura vegetal (girassol de alto teor oleico 10%, girassol e karit\u00e9), cacau em p\u00f3, amido de\u00a0trigo, emulsionante (lecitina de\u00a0soja)], a\u00e7\u00facar, arroz tufado (farinha de arroz, farinha de\u00a0trigo, sal), \u00f3leo vegetal (\u00f3leo de girassol de alto teor oleico), pepitas de chocolate negro [a\u00e7\u00facar, pasta de cacau, manteiga de cacau, emulsionante (lecitina de\u00a0soja)], flocos de milho (milho, sal, a\u00e7\u00facar, xarope de malte de\u00a0cevada), oligofructose, gelificante (goma ar\u00e1bica), sal, emulsionante (lecitina de\u00a0soja), aroma natural, levedantes qu\u00edmicos (hidrogenocarbonato de am\u00f3nio).\u00a0Pode conter vest\u00edgios de frutos secos e leite.<\/p>\n<div class=\"elementor-element elementor-element-6aafbf5 elementor-widget elementor-widget-heading\" data-id=\"6aafbf5\" data-element_type=\"widget\" data-widget_type=\"heading.default\">\n<div class=\"elementor-widget-container\">\n<p class=\"elementor-heading-title elementor-size-default\">COMPOSI\u00c7\u00c3O NUTRICIONAL<\/p>\n<\/div>\n<\/div>\n<div class=\"elementor-element elementor-element-be00c5a ind-prod-box-comp elementor-widget elementor-widget-text-editor\" data-id=\"be00c5a\" data-element_type=\"widget\" data-widget_type=\"text-editor.default\">\n<div class=\"elementor-widget-container\">\n<div class=\"elementor-text-editor elementor-clearfix\">\n<table>\n<tbody>\n<tr>\n<td colspan=\"2\" width=\"566\">Informa\u00e7\u00e3o nutricional p\u00f3r 100g<\/td>\n<\/tr>\n<tr>\n<td width=\"283\">Valor energ\u00e9tico<\/td>\n<td width=\"283\">1874 kJ \/447 kcal<\/td>\n<\/tr>\n<tr>\n<td width=\"283\">Gorduras<\/td>\n<td width=\"283\">17 g<\/td>\n<\/tr>\n<tr>\n<td width=\"283\"><em>das quais<\/em><\/td>\n<td width=\"283\"><\/td>\n<\/tr>\n<tr>\n<td width=\"283\">Saturadas<\/td>\n<td width=\"283\">3,8 g<\/td>\n<\/tr>\n<tr>\n<td width=\"283\">Monoinsaturadas<\/td>\n<td width=\"283\">12 g<\/td>\n<\/tr>\n<tr>\n<td width=\"283\">P\u00f3liinsaturadas<\/td>\n<td width=\"283\">1,2 g<\/td>\n<\/tr>\n<tr>\n<td width=\"283\">Carboidratos<\/td>\n<td width=\"283\">62 g<\/td>\n<\/tr>\n<tr>\n<td width=\"283\"><em>dos quais<\/em><\/td>\n<td width=\"283\"><\/td>\n<\/tr>\n<tr>\n<td width=\"283\">A\u00e7\u00facares<\/td>\n<td width=\"283\">25 g<\/td>\n<\/tr>\n<tr>\n<td width=\"283\">Fibra alimentar<\/td>\n<td width=\"283\">9,0 g<\/td>\n<\/tr>\n<tr>\n<td width=\"283\">Prote\u00ednas<\/td>\n<td width=\"283\">7,0 g<\/td>\n<\/tr>\n<tr>\n<td width=\"283\">Sal<\/td>\n<td width=\"283\">0,43 g<\/td>\n<\/tr>\n<\/tbody>\n<\/table>\n<p>Veja mais em <a href=\"https:\/\/www.ateti.pt\/loja\/categoria\/mercearia\/chocolates-biscoitos-e-cereais\/bolachas-biscoitos\/\">Bolachas e Biscoitos<\/a><\/p>\n<\/div>\n<\/div>\n<\/div>\n<\/div>\n<\/div>\n<\/div>\n","protected":false},"excerpt":{"rendered":"<p>Vitalday Sandwich Aveia com Chocolate Gullon 220g<\/p>\n<p>8.14\u20ac\/Kg<\/p>\n","protected":false},"featured_media":32613,"comment_status":"closed","ping_status":"closed","template":"","meta":{"_themeisle_gutenberg_block_has_review":false},"product_brand":[],"product_cat":[134,144,132],"product_tag":[],"woo-feed-brand":[],"class_list":{"0":"post-22253","1":"product","2":"type-product","3":"status-publish","4":"has-post-thumbnail","6":"product_cat-bolachas-biscoitos","7":"product_cat-chocolates-biscoitos-e-cereais","8":"product_cat-mercearia","9":"ts_product_brand-gullon","11":"first","12":"instock","13":"taxable","14":"shipping-taxable","15":"purchasable","16":"product-type-simple"},"_links":{"self":[{"href":"https:\/\/www.ateti.pt\/loja\/wp-json\/wp\/v2\/product\/22253","targetHints":{"allow":["GET"]}}],"collection":[{"href":"https:\/\/www.ateti.pt\/loja\/wp-json\/wp\/v2\/product"}],"about":[{"href":"https:\/\/www.ateti.pt\/loja\/wp-json\/wp\/v2\/types\/product"}],"replies":[{"embeddable":true,"href":"https:\/\/www.ateti.pt\/loja\/wp-json\/wp\/v2\/comments?post=22253"}],"wp:featuredmedia":[{"embeddable":true,"href":"https:\/\/www.ateti.pt\/loja\/wp-json\/wp\/v2\/media\/32613"}],"wp:attachment":[{"href":"https:\/\/www.ateti.pt\/loja\/wp-json\/wp\/v2\/media?parent=22253"}],"wp:term":[{"taxonomy":"product_brand","embeddable":true,"href":"https:\/\/www.ateti.pt\/loja\/wp-json\/wp\/v2\/product_brand?post=22253"},{"taxonomy":"product_cat","embeddable":true,"href":"https:\/\/www.ateti.pt\/loja\/wp-json\/wp\/v2\/product_cat?post=22253"},{"taxonomy":"product_tag","embeddable":true,"href":"https:\/\/www.ateti.pt\/loja\/wp-json\/wp\/v2\/product_tag?post=22253"},{"taxonomy":"woo-feed-brand","embeddable":true,"href":"https:\/\/www.ateti.pt\/loja\/wp-json\/wp\/v2\/woo-feed-brand?post=22253"}],"curies":[{"name":"wp","href":"https:\/\/api.w.org\/{rel}","templated":true}]}}