{"id":22231,"date":"2023-10-20T18:54:02","date_gmt":"2023-10-20T17:54:02","guid":{"rendered":"https:\/\/www.ateti.pt\/loja\/?post_type=product&#038;p=22231"},"modified":"2025-01-20T15:20:06","modified_gmt":"2025-01-20T15:20:06","slug":"pao-de-lo-500g","status":"publish","type":"product","link":"https:\/\/www.ateti.pt\/loja\/produto\/pao-de-lo-500g\/","title":{"rendered":"P\u00e3o de L\u00f3 500g"},"content":{"rendered":"<p>P\u00e3o de L\u00f3<\/p>\n<p>Quantidade: 500g<\/p>\n<div>O produto &#8221; P\u00e3o de L\u00f3 &#8221; tem uma validade at\u00e9 10 dias, pelo que deve considerar menos 3 dias \u00fateis para efeitos de transporte.<\/div>\n","protected":false},"excerpt":{"rendered":"<p>16.78\u20ac\/Kg<\/p>\n","protected":false},"featured_media":22232,"comment_status":"open","ping_status":"closed","template":"","meta":{"_themeisle_gutenberg_block_has_review":false},"product_brand":[],"product_cat":[749,598,619,666],"product_tag":[],"woo-feed-brand":[],"class_list":{"0":"post-22231","1":"product","2":"type-product","3":"status-publish","4":"has-post-thumbnail","6":"product_cat-bolos-de-natal","7":"product_cat-padaria-pastelaria","8":"product_cat-pascoa","9":"product_cat-pastelaria","10":"ts_product_brand-fabrica-pastelaria-confetaria-de-s-silvestre","12":"first","13":"instock","14":"taxable","15":"shipping-taxable","16":"purchasable","17":"product-type-simple"},"_links":{"self":[{"href":"https:\/\/www.ateti.pt\/loja\/wp-json\/wp\/v2\/product\/22231","targetHints":{"allow":["GET"]}}],"collection":[{"href":"https:\/\/www.ateti.pt\/loja\/wp-json\/wp\/v2\/product"}],"about":[{"href":"https:\/\/www.ateti.pt\/loja\/wp-json\/wp\/v2\/types\/product"}],"replies":[{"embeddable":true,"href":"https:\/\/www.ateti.pt\/loja\/wp-json\/wp\/v2\/comments?post=22231"}],"wp:featuredmedia":[{"embeddable":true,"href":"https:\/\/www.ateti.pt\/loja\/wp-json\/wp\/v2\/media\/22232"}],"wp:attachment":[{"href":"https:\/\/www.ateti.pt\/loja\/wp-json\/wp\/v2\/media?parent=22231"}],"wp:term":[{"taxonomy":"product_brand","embeddable":true,"href":"https:\/\/www.ateti.pt\/loja\/wp-json\/wp\/v2\/product_brand?post=22231"},{"taxonomy":"product_cat","embeddable":true,"href":"https:\/\/www.ateti.pt\/loja\/wp-json\/wp\/v2\/product_cat?post=22231"},{"taxonomy":"product_tag","embeddable":true,"href":"https:\/\/www.ateti.pt\/loja\/wp-json\/wp\/v2\/product_tag?post=22231"},{"taxonomy":"woo-feed-brand","embeddable":true,"href":"https:\/\/www.ateti.pt\/loja\/wp-json\/wp\/v2\/woo-feed-brand?post=22231"}],"curies":[{"name":"wp","href":"https:\/\/api.w.org\/{rel}","templated":true}]}}