{"id":22222,"date":"2020-11-03T18:15:56","date_gmt":"2020-11-03T17:15:56","guid":{"rendered":"https:\/\/www.ateti.pt\/loja\/?post_type=product&#038;p=22222"},"modified":"2025-01-20T16:12:12","modified_gmt":"2025-01-20T16:12:12","slug":"bolo-tipo-anca","status":"publish","type":"product","link":"https:\/\/www.ateti.pt\/loja\/produto\/bolo-tipo-anca\/","title":{"rendered":"Bolo Tipo An\u00e7\u00e3"},"content":{"rendered":"<p>Bolo Tipo An\u00e7\u00e3<\/p>\n<p>Quantidade: 1 unid<\/p>\n<div>O produto &#8220;Bolo Tipo An\u00e7\u00e3&#8221; tem uma validade at\u00e9 11 dias, pelo que deve considerar menos 3 dias \u00fateis para efeitos de transporte.<\/div>\n","protected":false},"excerpt":{"rendered":"<p>4.59\u20ac\/unid<\/p>\n","protected":false},"featured_media":22223,"comment_status":"open","ping_status":"closed","template":"","meta":{"_themeisle_gutenberg_block_has_review":false},"product_brand":[],"product_cat":[598,666],"product_tag":[],"woo-feed-brand":[],"class_list":{"0":"post-22222","1":"product","2":"type-product","3":"status-publish","4":"has-post-thumbnail","6":"product_cat-padaria-pastelaria","7":"product_cat-pastelaria","8":"ts_product_brand-fabrica-pastelaria-confetaria-de-s-silvestre","10":"first","11":"instock","12":"taxable","13":"shipping-taxable","14":"purchasable","15":"product-type-simple"},"_links":{"self":[{"href":"https:\/\/www.ateti.pt\/loja\/wp-json\/wp\/v2\/product\/22222","targetHints":{"allow":["GET"]}}],"collection":[{"href":"https:\/\/www.ateti.pt\/loja\/wp-json\/wp\/v2\/product"}],"about":[{"href":"https:\/\/www.ateti.pt\/loja\/wp-json\/wp\/v2\/types\/product"}],"replies":[{"embeddable":true,"href":"https:\/\/www.ateti.pt\/loja\/wp-json\/wp\/v2\/comments?post=22222"}],"wp:featuredmedia":[{"embeddable":true,"href":"https:\/\/www.ateti.pt\/loja\/wp-json\/wp\/v2\/media\/22223"}],"wp:attachment":[{"href":"https:\/\/www.ateti.pt\/loja\/wp-json\/wp\/v2\/media?parent=22222"}],"wp:term":[{"taxonomy":"product_brand","embeddable":true,"href":"https:\/\/www.ateti.pt\/loja\/wp-json\/wp\/v2\/product_brand?post=22222"},{"taxonomy":"product_cat","embeddable":true,"href":"https:\/\/www.ateti.pt\/loja\/wp-json\/wp\/v2\/product_cat?post=22222"},{"taxonomy":"product_tag","embeddable":true,"href":"https:\/\/www.ateti.pt\/loja\/wp-json\/wp\/v2\/product_tag?post=22222"},{"taxonomy":"woo-feed-brand","embeddable":true,"href":"https:\/\/www.ateti.pt\/loja\/wp-json\/wp\/v2\/woo-feed-brand?post=22222"}],"curies":[{"name":"wp","href":"https:\/\/api.w.org\/{rel}","templated":true}]}}