{"id":22218,"date":"2020-11-03T18:11:45","date_gmt":"2020-11-03T17:11:45","guid":{"rendered":"https:\/\/www.ateti.pt\/loja\/?post_type=product&#038;p=22218"},"modified":"2025-01-20T16:12:19","modified_gmt":"2025-01-20T16:12:19","slug":"crescente-de-chocolate","status":"publish","type":"product","link":"https:\/\/www.ateti.pt\/loja\/produto\/crescente-de-chocolate\/","title":{"rendered":"Entran\u00e7ado de Chocolate 500g"},"content":{"rendered":"<p><strong>Entra\u00e7ado de Chocolate<\/strong><\/p>\n<p>Quantidade: 1 unid<\/p>\n<div>O produto Entran\u00e7ado de Chocolate ou Crescente de Chocolate tem uma validade at\u00e9 12 dias, pelo que deve considerar menos 3 dias \u00fateis para efeitos de transporte.<\/div>\n<div><\/div>\n<div><strong>Modo de conserva\u00e7\u00e3o:<\/strong> Conservar em local seco e fresco<\/div>\n<div>\n<p><strong>Alerg\u00e9neos:<\/strong> Cont\u00e9m OVO, SOJA e LEITE. Pode conter vest\u00edgios de AMENDOIM, FRUTOS DE CASCA RIJA e SEMENTES DE SESAMO.<\/p>\n<p><strong>OGM:\u00a0<\/strong>O produto n\u00e3o cont\u00e9m OMG.<\/p>\n<p><strong>Declara\u00e7\u00e3o Nutricional<\/strong><\/p>\n<p>Energia (kJ\/kcal): 1525,5Kj \/ 364,4Kcal<br \/>\nL\u00edpidos (g) 13,2<br \/>\nDos quais \u00c1c. Gordos Saturados (g) 5,1<br \/>\nHidratos de Carbono (g) 53,8<br \/>\nDos quais a\u00e7ucares (g) 25<br \/>\nFibra (g) 1,9<br \/>\nProte\u00ednas (g) 6,7<br \/>\nSal (g) 0,8<\/p>\n<\/div>\n","protected":false},"excerpt":{"rendered":"<p>5.49\u20ac\/unid<\/p>\n","protected":false},"featured_media":61068,"comment_status":"open","ping_status":"closed","template":"","meta":{"_themeisle_gutenberg_block_has_review":false},"product_brand":[],"product_cat":[749,598,666],"product_tag":[],"woo-feed-brand":[],"class_list":{"0":"post-22218","1":"product","2":"type-product","3":"status-publish","4":"has-post-thumbnail","6":"product_cat-bolos-de-natal","7":"product_cat-padaria-pastelaria","8":"product_cat-pastelaria","9":"ts_product_brand-fabrica-pastelaria-confetaria-de-s-silvestre","11":"first","12":"instock","13":"taxable","14":"shipping-taxable","15":"purchasable","16":"product-type-simple"},"_links":{"self":[{"href":"https:\/\/www.ateti.pt\/loja\/wp-json\/wp\/v2\/product\/22218","targetHints":{"allow":["GET"]}}],"collection":[{"href":"https:\/\/www.ateti.pt\/loja\/wp-json\/wp\/v2\/product"}],"about":[{"href":"https:\/\/www.ateti.pt\/loja\/wp-json\/wp\/v2\/types\/product"}],"replies":[{"embeddable":true,"href":"https:\/\/www.ateti.pt\/loja\/wp-json\/wp\/v2\/comments?post=22218"}],"wp:featuredmedia":[{"embeddable":true,"href":"https:\/\/www.ateti.pt\/loja\/wp-json\/wp\/v2\/media\/61068"}],"wp:attachment":[{"href":"https:\/\/www.ateti.pt\/loja\/wp-json\/wp\/v2\/media?parent=22218"}],"wp:term":[{"taxonomy":"product_brand","embeddable":true,"href":"https:\/\/www.ateti.pt\/loja\/wp-json\/wp\/v2\/product_brand?post=22218"},{"taxonomy":"product_cat","embeddable":true,"href":"https:\/\/www.ateti.pt\/loja\/wp-json\/wp\/v2\/product_cat?post=22218"},{"taxonomy":"product_tag","embeddable":true,"href":"https:\/\/www.ateti.pt\/loja\/wp-json\/wp\/v2\/product_tag?post=22218"},{"taxonomy":"woo-feed-brand","embeddable":true,"href":"https:\/\/www.ateti.pt\/loja\/wp-json\/wp\/v2\/woo-feed-brand?post=22218"}],"curies":[{"name":"wp","href":"https:\/\/api.w.org\/{rel}","templated":true}]}}