{"id":22189,"date":"2026-01-05T15:34:50","date_gmt":"2026-01-05T15:34:50","guid":{"rendered":"https:\/\/www.ateti.pt\/loja\/?post_type=product&#038;p=22189"},"modified":"2026-03-12T12:10:19","modified_gmt":"2026-03-12T12:10:19","slug":"bombons-ferrero-rocher-t3-375g","status":"publish","type":"product","link":"https:\/\/www.ateti.pt\/loja\/produto\/bombons-ferrero-rocher-t3-375g\/","title":{"rendered":"Bombons Ferrero Rocher T3 &#8211; 37,5g (27-03-2026)"},"content":{"rendered":"<h4>Bombons Ferrero Rocher T3<\/h4>\n<p>Quantidade: 3 unid &#8211; 37,5g<\/p>\n<p>Bombom com um revestimento de wafer estaladi\u00e7o coberto de chocolate e pedacinhos de avel\u00e3 suavemente torrada e ainda uma avel\u00e3 inteira crocante no centro e um delicioso recheio cremoso de avel\u00e3s.<\/p>\n<p class=\"caps\">INGREDIENTES<\/p>\n<p>Chocolate de\u00a0LEITE\u00a030% (a\u00e7\u00facar, manteiga de cacau, pasta de cacau,\u00a0LEITE\u00a0desnatado em p\u00f3,\u00a0MANTEIGA\u00a0concentrada, emulsionantes: lecitinas (SOJA), vanilina),\u00a0AVEL\u00c3S\u00a0(28,5%), a\u00e7\u00facar, gordura de palma, farinha de\u00a0TRIGO, soro\u00a0L\u00c1CTEO\u00a0em p\u00f3, cacau magro, emulsionantes: lecitinas (SOJA), levedantes qu\u00edmicos (hidrogenocarbonato de s\u00f3dio), sal, vanilina.<\/p>\n<h4 class=\"caps\">INFORMA\u00c7\u00c3O NUTRICIONAL<\/h4>\n<table cellspacing=\"0\" cellpadding=\"0\">\n<tbody>\n<tr class=\"zeroTR\" valign=\"top\">\n<th>Valores m\u00e9dios<\/th>\n<th><\/th>\n<th>Por 100 g<\/th>\n<\/tr>\n<tr class=\"customTR\">\n<td>Valor energ\u00e9tico<\/td>\n<td>(kJ \/ kCal)<\/td>\n<td>2506 \/ 603<\/td>\n<\/tr>\n<tr class=\"customTR\">\n<td>L\u00edpidos<\/td>\n<td>(g)<\/td>\n<td>42,7<\/td>\n<\/tr>\n<tr class=\"customTR\">\n<td>dos quais: saturados<\/td>\n<td>(g)<\/td>\n<td>14,1<\/td>\n<\/tr>\n<tr class=\"customTR\">\n<td>Hidratos de carbono<\/td>\n<td>(g)<\/td>\n<td>44,4<\/td>\n<\/tr>\n<tr class=\"customTR\">\n<td>dos quais: a\u00e7\u00facares<\/td>\n<td>(g)<\/td>\n<td>39,9<\/td>\n<\/tr>\n<tr class=\"customTR\">\n<td>Prote\u00ednas<\/td>\n<td>(g<\/td>\n<td>8,2<\/td>\n<\/tr>\n<tr class=\"customTR\">\n<td>Sal<\/td>\n<td>(g)<\/td>\n<td>0,153<\/td>\n<\/tr>\n<\/tbody>\n<\/table>\n","protected":false},"excerpt":{"rendered":"<p>53.35\u20ac\/Kg<\/p>\n","protected":false},"featured_media":34342,"comment_status":"closed","ping_status":"closed","template":"","meta":{"_themeisle_gutenberg_block_has_review":false},"product_brand":[],"product_cat":[597,25,144,132,596,748,265],"product_tag":[],"woo-feed-brand":[],"class_list":{"0":"post-22189","1":"product","2":"type-product","3":"status-publish","4":"has-post-thumbnail","6":"product_cat-chocolates-de-natal","7":"product_cat-chocolates","8":"product_cat-chocolates-biscoitos-e-cereais","9":"product_cat-mercearia","10":"product_cat-natal","11":"product_cat-novidades-ate-ti","12":"product_cat-promocoes-outlet-ate-50-desconto-supermercado-online-ate-ti","13":"ts_product_brand-ferrero","15":"first","16":"outofstock","17":"sale","18":"taxable","19":"shipping-taxable","20":"purchasable","21":"product-type-simple"},"_links":{"self":[{"href":"https:\/\/www.ateti.pt\/loja\/wp-json\/wp\/v2\/product\/22189","targetHints":{"allow":["GET"]}}],"collection":[{"href":"https:\/\/www.ateti.pt\/loja\/wp-json\/wp\/v2\/product"}],"about":[{"href":"https:\/\/www.ateti.pt\/loja\/wp-json\/wp\/v2\/types\/product"}],"replies":[{"embeddable":true,"href":"https:\/\/www.ateti.pt\/loja\/wp-json\/wp\/v2\/comments?post=22189"}],"wp:featuredmedia":[{"embeddable":true,"href":"https:\/\/www.ateti.pt\/loja\/wp-json\/wp\/v2\/media\/34342"}],"wp:attachment":[{"href":"https:\/\/www.ateti.pt\/loja\/wp-json\/wp\/v2\/media?parent=22189"}],"wp:term":[{"taxonomy":"product_brand","embeddable":true,"href":"https:\/\/www.ateti.pt\/loja\/wp-json\/wp\/v2\/product_brand?post=22189"},{"taxonomy":"product_cat","embeddable":true,"href":"https:\/\/www.ateti.pt\/loja\/wp-json\/wp\/v2\/product_cat?post=22189"},{"taxonomy":"product_tag","embeddable":true,"href":"https:\/\/www.ateti.pt\/loja\/wp-json\/wp\/v2\/product_tag?post=22189"},{"taxonomy":"woo-feed-brand","embeddable":true,"href":"https:\/\/www.ateti.pt\/loja\/wp-json\/wp\/v2\/woo-feed-brand?post=22189"}],"curies":[{"name":"wp","href":"https:\/\/api.w.org\/{rel}","templated":true}]}}