{"id":220,"date":"2025-01-15T19:44:58","date_gmt":"2025-01-15T19:44:58","guid":{"rendered":"https:\/\/www.ateti.pt\/loja\/?post_type=product&#038;p=220"},"modified":"2026-04-09T12:56:19","modified_gmt":"2026-04-09T11:56:19","slug":"caffe-bonini-milano","status":"publish","type":"product","link":"https:\/\/www.ateti.pt\/loja\/produto\/caffe-bonini-milano\/","title":{"rendered":"Caf\u00e9 em Gr\u00e3o Milano 1Kg Bonini"},"content":{"rendered":"<h5>Milano Caff\u00e8 Bonini<\/h5>\n<p>Quantidade: 1Kg<\/p>\n<p><strong>Conserva\u00e7\u00e3o:\u00a0<\/strong>Armazenar em local seco \u00e0 temperatura ambiente.<\/p>\n<div class=\"row\">\n<div class=\"col-xs-6 pull-left\">\n<div class=\"panel panel-default\">\n<div class=\"panel-heading\">Veja mais em <a href=\"https:\/\/www.ateti.pt\/loja\/categoria\/cafe-moido-em-grao-e-soluvel\/\">Caf\u00e9 mo\u00eddo, em gr\u00e3o e sol\u00favel<\/a><\/div>\n<\/div>\n<\/div>\n<\/div>\n","protected":false},"excerpt":{"rendered":"<h3>Descri\u00e7\u00e3o<\/h3>\n<p>11.99\u20ac\/Kg<\/p>\n<p>Milano \u00e9 o caf\u00e9 italiano mais cosmopolita, oferece um caf\u00e9 r\u00e1pido e descomprometido para qualquer ocasi\u00e3o.<\/p>\n","protected":false},"featured_media":33547,"comment_status":"closed","ping_status":"closed","template":"","meta":{"_themeisle_gutenberg_block_has_review":false},"product_brand":[],"product_cat":[250,692,170,695,24,132,787],"product_tag":[],"woo-feed-brand":[],"class_list":{"0":"post-220","1":"product","2":"type-product","3":"status-publish","4":"has-post-thumbnail","6":"product_cat-ate-ti-negocios","7":"product_cat-cafe","8":"product_cat-cafe-em-grao","9":"product_cat-cafe-grao","10":"product_cat-cafe-moido-em-grao-e-soluvel","11":"product_cat-mercearia","12":"product_cat-promocao-bonini","13":"ts_product_brand-bonini","15":"first","16":"instock","17":"sale","18":"taxable","19":"shipping-taxable","20":"purchasable","21":"product-type-simple"},"_links":{"self":[{"href":"https:\/\/www.ateti.pt\/loja\/wp-json\/wp\/v2\/product\/220","targetHints":{"allow":["GET"]}}],"collection":[{"href":"https:\/\/www.ateti.pt\/loja\/wp-json\/wp\/v2\/product"}],"about":[{"href":"https:\/\/www.ateti.pt\/loja\/wp-json\/wp\/v2\/types\/product"}],"replies":[{"embeddable":true,"href":"https:\/\/www.ateti.pt\/loja\/wp-json\/wp\/v2\/comments?post=220"}],"wp:featuredmedia":[{"embeddable":true,"href":"https:\/\/www.ateti.pt\/loja\/wp-json\/wp\/v2\/media\/33547"}],"wp:attachment":[{"href":"https:\/\/www.ateti.pt\/loja\/wp-json\/wp\/v2\/media?parent=220"}],"wp:term":[{"taxonomy":"product_brand","embeddable":true,"href":"https:\/\/www.ateti.pt\/loja\/wp-json\/wp\/v2\/product_brand?post=220"},{"taxonomy":"product_cat","embeddable":true,"href":"https:\/\/www.ateti.pt\/loja\/wp-json\/wp\/v2\/product_cat?post=220"},{"taxonomy":"product_tag","embeddable":true,"href":"https:\/\/www.ateti.pt\/loja\/wp-json\/wp\/v2\/product_tag?post=220"},{"taxonomy":"woo-feed-brand","embeddable":true,"href":"https:\/\/www.ateti.pt\/loja\/wp-json\/wp\/v2\/woo-feed-brand?post=220"}],"curies":[{"name":"wp","href":"https:\/\/api.w.org\/{rel}","templated":true}]}}