{"id":21694,"date":"2020-09-28T15:58:09","date_gmt":"2020-09-28T14:58:09","guid":{"rendered":"https:\/\/www.ateti.pt\/loja\/?post_type=product&#038;p=21694"},"modified":"2024-03-01T12:17:12","modified_gmt":"2024-03-01T12:17:12","slug":"esfregao-bravo-aco-inox","status":"publish","type":"product","link":"https:\/\/www.ateti.pt\/loja\/produto\/esfregao-bravo-aco-inox\/","title":{"rendered":"Esfreg\u00e3o Bravo A\u00e7o Inox"},"content":{"rendered":"<p><strong>Esfreg\u00e3o Bravo A\u00e7o Inox<\/strong><\/p>\n<p><strong>Quantidade:\u00a0<\/strong>1un<\/p>\n<p><strong>Descri\u00e7\u00e3o:<\/strong><\/p>\n<ul class=\"MMM--pdpList SNAPS--bullets\">\n<li>Esfrega rapidamente \u2013 remove facilmente a sujidade mais incrustada<\/li>\n<li>Lava-se bem \u2013 e alimentos dif\u00edceis como ovo e queijo, n\u00e3o ficam agarrados<\/li>\n<li>A forma especial protege as unhas durante tarefas de limpeza dif\u00edceis<\/li>\n<li>Flex\u00edvel e adapt\u00e1vel<\/li>\n<li>N\u00e3o usar em superf\u00edcies delicadas<\/li>\n<\/ul>\n<p>Veja mais em <a href=\"https:\/\/www.ateti.pt\/loja\/categoria\/higiene-e-limpeza\/acessorios-de-cozinha-casa-de-banho\/\">Acess\u00f3rios de Cozinha<\/a><\/p>\n","protected":false},"excerpt":{"rendered":"<p>1.39\u20ac\/un<\/p>\n","protected":false},"featured_media":57069,"comment_status":"closed","ping_status":"closed","template":"","meta":{"_themeisle_gutenberg_block_has_review":false},"product_brand":[],"product_cat":[209,190,204],"product_tag":[],"woo-feed-brand":[],"class_list":{"0":"post-21694","1":"product","2":"type-product","3":"status-publish","4":"has-post-thumbnail","6":"product_cat-cozinha","7":"product_cat-desinfetantes-e-limpeza","8":"product_cat-limpeza","9":"ts_product_brand-bravo","11":"first","12":"instock","13":"taxable","14":"shipping-taxable","15":"purchasable","16":"product-type-simple"},"_links":{"self":[{"href":"https:\/\/www.ateti.pt\/loja\/wp-json\/wp\/v2\/product\/21694","targetHints":{"allow":["GET"]}}],"collection":[{"href":"https:\/\/www.ateti.pt\/loja\/wp-json\/wp\/v2\/product"}],"about":[{"href":"https:\/\/www.ateti.pt\/loja\/wp-json\/wp\/v2\/types\/product"}],"replies":[{"embeddable":true,"href":"https:\/\/www.ateti.pt\/loja\/wp-json\/wp\/v2\/comments?post=21694"}],"wp:featuredmedia":[{"embeddable":true,"href":"https:\/\/www.ateti.pt\/loja\/wp-json\/wp\/v2\/media\/57069"}],"wp:attachment":[{"href":"https:\/\/www.ateti.pt\/loja\/wp-json\/wp\/v2\/media?parent=21694"}],"wp:term":[{"taxonomy":"product_brand","embeddable":true,"href":"https:\/\/www.ateti.pt\/loja\/wp-json\/wp\/v2\/product_brand?post=21694"},{"taxonomy":"product_cat","embeddable":true,"href":"https:\/\/www.ateti.pt\/loja\/wp-json\/wp\/v2\/product_cat?post=21694"},{"taxonomy":"product_tag","embeddable":true,"href":"https:\/\/www.ateti.pt\/loja\/wp-json\/wp\/v2\/product_tag?post=21694"},{"taxonomy":"woo-feed-brand","embeddable":true,"href":"https:\/\/www.ateti.pt\/loja\/wp-json\/wp\/v2\/woo-feed-brand?post=21694"}],"curies":[{"name":"wp","href":"https:\/\/api.w.org\/{rel}","templated":true}]}}