{"id":21086,"date":"2020-08-22T19:39:38","date_gmt":"2020-08-22T18:39:38","guid":{"rendered":"https:\/\/www.ateti.pt\/loja\/?post_type=product&#038;p=21086"},"modified":"2026-01-06T12:28:09","modified_gmt":"2026-01-06T12:28:09","slug":"pasta-de-elasticos-a4-liderpapel-varias-cores","status":"publish","type":"product","link":"https:\/\/www.ateti.pt\/loja\/produto\/pasta-de-elasticos-a4-liderpapel-varias-cores\/","title":{"rendered":"Pasta de El\u00e1sticos V\u00e1rias Cores A4 Liderpapel"},"content":{"rendered":"<p><strong>Pasta de El\u00e1sticos V\u00e1rias Cores A4 Liderpapel<\/strong><\/p>\n<p>V\u00ea mais em <a href=\"https:\/\/www.ateti.pt\/loja\/categoria\/papelaria\/\">Papelaria<\/a><\/p>\n","protected":false},"excerpt":{"rendered":"<p>1.99\u20ac\/unidade<\/p>\n","protected":false},"featured_media":21088,"comment_status":"closed","ping_status":"closed","template":"","meta":{"_themeisle_gutenberg_block_has_review":false},"product_brand":[],"product_cat":[250,571,815],"product_tag":[],"woo-feed-brand":[],"class_list":{"0":"post-21086","1":"product","2":"type-product","3":"status-publish","4":"has-post-thumbnail","6":"product_cat-ate-ti-negocios","7":"product_cat-papelaria","8":"product_cat-papelaria-e-consumiveis","9":"ts_product_brand-liderpapel","11":"first","12":"instock","13":"taxable","14":"shipping-taxable","15":"purchasable","16":"product-type-variable"},"_links":{"self":[{"href":"https:\/\/www.ateti.pt\/loja\/wp-json\/wp\/v2\/product\/21086","targetHints":{"allow":["GET"]}}],"collection":[{"href":"https:\/\/www.ateti.pt\/loja\/wp-json\/wp\/v2\/product"}],"about":[{"href":"https:\/\/www.ateti.pt\/loja\/wp-json\/wp\/v2\/types\/product"}],"replies":[{"embeddable":true,"href":"https:\/\/www.ateti.pt\/loja\/wp-json\/wp\/v2\/comments?post=21086"}],"wp:featuredmedia":[{"embeddable":true,"href":"https:\/\/www.ateti.pt\/loja\/wp-json\/wp\/v2\/media\/21088"}],"wp:attachment":[{"href":"https:\/\/www.ateti.pt\/loja\/wp-json\/wp\/v2\/media?parent=21086"}],"wp:term":[{"taxonomy":"product_brand","embeddable":true,"href":"https:\/\/www.ateti.pt\/loja\/wp-json\/wp\/v2\/product_brand?post=21086"},{"taxonomy":"product_cat","embeddable":true,"href":"https:\/\/www.ateti.pt\/loja\/wp-json\/wp\/v2\/product_cat?post=21086"},{"taxonomy":"product_tag","embeddable":true,"href":"https:\/\/www.ateti.pt\/loja\/wp-json\/wp\/v2\/product_tag?post=21086"},{"taxonomy":"woo-feed-brand","embeddable":true,"href":"https:\/\/www.ateti.pt\/loja\/wp-json\/wp\/v2\/woo-feed-brand?post=21086"}],"curies":[{"name":"wp","href":"https:\/\/api.w.org\/{rel}","templated":true}]}}