{"id":21003,"date":"2020-08-22T18:03:48","date_gmt":"2020-08-22T17:03:48","guid":{"rendered":"https:\/\/www.ateti.pt\/loja\/?post_type=product&#038;p=21003"},"modified":"2025-11-17T10:57:46","modified_gmt":"2025-11-17T10:57:46","slug":"regua-plastico-cristal-transparente-liderpapel-varios-tamanhos","status":"publish","type":"product","link":"https:\/\/www.ateti.pt\/loja\/produto\/regua-plastico-cristal-transparente-liderpapel-varios-tamanhos\/","title":{"rendered":"R\u00e9gua Pl\u00e1stico Cristal Transparente LiderPapel &#8211; v\u00e1rios tamanhos"},"content":{"rendered":"<p>R\u00e9gua Pl\u00e1stico Cristal Transparente LiderPapel<\/p>\n<p>Medidas dispon\u00edveis: 30cm; 50cm.<\/p>\n<p>A r\u00e9gua ideal para completar o material de escrit\u00f3rio essencial para as tarefas do dia-a-dia.<\/p>\n<p>&nbsp;<\/p>\n","protected":false},"excerpt":{"rendered":"<p>Medidas dispon\u00edveis: 30cm; 50cm.<\/p>\n","protected":false},"featured_media":60975,"comment_status":"closed","ping_status":"closed","template":"","meta":{"_themeisle_gutenberg_block_has_review":false},"product_brand":[],"product_cat":[250,571,815],"product_tag":[],"woo-feed-brand":[],"class_list":{"0":"post-21003","1":"product","2":"type-product","3":"status-publish","4":"has-post-thumbnail","6":"product_cat-ate-ti-negocios","7":"product_cat-papelaria","8":"product_cat-papelaria-e-consumiveis","9":"ts_product_brand-liderpapel","11":"first","12":"instock","13":"taxable","14":"shipping-taxable","15":"purchasable","16":"product-type-variable","17":"has-default-attributes"},"_links":{"self":[{"href":"https:\/\/www.ateti.pt\/loja\/wp-json\/wp\/v2\/product\/21003","targetHints":{"allow":["GET"]}}],"collection":[{"href":"https:\/\/www.ateti.pt\/loja\/wp-json\/wp\/v2\/product"}],"about":[{"href":"https:\/\/www.ateti.pt\/loja\/wp-json\/wp\/v2\/types\/product"}],"replies":[{"embeddable":true,"href":"https:\/\/www.ateti.pt\/loja\/wp-json\/wp\/v2\/comments?post=21003"}],"wp:featuredmedia":[{"embeddable":true,"href":"https:\/\/www.ateti.pt\/loja\/wp-json\/wp\/v2\/media\/60975"}],"wp:attachment":[{"href":"https:\/\/www.ateti.pt\/loja\/wp-json\/wp\/v2\/media?parent=21003"}],"wp:term":[{"taxonomy":"product_brand","embeddable":true,"href":"https:\/\/www.ateti.pt\/loja\/wp-json\/wp\/v2\/product_brand?post=21003"},{"taxonomy":"product_cat","embeddable":true,"href":"https:\/\/www.ateti.pt\/loja\/wp-json\/wp\/v2\/product_cat?post=21003"},{"taxonomy":"product_tag","embeddable":true,"href":"https:\/\/www.ateti.pt\/loja\/wp-json\/wp\/v2\/product_tag?post=21003"},{"taxonomy":"woo-feed-brand","embeddable":true,"href":"https:\/\/www.ateti.pt\/loja\/wp-json\/wp\/v2\/woo-feed-brand?post=21003"}],"curies":[{"name":"wp","href":"https:\/\/api.w.org\/{rel}","templated":true}]}}