{"id":20950,"date":"2022-05-22T16:31:58","date_gmt":"2022-05-22T15:31:58","guid":{"rendered":"https:\/\/www.ateti.pt\/loja\/?post_type=product&#038;p=20950"},"modified":"2025-10-13T12:54:31","modified_gmt":"2025-10-13T11:54:31","slug":"cola-universal-uhu-35ml","status":"publish","type":"product","link":"https:\/\/www.ateti.pt\/loja\/produto\/cola-universal-uhu-35ml\/","title":{"rendered":"Cola Universal 35ml UHU"},"content":{"rendered":"<p><strong>Cola universal UHU 35ml<\/strong><\/p>\n<p>Quantidade: 35ml<\/p>\n<p>Indicada para praticamente todo o tipo de materiais, a cola universal l\u00edquida da UHU\u00ae garante uma ades\u00e3o eficaz.<br \/>\nCapaz de colar em quase todas as superf\u00edcies, a Cola universal UHU 35ml \u00e9 ideal para projectos de trabalhos manuais escolares ou para pequenas repara\u00e7\u00f5es em casa. A cola l\u00edquida pode ser usada numa grande variedade de materiais.<br \/>\nCola universal l\u00edquida da UHU\u00ae<br \/>\nDispensador em tubo, f\u00e1cil de dosear<br \/>\nCola transparente de f\u00e1cil aplica\u00e7\u00e3o<br \/>\nEficaz e r\u00e1pida<br \/>\nAplic\u00e1vel em porcelana, madeira, metal, vidro, cart\u00e3o, papel, entre outros.<\/p>\n<p>V\u00ea mais em <a href=\"https:\/\/www.ateti.pt\/loja\/categoria\/papelaria\/\">Papelaria<\/a><\/p>\n","protected":false},"excerpt":{"rendered":"<p>65.43\u20ac\/L<\/p>\n","protected":false},"featured_media":43960,"comment_status":"closed","ping_status":"closed","template":"","meta":{"_themeisle_gutenberg_block_has_review":false},"product_brand":[],"product_cat":[250,571,815],"product_tag":[],"woo-feed-brand":[],"class_list":{"0":"post-20950","1":"product","2":"type-product","3":"status-publish","4":"has-post-thumbnail","6":"product_cat-ate-ti-negocios","7":"product_cat-papelaria","8":"product_cat-papelaria-e-consumiveis","9":"ts_product_brand-uhu","11":"first","12":"instock","13":"taxable","14":"shipping-taxable","15":"purchasable","16":"product-type-simple"},"_links":{"self":[{"href":"https:\/\/www.ateti.pt\/loja\/wp-json\/wp\/v2\/product\/20950","targetHints":{"allow":["GET"]}}],"collection":[{"href":"https:\/\/www.ateti.pt\/loja\/wp-json\/wp\/v2\/product"}],"about":[{"href":"https:\/\/www.ateti.pt\/loja\/wp-json\/wp\/v2\/types\/product"}],"replies":[{"embeddable":true,"href":"https:\/\/www.ateti.pt\/loja\/wp-json\/wp\/v2\/comments?post=20950"}],"wp:featuredmedia":[{"embeddable":true,"href":"https:\/\/www.ateti.pt\/loja\/wp-json\/wp\/v2\/media\/43960"}],"wp:attachment":[{"href":"https:\/\/www.ateti.pt\/loja\/wp-json\/wp\/v2\/media?parent=20950"}],"wp:term":[{"taxonomy":"product_brand","embeddable":true,"href":"https:\/\/www.ateti.pt\/loja\/wp-json\/wp\/v2\/product_brand?post=20950"},{"taxonomy":"product_cat","embeddable":true,"href":"https:\/\/www.ateti.pt\/loja\/wp-json\/wp\/v2\/product_cat?post=20950"},{"taxonomy":"product_tag","embeddable":true,"href":"https:\/\/www.ateti.pt\/loja\/wp-json\/wp\/v2\/product_tag?post=20950"},{"taxonomy":"woo-feed-brand","embeddable":true,"href":"https:\/\/www.ateti.pt\/loja\/wp-json\/wp\/v2\/woo-feed-brand?post=20950"}],"curies":[{"name":"wp","href":"https:\/\/api.w.org\/{rel}","templated":true}]}}