{"id":20944,"date":"2020-08-22T16:22:05","date_gmt":"2020-08-22T15:22:05","guid":{"rendered":"https:\/\/www.ateti.pt\/loja\/?post_type=product&#038;p=20944"},"modified":"2025-11-17T11:56:10","modified_gmt":"2025-11-17T11:56:10","slug":"apara-lapis-redondo-plastico-com-deposito-mr","status":"publish","type":"product","link":"https:\/\/www.ateti.pt\/loja\/produto\/apara-lapis-redondo-plastico-com-deposito-mr\/","title":{"rendered":"Apara L\u00e1pis Redondo com Dep\u00f3sito"},"content":{"rendered":"<p><strong>Apara L\u00e1pis Redondo<\/strong><\/p>\n<h5><strong>Cores Variadas<\/strong><\/h5>\n<h5>A Origem do Afia-L\u00e1pis<\/h5>\n<p>O agu\u00e7a, tamb\u00e9m chamado de afiador \u00e9, como este termo indica, uma ferramenta para afiar os l\u00e1pis e infelizmente n\u00e3o existem muitos dados sobre a a sua origem e inven\u00e7\u00e3o.<\/p>\n<p>Sabe-se que nas primeiras d\u00e9cadas do s\u00e9culo XX fosse em casa, nas escolas ou at\u00e9 pelos escriv\u00f5es, afiavam-se os l\u00e1pis utilizando um instrumento cortante e afiado, recorrendo-se geralmente\u00a0ao mais vulgar todos, a faca. Seguiu-se o uso da l\u00e2mina de barbear mas isso tornava-se um perigo para as crian\u00e7as nas escolas. Na tentativa de reduzir esse perigo, surgiu um tipo de agu\u00e7a em forma de ferradura que utilizava uma l\u00e2mina transversal, a qual cortava a madeira e afiava a mina.<\/p>\n<p>Em 1945 o espanhol Ignacio Urresti, que trabalhava numa antiga empresa de produ\u00e7\u00e3o de armas, inventou o primeiro afia-l\u00e1pis digno desse nome. Tratava-se de uma caixa com uma manivela para afiar os l\u00e1pis e que, apesar dos seus 1,29 quilos, rapidamente foi adotada em escrit\u00f3rios e institui\u00e7\u00f5es um pouco por todo o mundo, surgindo assim os primeiros afiadores para as \u00e1reas de trabalho.<\/p>\n<p>Um facto curioso foi o que aconteceu na d\u00e9cada de 70 e que ajudou na dissemina\u00e7\u00e3o dos agu\u00e7as pelas casas particulares. Por essa altura come\u00e7aram a aparecer miniaturas de objeitos do dia a dia feitas de um metal escuro chamado calamina, e que despertaram a curiosidade dos colecionadores pelo seu detalhe. Como essas miniaturas pagavam o imposto de bens de luxo, pelo menos duas empresas de Val\u00eancia, principais criadoras destas miniaturas, decidiram come\u00e7ar a aplicar afiadores \u00e0s pe\u00e7as produzidas para, assim, pagarem o imposto mais reduzido aplic\u00e1vel a artigos escolares, chegando a lan\u00e7ar perto de 100 modelos diferentes com grande sa\u00edda. Desde instrumentos musicais, l\u00e2mpadas, fon\u00f3grafos, telefones e meios de transporte, muitos tipos foram criados.<\/p>\n<p>Hoje em dia existem afia-l\u00e1pis de mil e um feitios, principalmente para as crian\u00e7as, com formas de personagens de fic\u00e7\u00e3o e aventura e quase todos feitos de pl\u00e1stico, o que reduziu bastante o seu pre\u00e7o. Tamb\u00e9m existem afiadores el\u00e9tricos, bem mais caros, normalmente usados nas grandes empresas pelos executivos de topo.<\/p>\n<p>H\u00e1 portanto que melhorar esta vertente da ergonomia, at\u00e9 porque cerca de 11% da popula\u00e7\u00e3o mundial \u00e9 canhota, o que j\u00e1 representa um n\u00famero de pessoas consider\u00e1vel.<\/p>\n<p>&nbsp;<\/p>\n","protected":false},"excerpt":{"rendered":"<p>1,39\u20ac\/unid<\/p>\n","protected":false},"featured_media":77101,"comment_status":"closed","ping_status":"closed","template":"","meta":{"_themeisle_gutenberg_block_has_review":false},"product_brand":[],"product_cat":[250,571,815],"product_tag":[],"woo-feed-brand":[],"class_list":{"0":"post-20944","1":"product","2":"type-product","3":"status-publish","4":"has-post-thumbnail","6":"product_cat-ate-ti-negocios","7":"product_cat-papelaria","8":"product_cat-papelaria-e-consumiveis","10":"first","11":"instock","12":"taxable","13":"shipping-taxable","14":"purchasable","15":"product-type-simple"},"_links":{"self":[{"href":"https:\/\/www.ateti.pt\/loja\/wp-json\/wp\/v2\/product\/20944","targetHints":{"allow":["GET"]}}],"collection":[{"href":"https:\/\/www.ateti.pt\/loja\/wp-json\/wp\/v2\/product"}],"about":[{"href":"https:\/\/www.ateti.pt\/loja\/wp-json\/wp\/v2\/types\/product"}],"replies":[{"embeddable":true,"href":"https:\/\/www.ateti.pt\/loja\/wp-json\/wp\/v2\/comments?post=20944"}],"wp:featuredmedia":[{"embeddable":true,"href":"https:\/\/www.ateti.pt\/loja\/wp-json\/wp\/v2\/media\/77101"}],"wp:attachment":[{"href":"https:\/\/www.ateti.pt\/loja\/wp-json\/wp\/v2\/media?parent=20944"}],"wp:term":[{"taxonomy":"product_brand","embeddable":true,"href":"https:\/\/www.ateti.pt\/loja\/wp-json\/wp\/v2\/product_brand?post=20944"},{"taxonomy":"product_cat","embeddable":true,"href":"https:\/\/www.ateti.pt\/loja\/wp-json\/wp\/v2\/product_cat?post=20944"},{"taxonomy":"product_tag","embeddable":true,"href":"https:\/\/www.ateti.pt\/loja\/wp-json\/wp\/v2\/product_tag?post=20944"},{"taxonomy":"woo-feed-brand","embeddable":true,"href":"https:\/\/www.ateti.pt\/loja\/wp-json\/wp\/v2\/woo-feed-brand?post=20944"}],"curies":[{"name":"wp","href":"https:\/\/api.w.org\/{rel}","templated":true}]}}