{"id":20942,"date":"2022-04-22T16:18:50","date_gmt":"2022-04-22T15:18:50","guid":{"rendered":"https:\/\/www.ateti.pt\/loja\/?post_type=product&#038;p=20942"},"modified":"2025-10-13T12:52:26","modified_gmt":"2025-10-13T11:52:26","slug":"lapis-de-grafite-no2-hb-staedtler-noris","status":"publish","type":"product","link":"https:\/\/www.ateti.pt\/loja\/produto\/lapis-de-grafite-no2-hb-staedtler-noris\/","title":{"rendered":"L\u00e1pis de grafite N\u00ba2 HB Staedtler Noris"},"content":{"rendered":"<section class=\"c-gYBZre c-gXQJeI\">\n<div>\n<div id=\"description_kk_product\" data-created-id=\"8964\">\n<p><strong>L\u00e1pis de grafite N\u00ba2 HB Staedtler Noris<\/strong><\/p>\n<p>L\u00e1pis de grafite para escrever e desenhar com dupla colagem da mina contra a quebra.<\/p>\n<p>L\u00e1pis de grafite N\u00ba2 HB Staedtler Noris \u00e9 um l\u00e1pis ecol\u00f3gico, de madeira com certifica\u00e7\u00e3o PEFC, procedente de florestas de gest\u00e3o sustent\u00e1vel.<\/p>\n<\/div>\n<p>V\u00ea mais em <a href=\"https:\/\/www.ateti.pt\/loja\/categoria\/papelaria\/\">Papelaria<\/a><\/p>\n<\/div>\n<\/section>\n","protected":false},"excerpt":{"rendered":"<p>0,69\u20ac\/unidade<\/p>\n","protected":false},"featured_media":43961,"comment_status":"closed","ping_status":"closed","template":"","meta":{"_themeisle_gutenberg_block_has_review":false},"product_brand":[],"product_cat":[250,571,815],"product_tag":[],"woo-feed-brand":[],"class_list":{"0":"post-20942","1":"product","2":"type-product","3":"status-publish","4":"has-post-thumbnail","6":"product_cat-ate-ti-negocios","7":"product_cat-papelaria","8":"product_cat-papelaria-e-consumiveis","9":"ts_product_brand-staedtler","11":"first","12":"instock","13":"taxable","14":"shipping-taxable","15":"purchasable","16":"product-type-simple"},"_links":{"self":[{"href":"https:\/\/www.ateti.pt\/loja\/wp-json\/wp\/v2\/product\/20942","targetHints":{"allow":["GET"]}}],"collection":[{"href":"https:\/\/www.ateti.pt\/loja\/wp-json\/wp\/v2\/product"}],"about":[{"href":"https:\/\/www.ateti.pt\/loja\/wp-json\/wp\/v2\/types\/product"}],"replies":[{"embeddable":true,"href":"https:\/\/www.ateti.pt\/loja\/wp-json\/wp\/v2\/comments?post=20942"}],"wp:featuredmedia":[{"embeddable":true,"href":"https:\/\/www.ateti.pt\/loja\/wp-json\/wp\/v2\/media\/43961"}],"wp:attachment":[{"href":"https:\/\/www.ateti.pt\/loja\/wp-json\/wp\/v2\/media?parent=20942"}],"wp:term":[{"taxonomy":"product_brand","embeddable":true,"href":"https:\/\/www.ateti.pt\/loja\/wp-json\/wp\/v2\/product_brand?post=20942"},{"taxonomy":"product_cat","embeddable":true,"href":"https:\/\/www.ateti.pt\/loja\/wp-json\/wp\/v2\/product_cat?post=20942"},{"taxonomy":"product_tag","embeddable":true,"href":"https:\/\/www.ateti.pt\/loja\/wp-json\/wp\/v2\/product_tag?post=20942"},{"taxonomy":"woo-feed-brand","embeddable":true,"href":"https:\/\/www.ateti.pt\/loja\/wp-json\/wp\/v2\/woo-feed-brand?post=20942"}],"curies":[{"name":"wp","href":"https:\/\/api.w.org\/{rel}","templated":true}]}}