{"id":19200,"date":"2022-07-14T18:04:40","date_gmt":"2022-07-14T17:04:40","guid":{"rendered":"https:\/\/www.ateti.pt\/loja\/?post_type=product&#038;p=19200"},"modified":"2025-03-19T16:34:27","modified_gmt":"2025-03-19T16:34:27","slug":"espumante-rose-bruto-marques-de-marialva-75cl","status":"publish","type":"product","link":"https:\/\/www.ateti.pt\/loja\/produto\/espumante-rose-bruto-marques-de-marialva-75cl\/","title":{"rendered":"Espumante Ros\u00e9 Bruto 75cl Marqu\u00eas de Marialva"},"content":{"rendered":"<p><strong>Espumante Ros\u00e9 Bruto Marqu\u00eas de Marialva<\/strong><\/p>\n<p>Quantidade: 75cl<\/p>\n<p>\u00c1lcool: 12% vol.<\/p>\n<p>Alerg\u00e9nios: Cont\u00e9m sulfitos e di\u00f3xido de enxofre.<\/p>\n<p>Caracter\u00edsticas Gerais:<br \/>\nTipo: Ros\u00e9<\/p>\n<p>Castas:<br \/>\nBaga<\/p>\n<p>Vinifica\u00e7\u00e3o:<br \/>\nBica aberta, com temperatura de fermenta\u00e7\u00e3o controlada (17\/19\u00baC) e espumantiza\u00e7\u00e3o pelo m\u00e9todo cl\u00e1ssico. Envelhecimento: Est\u00e1gio de 12 meses em garrafa<\/p>\n<p>Temperatura para consumo:<br \/>\n6 a 8\u00baC<\/p>\n<p>Acompanhamento:<br \/>\nAcompanha bem iguarias ligeiras e sobremesas.<\/p>\n<p>Veja mais em <a href=\"https:\/\/www.ateti.pt\/loja\/categoria\/bebidas\/garrafeira\/espumante\/\">Espumantes<\/a><\/p>\n","protected":false},"excerpt":{"rendered":"<p>9,19\u20ac\/l<\/p>\n","protected":false},"featured_media":19203,"comment_status":"closed","ping_status":"closed","template":"","meta":{"_themeisle_gutenberg_block_has_review":false},"product_brand":[],"product_cat":[158,739,625,173],"product_tag":[],"woo-feed-brand":[],"class_list":{"0":"post-19200","1":"product","2":"type-product","3":"status-publish","4":"has-post-thumbnail","6":"product_cat-bebidas","7":"product_cat-bebidas-de-natal","8":"product_cat-espumante","9":"product_cat-garrafeira","10":"ts_product_brand-marques-de-marialva","12":"first","13":"instock","14":"sale","15":"taxable","16":"shipping-taxable","17":"purchasable","18":"product-type-simple"},"_links":{"self":[{"href":"https:\/\/www.ateti.pt\/loja\/wp-json\/wp\/v2\/product\/19200","targetHints":{"allow":["GET"]}}],"collection":[{"href":"https:\/\/www.ateti.pt\/loja\/wp-json\/wp\/v2\/product"}],"about":[{"href":"https:\/\/www.ateti.pt\/loja\/wp-json\/wp\/v2\/types\/product"}],"replies":[{"embeddable":true,"href":"https:\/\/www.ateti.pt\/loja\/wp-json\/wp\/v2\/comments?post=19200"}],"wp:featuredmedia":[{"embeddable":true,"href":"https:\/\/www.ateti.pt\/loja\/wp-json\/wp\/v2\/media\/19203"}],"wp:attachment":[{"href":"https:\/\/www.ateti.pt\/loja\/wp-json\/wp\/v2\/media?parent=19200"}],"wp:term":[{"taxonomy":"product_brand","embeddable":true,"href":"https:\/\/www.ateti.pt\/loja\/wp-json\/wp\/v2\/product_brand?post=19200"},{"taxonomy":"product_cat","embeddable":true,"href":"https:\/\/www.ateti.pt\/loja\/wp-json\/wp\/v2\/product_cat?post=19200"},{"taxonomy":"product_tag","embeddable":true,"href":"https:\/\/www.ateti.pt\/loja\/wp-json\/wp\/v2\/product_tag?post=19200"},{"taxonomy":"woo-feed-brand","embeddable":true,"href":"https:\/\/www.ateti.pt\/loja\/wp-json\/wp\/v2\/woo-feed-brand?post=19200"}],"curies":[{"name":"wp","href":"https:\/\/api.w.org\/{rel}","templated":true}]}}