{"id":18977,"date":"2020-07-31T17:59:26","date_gmt":"2020-07-31T16:59:26","guid":{"rendered":"https:\/\/www.ateti.pt\/loja\/?post_type=product&#038;p=18977"},"modified":"2025-05-14T16:28:19","modified_gmt":"2025-05-14T15:28:19","slug":"leite-uth-m-gordo-matinal-1l","status":"publish","type":"product","link":"https:\/\/www.ateti.pt\/loja\/produto\/leite-uth-m-gordo-matinal-1l\/","title":{"rendered":"Leite UHT Meio Gordo Matinal 1L"},"content":{"rendered":"<p><strong>Leite UTH M\/gordo Matinal<\/strong><\/p>\n<p>Quantidade: 1L<\/p>\n<p><b>Benef\u00edcios: <\/b>O teor de gordura do leite varia consoante seja magro, meio gordo ou gordo. Com essa varia\u00e7\u00e3o, diferem, tamb\u00e9m, os teores de algumas vitaminas que est\u00e3o associadas \u00e0 gordura, como as vitaminas A e D, mais abundantes nas vers\u00f5es com percentagens superiores de gordura. J\u00e1 no que diz respeito ao teor de prote\u00ednas, que s\u00e3o de alto valor biol\u00f3gico, minerais, como c\u00e1lcio, pot\u00e1ssio e f\u00f3sforo, e vitaminas do complexo B, sobretudo B2 e B12, n\u00e3o se registam diferen\u00e7as significativas.<\/p>\n<p><strong>Conserva\u00e7\u00e3o: <\/strong>Local fresco e seco. Depois de aberto deve ser refrigerado e conservado na pr\u00f3pria embalagem, bem fechada. Consumir conforme mencionado na embalagem.<\/p>\n<p>Veja mais em <a href=\"https:\/\/www.ateti.pt\/loja\/categoria\/mercearia\/laticinios\/\">Latic\u00ednios<\/a><\/p>\n","protected":false},"excerpt":{"rendered":"<p>1.02\u20ac lt<\/p>\n","protected":false},"featured_media":55955,"comment_status":"closed","ping_status":"closed","template":"","meta":{"_themeisle_gutenberg_block_has_review":false},"product_brand":[],"product_cat":[891,157,132],"product_tag":[],"woo-feed-brand":[],"class_list":{"0":"post-18977","1":"product","2":"type-product","3":"status-publish","4":"has-post-thumbnail","6":"product_cat-iva-zero","7":"product_cat-laticinios","8":"product_cat-mercearia","9":"ts_product_brand-matinal","11":"first","12":"instock","13":"sale","14":"taxable","15":"shipping-taxable","16":"purchasable","17":"product-type-simple"},"_links":{"self":[{"href":"https:\/\/www.ateti.pt\/loja\/wp-json\/wp\/v2\/product\/18977","targetHints":{"allow":["GET"]}}],"collection":[{"href":"https:\/\/www.ateti.pt\/loja\/wp-json\/wp\/v2\/product"}],"about":[{"href":"https:\/\/www.ateti.pt\/loja\/wp-json\/wp\/v2\/types\/product"}],"replies":[{"embeddable":true,"href":"https:\/\/www.ateti.pt\/loja\/wp-json\/wp\/v2\/comments?post=18977"}],"wp:featuredmedia":[{"embeddable":true,"href":"https:\/\/www.ateti.pt\/loja\/wp-json\/wp\/v2\/media\/55955"}],"wp:attachment":[{"href":"https:\/\/www.ateti.pt\/loja\/wp-json\/wp\/v2\/media?parent=18977"}],"wp:term":[{"taxonomy":"product_brand","embeddable":true,"href":"https:\/\/www.ateti.pt\/loja\/wp-json\/wp\/v2\/product_brand?post=18977"},{"taxonomy":"product_cat","embeddable":true,"href":"https:\/\/www.ateti.pt\/loja\/wp-json\/wp\/v2\/product_cat?post=18977"},{"taxonomy":"product_tag","embeddable":true,"href":"https:\/\/www.ateti.pt\/loja\/wp-json\/wp\/v2\/product_tag?post=18977"},{"taxonomy":"woo-feed-brand","embeddable":true,"href":"https:\/\/www.ateti.pt\/loja\/wp-json\/wp\/v2\/woo-feed-brand?post=18977"}],"curies":[{"name":"wp","href":"https:\/\/api.w.org\/{rel}","templated":true}]}}