{"id":18908,"date":"2020-07-29T16:07:24","date_gmt":"2020-07-29T15:07:24","guid":{"rendered":"https:\/\/www.ateti.pt\/loja\/?post_type=product&#038;p=18908"},"modified":"2024-03-05T17:42:29","modified_gmt":"2024-03-05T17:42:29","slug":"pao-de-hamburguer-dulia-4un","status":"publish","type":"product","link":"https:\/\/www.ateti.pt\/loja\/produto\/pao-de-hamburguer-dulia-4un\/","title":{"rendered":"P\u00e3o de Hamburguer Dulia 4un."},"content":{"rendered":"<p><b>P\u00e3o de Hamb\u00farguer Dulia<\/b><\/p>\n<p>Quantidade: 4un<\/p>\n<p><strong>Ingredientes:\u00a0<\/strong>Farinha de trigo, \u00e1gua, levedura, a\u00e7\u00facar, gl\u00faten de trigo, vinagre, sementes de s\u00e9samo(1%), sal, \u00f3leo de girassol refinado, conservantes (E-282, E-200), emulsionante vegetal (E-466), agentes de tratamento da farinha (E-300, E-920). Pode conter: soja, mostarda.<\/p>\n<p><strong>Valores nutricionais por 100g de produto:\u00a0<\/strong><\/p>\n<p>Energia: 1102kj\/261kcal; L\u00edpidos:45g, dos quais saturados: 1.2g; Hidratos de Carbono: 45g, dos quais a\u00e7\u00facares: 5.4g; Fibra: 2.7g; Prote\u00ednas: 9.3g; Sal: 1.0g.<\/p>\n<p>Conservar em local fresco e seco.<\/p>\n<p>Veja mais em <a href=\"https:\/\/www.ateti.pt\/loja\/categoria\/mercearia\/chocolates-biscoitos-e-cereais\/pequeno-almoco-e-cereais\/\">Pequeno Almo\u00e7o e Cereais<\/a><\/p>\n","protected":false},"excerpt":{"rendered":"<p>0.36\u20ac\/un<\/p>\n","protected":false},"featured_media":60897,"comment_status":"closed","ping_status":"closed","template":"","meta":{"_themeisle_gutenberg_block_has_review":false},"product_brand":[],"product_cat":[144,176,891,132,665,598,145],"product_tag":[],"woo-feed-brand":[],"class_list":{"0":"post-18908","1":"product","2":"type-product","3":"status-publish","4":"has-post-thumbnail","6":"product_cat-chocolates-biscoitos-e-cereais","7":"product_cat-diversos","8":"product_cat-iva-zero","9":"product_cat-mercearia","10":"product_cat-padaria","11":"product_cat-padaria-pastelaria","12":"product_cat-pequeno-almoco-e-cereais","13":"ts_product_brand-dulia","15":"first","16":"instock","17":"taxable","18":"shipping-taxable","19":"purchasable","20":"product-type-simple"},"_links":{"self":[{"href":"https:\/\/www.ateti.pt\/loja\/wp-json\/wp\/v2\/product\/18908","targetHints":{"allow":["GET"]}}],"collection":[{"href":"https:\/\/www.ateti.pt\/loja\/wp-json\/wp\/v2\/product"}],"about":[{"href":"https:\/\/www.ateti.pt\/loja\/wp-json\/wp\/v2\/types\/product"}],"replies":[{"embeddable":true,"href":"https:\/\/www.ateti.pt\/loja\/wp-json\/wp\/v2\/comments?post=18908"}],"wp:featuredmedia":[{"embeddable":true,"href":"https:\/\/www.ateti.pt\/loja\/wp-json\/wp\/v2\/media\/60897"}],"wp:attachment":[{"href":"https:\/\/www.ateti.pt\/loja\/wp-json\/wp\/v2\/media?parent=18908"}],"wp:term":[{"taxonomy":"product_brand","embeddable":true,"href":"https:\/\/www.ateti.pt\/loja\/wp-json\/wp\/v2\/product_brand?post=18908"},{"taxonomy":"product_cat","embeddable":true,"href":"https:\/\/www.ateti.pt\/loja\/wp-json\/wp\/v2\/product_cat?post=18908"},{"taxonomy":"product_tag","embeddable":true,"href":"https:\/\/www.ateti.pt\/loja\/wp-json\/wp\/v2\/product_tag?post=18908"},{"taxonomy":"woo-feed-brand","embeddable":true,"href":"https:\/\/www.ateti.pt\/loja\/wp-json\/wp\/v2\/woo-feed-brand?post=18908"}],"curies":[{"name":"wp","href":"https:\/\/api.w.org\/{rel}","templated":true}]}}