{"id":18785,"date":"2020-07-21T12:33:09","date_gmt":"2020-07-21T11:33:09","guid":{"rendered":"https:\/\/www.ateti.pt\/loja\/?post_type=product&#038;p=18785"},"modified":"2025-04-16T17:31:12","modified_gmt":"2025-04-16T16:31:12","slug":"atum-posta-oleo-adonis-lata-120g","status":"publish","type":"product","link":"https:\/\/www.ateti.pt\/loja\/produto\/atum-posta-oleo-adonis-lata-120g\/","title":{"rendered":"Atum Posta \u00d3leo Adonis 120g"},"content":{"rendered":"<p><strong>Atum Posta \u00d3leo Adonis\u00a0<\/strong><\/p>\n<p>Quantidade: 120g<\/p>\n<p><strong>Ingredientes:<\/strong> Atum 65% , \u00f3leo de girassol 34% , sal<\/p>\n<p><strong>Declara\u00e7\u00e3o nutricional ( valores m\u00e9dios por 100gr produto escorrido): <\/strong>Energia: 889 KJ\/213 Kcal; L\u00edpidos: 13 g, dos quais\u00a0 saturados: 2,1 g; Hidratos de carbono: 0 g, dos quais a\u00e7\u00facares: 0 g; Prote\u00ednas: 23 g; Sal: 1,18 g.<\/p>\n<div>\n<p>Sugest\u00e3o de receita<\/p>\n<h5>Salada de gr\u00e3o de bico e atum<\/h5>\n<p><strong>Ingredientes:<\/strong><\/p>\n<p>4 ovos<\/p>\n<p>1 cebola<\/p>\n<p>1 pepino<\/p>\n<p>1 tomate<\/p>\n<p>2 latas de atum posta \u00f3leo Adonis<\/p>\n<div class=\"code-block code-block-20\">\n<div id=\"ncultura.pt_responsive_hr_desktop_60_percentage_04-3\" class=\"demand-supply\" data-ad=\"ncultura.pt_responsive_hr_desktop_60_percentage_04\" data-devices=\"m:0,t:1,d:1\" data-ds-status=\"done\">1 lata de milho<\/div>\n<\/div>\n<p>1 frasco Gr\u00e3o de Bico<\/p>\n<p>Salsa q.b.<\/p>\n<p>Azeitonas pretas q.b. (descaro\u00e7adas)<\/p>\n<p><strong>Para o tempero:<\/strong><\/p>\n<p>3 colheres de sopa de azeite<\/p>\n<p>1 c. de sopa com vinagre de vinho branco<\/p>\n<p>1 c. de sobremesa com mostarda em p\u00f3<\/p>\n<p>Sal q.b.<\/p>\n<p>Pimenta preta q.b.<\/p>\n<p><strong>Prepara\u00e7\u00e3o:<\/strong><\/p>\n<p>Coloque a cozer em \u00e1gua os ovos por 10 minutos.<\/p>\n<p>Entretanto, escorra o atum, o gr\u00e3o de bico e o milho. Reserve.<\/p>\n<p>Lave bem o pepino. Fa\u00e7a o mesmo com o tomate.<\/p>\n<p>Corte o tomate em peda\u00e7os. Descasque o pepino e corte-o \u00e0s rodelas finas. Reserve.<\/p>\n<p>Corte as azeitonas em rodelas. Reserve.<\/p>\n<p>Pique a cebola grosseiramente. Fa\u00e7a o mesmo com a salsa.<\/p>\n<p>Coloque numa saladeira: gr\u00e3o-de-bico, milho, tomate, pepino e cebola. Misture bem.<\/p>\n<p>Depois, misture o azeite, o vinagre e a mostarda, preparando o molho.<\/p>\n<p>Mexa bem de forma a incorporar tudo.<\/p>\n<p>Tempere com sal e pimenta.<\/p>\n<p>Regue com o molho o preparado anterior e, depois, misture bem.<\/p>\n<p>Distribua por toda a parte o atum escorrido e desfeito. Envolva tudo.<\/p>\n<p>Junte os ovos e as azeitonas.<\/p>\n<p>Polvilhe com salsa e sirva.<\/p>\n<\/div>\n<p>Veja mais em <a href=\"https:\/\/www.ateti.pt\/loja\/categoria\/mercearia\/conservas\/\">Conservas<\/a><\/p>\n","protected":false},"excerpt":{"rendered":"<p>6.58\u20ac\/Kg<\/p>\n","protected":false},"featured_media":57070,"comment_status":"closed","ping_status":"closed","template":"","meta":{"_themeisle_gutenberg_block_has_review":false},"product_brand":[],"product_cat":[155,891,132],"product_tag":[],"woo-feed-brand":[],"class_list":{"0":"post-18785","1":"product","2":"type-product","3":"status-publish","4":"has-post-thumbnail","6":"product_cat-conservas","7":"product_cat-iva-zero","8":"product_cat-mercearia","9":"ts_product_brand-adonis","11":"first","12":"instock","13":"taxable","14":"shipping-taxable","15":"purchasable","16":"product-type-simple"},"_links":{"self":[{"href":"https:\/\/www.ateti.pt\/loja\/wp-json\/wp\/v2\/product\/18785","targetHints":{"allow":["GET"]}}],"collection":[{"href":"https:\/\/www.ateti.pt\/loja\/wp-json\/wp\/v2\/product"}],"about":[{"href":"https:\/\/www.ateti.pt\/loja\/wp-json\/wp\/v2\/types\/product"}],"replies":[{"embeddable":true,"href":"https:\/\/www.ateti.pt\/loja\/wp-json\/wp\/v2\/comments?post=18785"}],"wp:featuredmedia":[{"embeddable":true,"href":"https:\/\/www.ateti.pt\/loja\/wp-json\/wp\/v2\/media\/57070"}],"wp:attachment":[{"href":"https:\/\/www.ateti.pt\/loja\/wp-json\/wp\/v2\/media?parent=18785"}],"wp:term":[{"taxonomy":"product_brand","embeddable":true,"href":"https:\/\/www.ateti.pt\/loja\/wp-json\/wp\/v2\/product_brand?post=18785"},{"taxonomy":"product_cat","embeddable":true,"href":"https:\/\/www.ateti.pt\/loja\/wp-json\/wp\/v2\/product_cat?post=18785"},{"taxonomy":"product_tag","embeddable":true,"href":"https:\/\/www.ateti.pt\/loja\/wp-json\/wp\/v2\/product_tag?post=18785"},{"taxonomy":"woo-feed-brand","embeddable":true,"href":"https:\/\/www.ateti.pt\/loja\/wp-json\/wp\/v2\/woo-feed-brand?post=18785"}],"curies":[{"name":"wp","href":"https:\/\/api.w.org\/{rel}","templated":true}]}}