{"id":18755,"date":"2020-07-17T10:09:53","date_gmt":"2020-07-17T09:09:53","guid":{"rendered":"https:\/\/www.ateti.pt\/loja\/?post_type=product&#038;p=18755"},"modified":"2024-11-05T10:47:32","modified_gmt":"2024-11-05T10:47:32","slug":"toalhitas-bebe-dodot-basico-54-unid","status":"publish","type":"product","link":"https:\/\/www.ateti.pt\/loja\/produto\/toalhitas-bebe-dodot-basico-54-unid\/","title":{"rendered":"Toalhitas Beb\u00e9 Dodot B\u00e1sico 54 un"},"content":{"rendered":"<h5>Toalhitas Beb\u00e9 Dodot B\u00e1sico<\/h5>\n<p>Quantidade: 54 unid<\/p>\n<div class=\"pbf-list \">\n<div class=\"sc-fbNXWD jeKmcJ product-features pure\" data-cy=\"product-features\">\n<div class=\"pbf-wrapper\">\n<div class=\"pbf-box pbf-box--left\">\n<div class=\"pbf-media \"><\/div>\n<div class=\"pbf-desc \">\n<div class=\"pbf-desc--details \">\n<div class=\"title\"><strong>Limpeza Dodot<\/strong><\/div>\n<p>Limpam e refrescam a pele do rabinho, das m\u00e3os e do rosto.<\/p>\n<\/div>\n<\/div>\n<\/div>\n<\/div>\n<\/div>\n<div class=\"sc-fbNXWD jeKmcJ product-features pure\" data-cy=\"product-features\">\n<div class=\"pbf-wrapper\">\n<div class=\"pbf-box pbf-box--right\">\n<div class=\"pbf-desc \">\n<div class=\"pbf-desc--details\">\n<div class=\"title\"><strong>Fragr\u00e2ncia suave<\/strong><\/div>\n<p>Para uma sensa\u00e7\u00e3o de frescura e uma experi\u00eancia agrad\u00e1vel no momento da muda da fralda.<\/p>\n<\/div>\n<\/div>\n<div class=\"pbf-media \"><\/div>\n<\/div>\n<\/div>\n<\/div>\n<div class=\"sc-fbNXWD jeKmcJ product-features pure\" data-cy=\"product-features\">\n<div class=\"pbf-wrapper\">\n<div class=\"pbf-box pbf-box--left\">\n<div class=\"pbf-media \"><\/div>\n<div class=\"pbf-desc \">\n<div class=\"pbf-desc--details \">\n<div class=\"title\"><strong>Uma sele\u00e7\u00e3o rigorosa dos nossos ingredientes<\/strong><\/div>\n<p>Trabalhando em colabora\u00e7\u00e3o com pediatras e toxicologistas.<\/p>\n<\/div>\n<\/div>\n<\/div>\n<\/div>\n<\/div>\n<\/div>\n<div class=\"pbf-header\">\n<h2 class=\"pbf-header-title font-pampers \">A seguran\u00e7a do beb\u00e9 em primeiro lugar.<\/h2>\n<\/div>\n<div class=\"pbf-list pbf-list--is-quality-safety\">\n<div class=\"sc-fbNXWD jeKmcJ product-features pure\" data-cy=\"product-features\">\n<div class=\"pbf-box pbf-box--left\">\n<div class=\"pbf-media event_button_click pbf-media--is-quality-safety\" data-action-detail=\"pdp_quality-safety-section_see-more\"><\/div>\n<div class=\"pbf-desc \">\n<div class=\"pbf-desc--details pbf-desc--detail_quality\">\n<div class=\"pbf-quality event_button_click\" data-action-detail=\"pdp_quality-safety-section_see-more\">\n<div class=\"title\"><strong>Testado dermatol\u00f3gica e clinicamente<\/strong><\/div>\n<p>Assegurando a seguran\u00e7a das fraldas pela pele dos beb\u00e9s.<\/p>\n<p>Veja mais em <a href=\"https:\/\/www.ateti.pt\/loja\/categoria\/bebe-crianca\/higiene-bebe-crianca\/\">Beb\u00e9 e Crian\u00e7a<\/a><\/p>\n<\/div>\n<\/div>\n<\/div>\n<\/div>\n<\/div>\n<\/div>\n","protected":false},"excerpt":{"rendered":"<p>0,02\u20ac\/unid<\/p>\n","protected":false},"featured_media":57072,"comment_status":"closed","ping_status":"closed","template":"","meta":{"_themeisle_gutenberg_block_has_review":false},"product_brand":[],"product_cat":[214,227],"product_tag":[],"woo-feed-brand":[],"class_list":{"0":"post-18755","1":"product","2":"type-product","3":"status-publish","4":"has-post-thumbnail","6":"product_cat-bebe-crianca","7":"product_cat-higiene-bebe-crianca","8":"ts_product_brand-dodot","10":"first","11":"instock","12":"taxable","13":"shipping-taxable","14":"purchasable","15":"product-type-simple"},"_links":{"self":[{"href":"https:\/\/www.ateti.pt\/loja\/wp-json\/wp\/v2\/product\/18755","targetHints":{"allow":["GET"]}}],"collection":[{"href":"https:\/\/www.ateti.pt\/loja\/wp-json\/wp\/v2\/product"}],"about":[{"href":"https:\/\/www.ateti.pt\/loja\/wp-json\/wp\/v2\/types\/product"}],"replies":[{"embeddable":true,"href":"https:\/\/www.ateti.pt\/loja\/wp-json\/wp\/v2\/comments?post=18755"}],"wp:featuredmedia":[{"embeddable":true,"href":"https:\/\/www.ateti.pt\/loja\/wp-json\/wp\/v2\/media\/57072"}],"wp:attachment":[{"href":"https:\/\/www.ateti.pt\/loja\/wp-json\/wp\/v2\/media?parent=18755"}],"wp:term":[{"taxonomy":"product_brand","embeddable":true,"href":"https:\/\/www.ateti.pt\/loja\/wp-json\/wp\/v2\/product_brand?post=18755"},{"taxonomy":"product_cat","embeddable":true,"href":"https:\/\/www.ateti.pt\/loja\/wp-json\/wp\/v2\/product_cat?post=18755"},{"taxonomy":"product_tag","embeddable":true,"href":"https:\/\/www.ateti.pt\/loja\/wp-json\/wp\/v2\/product_tag?post=18755"},{"taxonomy":"woo-feed-brand","embeddable":true,"href":"https:\/\/www.ateti.pt\/loja\/wp-json\/wp\/v2\/woo-feed-brand?post=18755"}],"curies":[{"name":"wp","href":"https:\/\/api.w.org\/{rel}","templated":true}]}}