{"id":18748,"date":"2020-07-16T17:45:41","date_gmt":"2020-07-16T16:45:41","guid":{"rendered":"https:\/\/www.ateti.pt\/loja\/?post_type=product&#038;p=18748"},"modified":"2025-04-03T09:16:29","modified_gmt":"2025-04-03T08:16:29","slug":"pepitas-chocolate-pantagruel-200g","status":"publish","type":"product","link":"https:\/\/www.ateti.pt\/loja\/produto\/pepitas-chocolate-pantagruel-200g\/","title":{"rendered":"Pepitas Chocolate Pantagruel 200g"},"content":{"rendered":"<h5>Pepitas Chocolate Pantagruel<\/h5>\n<p>Quantidade: 200g<\/p>\n<p><strong>Ingredientes:\u00a0<\/strong>\u00a0A\u00e7\u00facar, pasta de cacau, manteiga de cacau, soro de leite em p\u00f3, emulsionante (lecitina de soja) e aromatizante. Cacau: 43% m\u00ednimo.<\/p>\n<p><strong>Alergias ou Intoler\u00e2ncias: <\/strong>Pode conter vest\u00edgios de amendoim e nozes.\u00a0 Cont\u00e9m leite e soja.<\/p>\n<p><strong>Conserva\u00e7\u00e3o:<\/strong><\/p>\n<p>Temperatura ideal de conserva\u00e7\u00e3o: 15 \u2013 18\u00ba C.<\/p>\n<p>Conservar em local seco e fresco. Proteger da luz solar.<\/p>\n<p><strong>Declara\u00e7\u00e3o Nutricional por 100g:<\/strong>Valor Energ\u00e9tico: 2124kJ \/ 508Kcal;L\u00edpidos: 27g, dos quais saturados: 16g; Hidratos de Carbono: 57g,dos quais a\u00e7ucares: 51g;Fibras alimentares: 6,2g;Prote\u00ednas: 6,2g;Sal: 0,09g<em> .<\/em><\/p>\n<p>Veja mais em <a href=\"https:\/\/www.ateti.pt\/loja\/categoria\/mercearia\/chocolates-biscoitos-e-cereais\/chocolates\/\">Chocolates e Doces<\/a><\/p>\n<p>&nbsp;<\/p>\n","protected":false},"excerpt":{"rendered":"<p>14.45\u20ac\/kg<\/p>\n","protected":false},"featured_media":57074,"comment_status":"closed","ping_status":"closed","template":"","meta":{"_themeisle_gutenberg_block_has_review":false},"product_brand":[],"product_cat":[25,144,132,145],"product_tag":[],"woo-feed-brand":[],"class_list":{"0":"post-18748","1":"product","2":"type-product","3":"status-publish","4":"has-post-thumbnail","6":"product_cat-chocolates","7":"product_cat-chocolates-biscoitos-e-cereais","8":"product_cat-mercearia","9":"product_cat-pequeno-almoco-e-cereais","10":"ts_product_brand-pantagruel","12":"first","13":"instock","14":"sale","15":"taxable","16":"shipping-taxable","17":"purchasable","18":"product-type-simple"},"_links":{"self":[{"href":"https:\/\/www.ateti.pt\/loja\/wp-json\/wp\/v2\/product\/18748","targetHints":{"allow":["GET"]}}],"collection":[{"href":"https:\/\/www.ateti.pt\/loja\/wp-json\/wp\/v2\/product"}],"about":[{"href":"https:\/\/www.ateti.pt\/loja\/wp-json\/wp\/v2\/types\/product"}],"replies":[{"embeddable":true,"href":"https:\/\/www.ateti.pt\/loja\/wp-json\/wp\/v2\/comments?post=18748"}],"wp:featuredmedia":[{"embeddable":true,"href":"https:\/\/www.ateti.pt\/loja\/wp-json\/wp\/v2\/media\/57074"}],"wp:attachment":[{"href":"https:\/\/www.ateti.pt\/loja\/wp-json\/wp\/v2\/media?parent=18748"}],"wp:term":[{"taxonomy":"product_brand","embeddable":true,"href":"https:\/\/www.ateti.pt\/loja\/wp-json\/wp\/v2\/product_brand?post=18748"},{"taxonomy":"product_cat","embeddable":true,"href":"https:\/\/www.ateti.pt\/loja\/wp-json\/wp\/v2\/product_cat?post=18748"},{"taxonomy":"product_tag","embeddable":true,"href":"https:\/\/www.ateti.pt\/loja\/wp-json\/wp\/v2\/product_tag?post=18748"},{"taxonomy":"woo-feed-brand","embeddable":true,"href":"https:\/\/www.ateti.pt\/loja\/wp-json\/wp\/v2\/woo-feed-brand?post=18748"}],"curies":[{"name":"wp","href":"https:\/\/api.w.org\/{rel}","templated":true}]}}