{"id":18591,"date":"2020-07-07T11:23:51","date_gmt":"2020-07-07T10:23:51","guid":{"rendered":"https:\/\/www.ateti.pt\/loja\/?post_type=product&#038;p=18591"},"modified":"2026-02-18T16:40:56","modified_gmt":"2026-02-18T16:40:56","slug":"mopa-com-8-panos-espanador-e-pano-agarra-po-kit-swiffer","status":"publish","type":"product","link":"https:\/\/www.ateti.pt\/loja\/produto\/mopa-com-8-panos-espanador-e-pano-agarra-po-kit-swiffer\/","title":{"rendered":"Mopa com 8 Panos, Espanador e Pano Agarra P\u00f3 Kit Swiffer"},"content":{"rendered":"<p><strong>Mopa com 8 Panos, Espanador e Pano Kit Swiffer<\/strong><\/p>\n<p>Quantidade: 1 mopa e 8 panos<\/p>\n<h5>Vantagens Swiffer:<\/h5>\n<ul>\n<li>Remova o p\u00f3, os pelos de animais e outras part\u00edculas pequenas do ch\u00e3o com este pano de limpeza a seco da Swiffer.<\/li>\n<li>Limpe rapidamente com este pano de limpeza a seco da Swiffer, que remove o dobro da sujidade em compara\u00e7\u00e3o com os outros panos de limpeza.<\/li>\n<li>O pano \u00e9 compat\u00edvel com o sistema de limpeza a seco da Swiffer e \u00e9 capaz de remover cot\u00e3o, pelos de animais e p\u00f3 para um ch\u00e3o limpo e brilhante.<\/li>\n<li>Este pano de limpeza a seco da Swiffer \u00e9 fornecido numa caixa de 20 unidades para uma manuten\u00e7\u00e3o di\u00e1ria eficiente do ch\u00e3o.<\/li>\n<li>Remova o p\u00f3, o cot\u00e3o e os pelos de animais do ch\u00e3o.<\/li>\n<li>Desenvolvido para mopas secas da Swiffer<\/li>\n<li>Remove o dobro do p\u00f3 em compara\u00e7\u00e3o com os panos de limpeza padr\u00e3o<\/li>\n<\/ul>\n<p><b>Swiffer<\/b>\u00a0agarra 3x mais pelos, p\u00f3 e alerg\u00e9nios do que uma vassoura tradicional, podendo ser utilizado em <i>todas as superf\u00edcies<\/i>.\u00a0<b>Swiffer<\/b>\u00a0permite-lhe limpar facilmente qualquer recanto da sua casa, dada a sua\u00a0<i>cabe\u00e7a girat\u00f3ria a 360\u00b0<\/i>\u00a0e\u00a0<i>\u00a0utiliza\u00e7\u00e3o f\u00e1cil e c\u00f3moda<\/i>.<\/p>\n<h4><b>Onde e como utilizar?<\/b><\/h4>\n<p>Utilize Swiffer\u00a0 para a limpeza do ch\u00e3o, qualquer que seja o pavimento (incluindo vinil, laminado, madeira e cer\u00e2mica).<\/p>\n<p>O seu cabo foi especificamente concebido para que n\u00e3o exista necessidade de montagem, bastando estend\u00ea-lo completamente antes da primeira utiliza\u00e7\u00e3o. Os seus panos apresentam uma exclusiva estrutura em 3D que lhes permite agarrar e reter os p\u00ealos, o p\u00f3 e a sujidade, atrav\u00e9s das suas fibras eletrost\u00e1ticas e respectivo revestimento.<\/p>\n<p>\u00c9 f\u00e1cil e eficaz!<\/p>\n<p>Veja mais <a href=\"https:\/\/www.ateti.pt\/loja\/categoria\/higiene-e-limpeza\/limpeza\/diversos-limpeza\/\">Diversos<\/a><\/p>\n<p>&nbsp;<\/p>\n<p>&nbsp;<\/p>\n","protected":false},"excerpt":{"rendered":"<p>14,59\u20ac\/un.<\/p>\n","protected":false},"featured_media":57080,"comment_status":"closed","ping_status":"closed","template":"","meta":{"_themeisle_gutenberg_block_has_review":false},"product_brand":[],"product_cat":[190,233,204],"product_tag":[],"woo-feed-brand":[],"class_list":{"0":"post-18591","1":"product","2":"type-product","3":"status-publish","4":"has-post-thumbnail","6":"product_cat-desinfetantes-e-limpeza","7":"product_cat-diversos-limpeza","8":"product_cat-limpeza","9":"ts_product_brand-swiffer","11":"first","12":"instock","13":"taxable","14":"shipping-taxable","15":"purchasable","16":"product-type-simple"},"_links":{"self":[{"href":"https:\/\/www.ateti.pt\/loja\/wp-json\/wp\/v2\/product\/18591","targetHints":{"allow":["GET"]}}],"collection":[{"href":"https:\/\/www.ateti.pt\/loja\/wp-json\/wp\/v2\/product"}],"about":[{"href":"https:\/\/www.ateti.pt\/loja\/wp-json\/wp\/v2\/types\/product"}],"replies":[{"embeddable":true,"href":"https:\/\/www.ateti.pt\/loja\/wp-json\/wp\/v2\/comments?post=18591"}],"wp:featuredmedia":[{"embeddable":true,"href":"https:\/\/www.ateti.pt\/loja\/wp-json\/wp\/v2\/media\/57080"}],"wp:attachment":[{"href":"https:\/\/www.ateti.pt\/loja\/wp-json\/wp\/v2\/media?parent=18591"}],"wp:term":[{"taxonomy":"product_brand","embeddable":true,"href":"https:\/\/www.ateti.pt\/loja\/wp-json\/wp\/v2\/product_brand?post=18591"},{"taxonomy":"product_cat","embeddable":true,"href":"https:\/\/www.ateti.pt\/loja\/wp-json\/wp\/v2\/product_cat?post=18591"},{"taxonomy":"product_tag","embeddable":true,"href":"https:\/\/www.ateti.pt\/loja\/wp-json\/wp\/v2\/product_tag?post=18591"},{"taxonomy":"woo-feed-brand","embeddable":true,"href":"https:\/\/www.ateti.pt\/loja\/wp-json\/wp\/v2\/woo-feed-brand?post=18591"}],"curies":[{"name":"wp","href":"https:\/\/api.w.org\/{rel}","templated":true}]}}