{"id":18552,"date":"2021-03-06T11:27:31","date_gmt":"2021-03-06T10:27:31","guid":{"rendered":"https:\/\/www.ateti.pt\/loja\/?post_type=product&#038;p=18552"},"modified":"2023-10-06T12:26:06","modified_gmt":"2023-10-06T11:26:06","slug":"creme-nivea-75ml","status":"publish","type":"product","link":"https:\/\/www.ateti.pt\/loja\/produto\/creme-nivea-75ml\/","title":{"rendered":"Creme Nivea 75mL"},"content":{"rendered":"<h5>Creme Nivea<\/h5>\n<p>Quantidade: 75mL<\/p>\n<section class=\"nx-advantages nx-u-section nx-u-section--mob-separator nx-expand-section--hide-on-desktop nx-expand-section nx-expand-section--active nx-u-motion--animate nx-u-motion--applied\" data-anchor-text=\"Benef\u00edcios\" data-anchor-id=\"benefcios\" data-module=\"ExpandableSection\" data-test=\"advantages\" data-module-initialized=\"true\">\n<div class=\"nx-u-container nx-expand-section__container nx-expand-section__container--with-fade\">\n<div class=\"nx-benefits nx-benefits__advantages\" data-module=\"BenefitScrollBar\" data-module-initialized=\"true\">\n<div class=\"nx-benefits__scrollbar ps\">\n<div class=\"nx-benefits__list\">\n<h4>Benef\u00edcios:<\/h4>\n<div class=\" nx-benefit\">\n<ul>\n<li class=\"nx-benefit__title\">Sem parabenos<\/li>\n<\/ul>\n<\/div>\n<div class=\" nx-benefit\">\n<ul>\n<li class=\"nx-benefit__title\">Sem conservantes<\/li>\n<\/ul>\n<\/div>\n<div class=\" nx-benefit\">\n<ul>\n<li class=\"nx-benefit__title\">Nutritivo<\/li>\n<\/ul>\n<\/div>\n<div class=\" nx-benefit\">\n<ul>\n<li class=\"nx-benefit__title\">Hidratante<\/li>\n<\/ul>\n<\/div>\n<\/div>\n<\/div>\n<\/div>\n<div class=\"nx-benefits-list nx-benefits-list__advantages\">\n<ul class=\"nx-benefits-list__block\">\n<li class=\"nx-benefits-list__item\">\u00a0Cuidado intensivo e protetor.<\/li>\n<li class=\"nx-benefits-list__item\">\u00a0F\u00f3rmula de hidrata\u00e7\u00e3o intensiva.<\/li>\n<li class=\"nx-benefits-list__item\">\u00a0Ideal para uso di\u00e1rio em todas as zonas da pele.<\/li>\n<li class=\"nx-benefits-list__item\">\u00a0Compatibilidade com a pele dermatologicamente comprovada.<\/li>\n<\/ul>\n<\/div>\n<\/div>\n<\/section>\n<section class=\"nx-u-section nx-u-section--mob-separator nx-expand-section--hide-on-desktop nx-expand-section nx-u-motion--animate nx-u-motion--applied\" data-options=\"\" data-anchor-text=\"Saiba mais sobre este produto\" data-anchor-id=\"saiba-mais-sobre-este-produto\" data-module=\"ExpandableSection\" data-test=\"productInformationAndAwards\" data-module-initialized=\"true\">\n<div class=\"nx-u-container nx-expand-section__container nx-expand-section__container--with-fade\">\n<div class=\"nx-product-information\" data-product-id=\"60D502DE705A7E866E37B0E131C7B755\">\n<div class=\"nx-product-information__section\" data-test=\"productInformation\">\n<p class=\"nx-product-information__description\">Creme Nivea \u00e9 o hidratante original para toda a fam\u00edlia, perfeito para todo o corpo. Tem diversas utiliza\u00e7\u00f5es, como por exemplo, no cotovelos, joelhos, m\u00e3os e rosto &#8211; e \u00e9 adequado para adultos e crian\u00e7as.<\/p>\n<p class=\"nx-product-information__description\">Este produto ic\u00f3nico \u00e9 enriquecido com Eucerit, que fornece a pele com todo o cuidado de prote\u00e7\u00e3o de que necessita para ficar macia e suave.<\/p>\n<p class=\"nx-product-information__description\">Ideal para o uso di\u00e1rio, sempre que a pele precisa de cuidados.<\/p>\n<h4 class=\"nx-warning-text__headline\">Precau\u00e7\u00f5es:<\/h4>\n<p class=\"nx-warning-text__description\">Evitar contacto com a zona dos olhos.<\/p>\n<p>Veja mais em <a href=\"https:\/\/www.ateti.pt\/loja\/categoria\/higiene-e-limpeza\/higiene\/corpo\/\">Corpo<\/a><\/p>\n<\/div>\n<\/div>\n<\/div>\n<\/section>\n","protected":false},"excerpt":{"rendered":"<p>27.86\u20ac\/lt<\/p>\n","protected":false},"featured_media":56911,"comment_status":"closed","ping_status":"closed","template":"","meta":{"_themeisle_gutenberg_block_has_review":false},"product_brand":[],"product_cat":[203,212,190],"product_tag":[],"woo-feed-brand":[],"class_list":{"0":"post-18552","1":"product","2":"type-product","3":"status-publish","4":"has-post-thumbnail","6":"product_cat-beleza-e-higiene","7":"product_cat-corpo","8":"product_cat-desinfetantes-e-limpeza","9":"ts_product_brand-nivea","11":"first","12":"instock","13":"taxable","14":"shipping-taxable","15":"purchasable","16":"product-type-simple"},"_links":{"self":[{"href":"https:\/\/www.ateti.pt\/loja\/wp-json\/wp\/v2\/product\/18552","targetHints":{"allow":["GET"]}}],"collection":[{"href":"https:\/\/www.ateti.pt\/loja\/wp-json\/wp\/v2\/product"}],"about":[{"href":"https:\/\/www.ateti.pt\/loja\/wp-json\/wp\/v2\/types\/product"}],"replies":[{"embeddable":true,"href":"https:\/\/www.ateti.pt\/loja\/wp-json\/wp\/v2\/comments?post=18552"}],"wp:featuredmedia":[{"embeddable":true,"href":"https:\/\/www.ateti.pt\/loja\/wp-json\/wp\/v2\/media\/56911"}],"wp:attachment":[{"href":"https:\/\/www.ateti.pt\/loja\/wp-json\/wp\/v2\/media?parent=18552"}],"wp:term":[{"taxonomy":"product_brand","embeddable":true,"href":"https:\/\/www.ateti.pt\/loja\/wp-json\/wp\/v2\/product_brand?post=18552"},{"taxonomy":"product_cat","embeddable":true,"href":"https:\/\/www.ateti.pt\/loja\/wp-json\/wp\/v2\/product_cat?post=18552"},{"taxonomy":"product_tag","embeddable":true,"href":"https:\/\/www.ateti.pt\/loja\/wp-json\/wp\/v2\/product_tag?post=18552"},{"taxonomy":"woo-feed-brand","embeddable":true,"href":"https:\/\/www.ateti.pt\/loja\/wp-json\/wp\/v2\/woo-feed-brand?post=18552"}],"curies":[{"name":"wp","href":"https:\/\/api.w.org\/{rel}","templated":true}]}}