{"id":18536,"date":"2020-11-26T16:02:54","date_gmt":"2020-11-26T15:02:54","guid":{"rendered":"https:\/\/www.ateti.pt\/loja\/?post_type=product&#038;p=18536"},"modified":"2026-03-29T23:31:03","modified_gmt":"2026-03-29T22:31:03","slug":"desodorizante-axe-spray-refreshed-you-150ml","status":"publish","type":"product","link":"https:\/\/www.ateti.pt\/loja\/produto\/desodorizante-axe-spray-refreshed-you-150ml\/","title":{"rendered":"Desodorizante Axe Spray Refreshed You 150mL"},"content":{"rendered":"<p><strong>Desodorizante Axe Spray Refreshed You<\/strong><\/p>\n<p>Quantidade: 150mL<\/p>\n<p>Com o Desodorizante Axe Spray Refreshed You ir\u00e1 destacar a unicidade que h\u00e1 em ti. Porque ningu\u00e9m \u00e9 perfeito, mas toda a gente tem algo especial que o torna atraente.<\/p>\n<p><strong>Modo de utiliza\u00e7\u00e3o:\u00a0<\/strong>Roda a tampa para destapar o bot\u00e3o do spray. Aplica o spray a uma dist\u00e2ncia de 15 cm do corpo. Aplica um pouco de spray no peito e a magia acontece.<\/p>\n<p><strong>Ingredientes:\u00a0<\/strong>Alcohol Denat., Butane, Isobutane, Propane, Parfum, Ethylhexylglycerin, Alpha-Isomethyl Ionone, Citral, Citronellol, Coumarin, Geraniol, Hexyl Cinnamal, Hydroxycitronellal, Limonene, Linalool.<\/p>\n<p>Veja mais em <a href=\"https:\/\/www.ateti.pt\/loja\/categoria\/higiene-e-limpeza\/higiene\/higiene-masculina\/\">Higiene Masculina<\/a><\/p>\n","protected":false},"excerpt":{"rendered":"<p>27.93\u20ac\/lt<\/p>\n","protected":false},"featured_media":60817,"comment_status":"closed","ping_status":"closed","template":"","meta":{"_themeisle_gutenberg_block_has_review":false},"product_brand":[],"product_cat":[203,212,190,231],"product_tag":[],"woo-feed-brand":[],"class_list":{"0":"post-18536","1":"product","2":"type-product","3":"status-publish","4":"has-post-thumbnail","6":"product_cat-beleza-e-higiene","7":"product_cat-corpo","8":"product_cat-desinfetantes-e-limpeza","9":"product_cat-higiene-masculina","10":"ts_product_brand-axe","12":"first","13":"instock","14":"taxable","15":"shipping-taxable","16":"purchasable","17":"product-type-simple"},"_links":{"self":[{"href":"https:\/\/www.ateti.pt\/loja\/wp-json\/wp\/v2\/product\/18536","targetHints":{"allow":["GET"]}}],"collection":[{"href":"https:\/\/www.ateti.pt\/loja\/wp-json\/wp\/v2\/product"}],"about":[{"href":"https:\/\/www.ateti.pt\/loja\/wp-json\/wp\/v2\/types\/product"}],"replies":[{"embeddable":true,"href":"https:\/\/www.ateti.pt\/loja\/wp-json\/wp\/v2\/comments?post=18536"}],"wp:featuredmedia":[{"embeddable":true,"href":"https:\/\/www.ateti.pt\/loja\/wp-json\/wp\/v2\/media\/60817"}],"wp:attachment":[{"href":"https:\/\/www.ateti.pt\/loja\/wp-json\/wp\/v2\/media?parent=18536"}],"wp:term":[{"taxonomy":"product_brand","embeddable":true,"href":"https:\/\/www.ateti.pt\/loja\/wp-json\/wp\/v2\/product_brand?post=18536"},{"taxonomy":"product_cat","embeddable":true,"href":"https:\/\/www.ateti.pt\/loja\/wp-json\/wp\/v2\/product_cat?post=18536"},{"taxonomy":"product_tag","embeddable":true,"href":"https:\/\/www.ateti.pt\/loja\/wp-json\/wp\/v2\/product_tag?post=18536"},{"taxonomy":"woo-feed-brand","embeddable":true,"href":"https:\/\/www.ateti.pt\/loja\/wp-json\/wp\/v2\/woo-feed-brand?post=18536"}],"curies":[{"name":"wp","href":"https:\/\/api.w.org\/{rel}","templated":true}]}}