{"id":18526,"date":"2020-07-06T10:40:03","date_gmt":"2020-07-06T09:40:03","guid":{"rendered":"https:\/\/www.ateti.pt\/loja\/?post_type=product&#038;p=18526"},"modified":"2024-02-09T17:39:32","modified_gmt":"2024-02-09T17:39:32","slug":"amaciador-aloe-vera-garnier-fructis-350ml","status":"publish","type":"product","link":"https:\/\/www.ateti.pt\/loja\/produto\/amaciador-aloe-vera-garnier-fructis-350ml\/","title":{"rendered":"Amaciador Aloe Vera Garnier Fructis 350mL"},"content":{"rendered":"<h5>Amaciador Alo\u00e9 Vera Garnier Fructis<\/h5>\n<p>Quantidade: 350mL<\/p>\n<p class=\"product-detail__description\"><strong>Para cabelos normais a secos.<\/strong><\/p>\n<p>Amaciador Fructis Hair Food Alo\u00e9 Vera com uma f\u00f3rmula vegan e com 98% de ingredientes de origem natural deixa o cabelo purificado e hidratado, sem pesar.<\/p>\n<p><strong>O que cont\u00e9m:<\/strong><\/p>\n<p>F\u00f3rmula vegan e com 98% de ingredientes de origem natural \u00e0 base de alo\u00e9 vera e \u00f3leo de coco.<\/p>\n<p><strong>Resultado: <\/strong>Super Hidrata\u00e7\u00e3o, purificante e suavidade.<\/p>\n<p>Veja mais em <a href=\"https:\/\/www.ateti.pt\/loja\/categoria\/higiene-e-limpeza\/higiene\/cabelo\/\">Cabelo<\/a><\/p>\n","protected":false},"excerpt":{"rendered":"<p>14,26\u20ac\/lt<\/p>\n","protected":false},"featured_media":60802,"comment_status":"closed","ping_status":"closed","template":"","meta":{"_themeisle_gutenberg_block_has_review":false},"product_brand":[],"product_cat":[203,211,190],"product_tag":[],"woo-feed-brand":[],"class_list":{"0":"post-18526","1":"product","2":"type-product","3":"status-publish","4":"has-post-thumbnail","6":"product_cat-beleza-e-higiene","7":"product_cat-cabelo","8":"product_cat-desinfetantes-e-limpeza","9":"ts_product_brand-garnier-fructis","11":"first","12":"instock","13":"taxable","14":"shipping-taxable","15":"purchasable","16":"product-type-simple"},"_links":{"self":[{"href":"https:\/\/www.ateti.pt\/loja\/wp-json\/wp\/v2\/product\/18526","targetHints":{"allow":["GET"]}}],"collection":[{"href":"https:\/\/www.ateti.pt\/loja\/wp-json\/wp\/v2\/product"}],"about":[{"href":"https:\/\/www.ateti.pt\/loja\/wp-json\/wp\/v2\/types\/product"}],"replies":[{"embeddable":true,"href":"https:\/\/www.ateti.pt\/loja\/wp-json\/wp\/v2\/comments?post=18526"}],"wp:featuredmedia":[{"embeddable":true,"href":"https:\/\/www.ateti.pt\/loja\/wp-json\/wp\/v2\/media\/60802"}],"wp:attachment":[{"href":"https:\/\/www.ateti.pt\/loja\/wp-json\/wp\/v2\/media?parent=18526"}],"wp:term":[{"taxonomy":"product_brand","embeddable":true,"href":"https:\/\/www.ateti.pt\/loja\/wp-json\/wp\/v2\/product_brand?post=18526"},{"taxonomy":"product_cat","embeddable":true,"href":"https:\/\/www.ateti.pt\/loja\/wp-json\/wp\/v2\/product_cat?post=18526"},{"taxonomy":"product_tag","embeddable":true,"href":"https:\/\/www.ateti.pt\/loja\/wp-json\/wp\/v2\/product_tag?post=18526"},{"taxonomy":"woo-feed-brand","embeddable":true,"href":"https:\/\/www.ateti.pt\/loja\/wp-json\/wp\/v2\/woo-feed-brand?post=18526"}],"curies":[{"name":"wp","href":"https:\/\/api.w.org\/{rel}","templated":true}]}}