{"id":18522,"date":"2020-07-06T10:35:21","date_gmt":"2020-07-06T09:35:21","guid":{"rendered":"https:\/\/www.ateti.pt\/loja\/?post_type=product&#038;p=18522"},"modified":"2025-07-18T12:03:05","modified_gmt":"2025-07-18T11:03:05","slug":"shampoo-papaia-garnier-fructis-350ml","status":"publish","type":"product","link":"https:\/\/www.ateti.pt\/loja\/produto\/shampoo-papaia-garnier-fructis-350ml\/","title":{"rendered":"Champ\u00f4 Papaia Garnier Fructis 350mL"},"content":{"rendered":"<p><strong>Champ\u00f4 Papaia Garnier Fructis<\/strong><\/p>\n<p>Quantidade: 350mL<\/p>\n<p>Champ\u00f4 Papaia Garnier Fructis\u00a0com uma f\u00f3rmula vegan e com 98% de ingredientes de origem natural deixa o cabelo purificado e reparado, sem pesar.<\/p>\n<div class=\"product-note\">\n<div class=\"collapse\">\n<div id=\"collapse596368\" class=\"collapse__content collapse__content--collapsed\">\n<div class=\"product-note__description richtext\">\n<div id=\"ingredients-list\" data-ioplist=\"\">\n<p><strong>O que cont\u00e9m:<\/strong><\/p>\n<p>F\u00f3rmula vegan, 94% biodegrad\u00e1vel e com 98% de ingredientes de origem natural \u00e0 base de papaia e \u00f3leo de coco.<\/p>\n<\/div>\n<\/div>\n<\/div>\n<\/div>\n<\/div>\n<div class=\"product-note\">\n<div class=\"collapse\">\n<div id=\"search-content\">\n<div class=\"container\">\n<div class=\"row\">\n<div class=\"col-xs-12 col-sm-12\">\n<div class=\"collapse-list\">\n<div class=\"product-note\">\n<div class=\"collapse\">\n<div id=\"collapse811047\" class=\"collapse__content collapse__content--collapsed\">\n<div class=\"product-note__description richtext\">\n<p><strong>Resultado:<\/strong><\/p>\n<p>Super brilho, repara\u00e7\u00e3o e suavidade.<\/p>\n<p>Veja mais em <a href=\"https:\/\/www.ateti.pt\/loja\/categoria\/higiene-e-limpeza\/higiene\/cabelo\/\">Cabelo<\/a><\/p>\n<\/div>\n<\/div>\n<\/div>\n<\/div>\n<\/div>\n<\/div>\n<\/div>\n<\/div>\n<\/div>\n<div id=\"refapp-tabs-titles\" class=\"reviews-container\">\n<div id=\"ratings\" class=\"rr-conatiner rr-conatiner-outer\">\n<div class=\"rfp-rr-title-section-174-or rr-title-section\"><\/div>\n<\/div>\n<\/div>\n<\/div>\n<\/div>\n","protected":false},"excerpt":{"rendered":"<p>14,26\u20ac\/lt<\/p>\n","protected":false},"featured_media":60811,"comment_status":"closed","ping_status":"closed","template":"","meta":{"_themeisle_gutenberg_block_has_review":false},"product_brand":[],"product_cat":[203,211,190],"product_tag":[],"woo-feed-brand":[],"class_list":{"0":"post-18522","1":"product","2":"type-product","3":"status-publish","4":"has-post-thumbnail","6":"product_cat-beleza-e-higiene","7":"product_cat-cabelo","8":"product_cat-desinfetantes-e-limpeza","9":"ts_product_brand-garnier-fructis","11":"first","12":"instock","13":"taxable","14":"shipping-taxable","15":"purchasable","16":"product-type-simple"},"_links":{"self":[{"href":"https:\/\/www.ateti.pt\/loja\/wp-json\/wp\/v2\/product\/18522","targetHints":{"allow":["GET"]}}],"collection":[{"href":"https:\/\/www.ateti.pt\/loja\/wp-json\/wp\/v2\/product"}],"about":[{"href":"https:\/\/www.ateti.pt\/loja\/wp-json\/wp\/v2\/types\/product"}],"replies":[{"embeddable":true,"href":"https:\/\/www.ateti.pt\/loja\/wp-json\/wp\/v2\/comments?post=18522"}],"wp:featuredmedia":[{"embeddable":true,"href":"https:\/\/www.ateti.pt\/loja\/wp-json\/wp\/v2\/media\/60811"}],"wp:attachment":[{"href":"https:\/\/www.ateti.pt\/loja\/wp-json\/wp\/v2\/media?parent=18522"}],"wp:term":[{"taxonomy":"product_brand","embeddable":true,"href":"https:\/\/www.ateti.pt\/loja\/wp-json\/wp\/v2\/product_brand?post=18522"},{"taxonomy":"product_cat","embeddable":true,"href":"https:\/\/www.ateti.pt\/loja\/wp-json\/wp\/v2\/product_cat?post=18522"},{"taxonomy":"product_tag","embeddable":true,"href":"https:\/\/www.ateti.pt\/loja\/wp-json\/wp\/v2\/product_tag?post=18522"},{"taxonomy":"woo-feed-brand","embeddable":true,"href":"https:\/\/www.ateti.pt\/loja\/wp-json\/wp\/v2\/woo-feed-brand?post=18522"}],"curies":[{"name":"wp","href":"https:\/\/api.w.org\/{rel}","templated":true}]}}