{"id":17919,"date":"2020-06-18T15:15:00","date_gmt":"2020-06-18T14:15:00","guid":{"rendered":"https:\/\/www.ateti.pt\/loja\/?post_type=product&#038;p=17919"},"modified":"2026-03-25T16:42:43","modified_gmt":"2026-03-25T16:42:43","slug":"mini-tostas-minigrill-diatosta-350g","status":"publish","type":"product","link":"https:\/\/www.ateti.pt\/loja\/produto\/mini-tostas-minigrill-diatosta-350g\/","title":{"rendered":"Mini Tostas Minigrill 350g Diatosta"},"content":{"rendered":"<p><strong>Mini Tostas Minigrill Diatosta<\/strong><\/p>\n<p>Quantidade: 350g<\/p>\n<p>Mini tostas com farinha de trigo.<\/p>\n<p><strong>Ingredientes:<\/strong> Farinha de trigo (82%), \u00f3leo de girassol alto oleico, soro de leite, dextrose, extrato de malte (cevada), levedura, gl\u00faten de trigo, sal, farinha de soja, emulsionantes: E472e e E322 (soja), antioxidante: \u00e1cido asc\u00f3rbico. Pode conter vest\u00edgios de sementes de s\u00e9samo.<\/p>\n<p><strong>Declara\u00e7\u00e3o Nutricional (por 100g):<\/strong> Energia: 1674kj\/396kcal; L\u00edpidos: 7,1g; dos quais Saturados: 1g; Hidratos de Carbono: 70g; dos quais A\u00e7ucares: 4,9g; Fibras: 4,3g; Prote\u00ednas: 11g; Sal: 1g.<\/p>\n<p>Sugest\u00e3o de receita<\/p>\n<h5>Pat\u00ea de Salm\u00e3o<\/h5>\n<p><strong>Ingredientes:<\/strong><\/p>\n<ul>\n<li>1 lombo de salm\u00e3o com cerca de 300g<\/li>\n<li>150g de maionese<\/li>\n<li>2 colheres de sopa de natas<\/li>\n<li>1 colher de sopa de ketchup<\/li>\n<li>1 colher de sopa de azeite<\/li>\n<li>1 colher de caf\u00e9 de molho ingl\u00eas<\/li>\n<li>Cebolinho fresco picado<\/li>\n<li>Sumo de lima<\/li>\n<li>Sal<\/li>\n<li>Pimenta<\/li>\n<\/ul>\n<p><strong>Prepara\u00e7\u00e3o:<\/strong><\/p>\n<p>1. Tempere o salm\u00e3o de ambos os lados com sal, pimenta e sumo de lima.<\/p>\n<p>2. Numa frigideira, leve ao lume o azeite e deixe aquecer bem. Frite o lombo de salm\u00e3o em lume m\u00e9dio, 4 minutos de cada lado. Passado o tempo, retire o salm\u00e3o para um prato.<\/p>\n<p>3. Limpe o peixe de peles e de espinhas e com 2 garfos, desfie muito bem. Coloque numa tigela e deixe arrefecer 5 minutos.<\/p>\n<p>4. Ao salm\u00e3o, adicione o ketchup, o molho ingl\u00eas e as natas. Mexa muito bem e por fim, misture a maionese e o cebolinho. Depois de tudo bem misturado, leve ao frigor\u00edfico pelo menos 2 horas at\u00e9 que fique bem fresco.<\/p>\n<p>Sirva com <strong>Mini Tostas Minigrill Diatosta.<\/strong><\/p>\n<p>Bom apetite!<\/p>\n<p>Veja mais em <a href=\"https:\/\/www.ateti.pt\/loja\/categoria\/mercearia\/aperitivos\/\">Aperitivos<\/a><\/p>\n","protected":false},"excerpt":{"rendered":"<p>8.54\u20ac\/kg<\/p>\n","protected":false},"featured_media":17976,"comment_status":"closed","ping_status":"closed","template":"","meta":{"_themeisle_gutenberg_block_has_review":false},"product_brand":[],"product_cat":[206,132],"product_tag":[],"woo-feed-brand":[],"class_list":{"0":"post-17919","1":"product","2":"type-product","3":"status-publish","4":"has-post-thumbnail","6":"product_cat-aperitivos","7":"product_cat-mercearia","8":"ts_product_brand-minigrill","10":"first","11":"instock","12":"taxable","13":"shipping-taxable","14":"purchasable","15":"product-type-simple"},"_links":{"self":[{"href":"https:\/\/www.ateti.pt\/loja\/wp-json\/wp\/v2\/product\/17919","targetHints":{"allow":["GET"]}}],"collection":[{"href":"https:\/\/www.ateti.pt\/loja\/wp-json\/wp\/v2\/product"}],"about":[{"href":"https:\/\/www.ateti.pt\/loja\/wp-json\/wp\/v2\/types\/product"}],"replies":[{"embeddable":true,"href":"https:\/\/www.ateti.pt\/loja\/wp-json\/wp\/v2\/comments?post=17919"}],"wp:featuredmedia":[{"embeddable":true,"href":"https:\/\/www.ateti.pt\/loja\/wp-json\/wp\/v2\/media\/17976"}],"wp:attachment":[{"href":"https:\/\/www.ateti.pt\/loja\/wp-json\/wp\/v2\/media?parent=17919"}],"wp:term":[{"taxonomy":"product_brand","embeddable":true,"href":"https:\/\/www.ateti.pt\/loja\/wp-json\/wp\/v2\/product_brand?post=17919"},{"taxonomy":"product_cat","embeddable":true,"href":"https:\/\/www.ateti.pt\/loja\/wp-json\/wp\/v2\/product_cat?post=17919"},{"taxonomy":"product_tag","embeddable":true,"href":"https:\/\/www.ateti.pt\/loja\/wp-json\/wp\/v2\/product_tag?post=17919"},{"taxonomy":"woo-feed-brand","embeddable":true,"href":"https:\/\/www.ateti.pt\/loja\/wp-json\/wp\/v2\/woo-feed-brand?post=17919"}],"curies":[{"name":"wp","href":"https:\/\/api.w.org\/{rel}","templated":true}]}}