{"id":17885,"date":"2020-06-17T16:45:21","date_gmt":"2020-06-17T15:45:21","guid":{"rendered":"https:\/\/www.ateti.pt\/loja\/?post_type=product&#038;p=17885"},"modified":"2026-03-07T16:44:03","modified_gmt":"2026-03-07T16:44:03","slug":"gel-de-banho-para-homem-axe-excite-400ml","status":"publish","type":"product","link":"https:\/\/www.ateti.pt\/loja\/produto\/gel-de-banho-para-homem-axe-excite-400ml\/","title":{"rendered":"Gel de Banho para Homem Axe Excite 400mL"},"content":{"rendered":"<h5>Gel de Banho para Homem Axe Excite<\/h5>\n<p>Arom\u00e1tico \/ Passar perfume \/ Revigorante<\/p>\n<p>Amadeirado e Doce<\/p>\n<p>Uma fragr\u00e2ncia amadeirada com um toque de do\u00e7ura: notas de coco, avel\u00e3 e caramelo.<\/p>\n<p>Uma fragr\u00e2ncia diferente da que nunca tentaste at\u00e9 agora, muito doce sem ser enjoativo. Notas amadeiradas viciantes se misturam subtilmente com irresist\u00edvel coco, avel\u00e3 e caramelo.<\/p>\n<p>Coloca na palma da m\u00e3o e esfrega para fazer uma espuma rica, para come\u00e7ares o dia ou a noite revitalizado. Enxagua bem e termina com a tua fragr\u00e2ncia preferida da Axe.<\/p>\n<p>Combina este gel de duche com toda a gama Axe Excite.<\/p>\n<p><strong>Modo de utiliza\u00e7\u00e3o:<\/strong><\/p>\n<p>Aperta o gel de banho. Faz espuma no corpo. Enxagua. Fica limpo. Perfumado.<\/p>\n<p><strong>Quantidade:<\/strong> 400mL<\/p>\n<p>Veja mais em <a href=\"https:\/\/www.ateti.pt\/loja\/categoria\/higiene-e-limpeza\/higiene\/corpo\/\">Corpo<\/a><\/p>\n","protected":false},"excerpt":{"rendered":"<p>12.225\u20ac\/L<\/p>\n","protected":false},"featured_media":60809,"comment_status":"closed","ping_status":"closed","template":"","meta":{"_themeisle_gutenberg_block_has_review":false},"product_brand":[],"product_cat":[203,212,190,231],"product_tag":[],"woo-feed-brand":[],"class_list":{"0":"post-17885","1":"product","2":"type-product","3":"status-publish","4":"has-post-thumbnail","6":"product_cat-beleza-e-higiene","7":"product_cat-corpo","8":"product_cat-desinfetantes-e-limpeza","9":"product_cat-higiene-masculina","10":"ts_product_brand-axe","12":"first","13":"instock","14":"taxable","15":"shipping-taxable","16":"purchasable","17":"product-type-simple"},"_links":{"self":[{"href":"https:\/\/www.ateti.pt\/loja\/wp-json\/wp\/v2\/product\/17885","targetHints":{"allow":["GET"]}}],"collection":[{"href":"https:\/\/www.ateti.pt\/loja\/wp-json\/wp\/v2\/product"}],"about":[{"href":"https:\/\/www.ateti.pt\/loja\/wp-json\/wp\/v2\/types\/product"}],"replies":[{"embeddable":true,"href":"https:\/\/www.ateti.pt\/loja\/wp-json\/wp\/v2\/comments?post=17885"}],"wp:featuredmedia":[{"embeddable":true,"href":"https:\/\/www.ateti.pt\/loja\/wp-json\/wp\/v2\/media\/60809"}],"wp:attachment":[{"href":"https:\/\/www.ateti.pt\/loja\/wp-json\/wp\/v2\/media?parent=17885"}],"wp:term":[{"taxonomy":"product_brand","embeddable":true,"href":"https:\/\/www.ateti.pt\/loja\/wp-json\/wp\/v2\/product_brand?post=17885"},{"taxonomy":"product_cat","embeddable":true,"href":"https:\/\/www.ateti.pt\/loja\/wp-json\/wp\/v2\/product_cat?post=17885"},{"taxonomy":"product_tag","embeddable":true,"href":"https:\/\/www.ateti.pt\/loja\/wp-json\/wp\/v2\/product_tag?post=17885"},{"taxonomy":"woo-feed-brand","embeddable":true,"href":"https:\/\/www.ateti.pt\/loja\/wp-json\/wp\/v2\/woo-feed-brand?post=17885"}],"curies":[{"name":"wp","href":"https:\/\/api.w.org\/{rel}","templated":true}]}}