{"id":17843,"date":"2020-06-17T12:28:14","date_gmt":"2020-06-17T11:28:14","guid":{"rendered":"https:\/\/www.ateti.pt\/loja\/?post_type=product&#038;p=17843"},"modified":"2026-02-04T17:28:42","modified_gmt":"2026-02-04T17:28:42","slug":"tortitas-de-milho-com-chocolate-negro-vitalday-gullon","status":"publish","type":"product","link":"https:\/\/www.ateti.pt\/loja\/produto\/tortitas-de-milho-com-chocolate-negro-vitalday-gullon\/","title":{"rendered":"Tortitas de Milho com Chocolate Negro Vitalday 4packs Gull\u00f3n"},"content":{"rendered":"<p><strong>Tortitas Milho Chocolate Negro Gull\u00f3n<\/strong><\/p>\n<p>Quantidade: 4packs<\/p>\n<p>Tortitas de milho cobertas de chocolate negro sem gl\u00faten, emb. 100g.<\/p>\n<p>Ingredientes: Milho 53%, cobertura de chocolate negro 45% (a\u00e7ucar, pasta de cacau, manteiga de cacau, emulcionante (lecitina de soja), aroma natural de baunilha), sal, \u00f3leo vegetal (girassol alto oleico), emulsionante (lecitina de soja), antioxidante (extrato rico de tocofer\u00f3is). Pode conter vest\u00edgios de leite. Especialmente formulado para pessoas com doen\u00e7a cel\u00edaca.<\/p>\n<h5>Declara\u00e7\u00e3o Nutricional (por 100g):<\/h5>\n<p>Energia: 1919kj\/457kcal; L\u00edpidos: 17g; dos quais Saturados: 10g; Hidratos de Carbono: 68g; dos quais A\u00e7ucares: 21g; Fibra: 4g; Prote\u00ednas: 6g; Sal: 0,98g.<\/p>\n","protected":false},"excerpt":{"rendered":"<p>0.34\u20ac\/pack<\/p>\n","protected":false},"featured_media":61127,"comment_status":"closed","ping_status":"closed","template":"","meta":{"_themeisle_gutenberg_block_has_review":false},"product_brand":[],"product_cat":[207,134,144,132,223,216],"product_tag":[],"woo-feed-brand":[],"class_list":{"0":"post-17843","1":"product","2":"type-product","3":"status-publish","4":"has-post-thumbnail","6":"product_cat-bio-saudavel","7":"product_cat-bolachas-biscoitos","8":"product_cat-chocolates-biscoitos-e-cereais","9":"product_cat-mercearia","10":"product_cat-mercearia-saudavel","11":"product_cat-sem-gluten","12":"ts_product_brand-gullon","14":"first","15":"instock","16":"taxable","17":"shipping-taxable","18":"purchasable","19":"product-type-simple"},"_links":{"self":[{"href":"https:\/\/www.ateti.pt\/loja\/wp-json\/wp\/v2\/product\/17843","targetHints":{"allow":["GET"]}}],"collection":[{"href":"https:\/\/www.ateti.pt\/loja\/wp-json\/wp\/v2\/product"}],"about":[{"href":"https:\/\/www.ateti.pt\/loja\/wp-json\/wp\/v2\/types\/product"}],"replies":[{"embeddable":true,"href":"https:\/\/www.ateti.pt\/loja\/wp-json\/wp\/v2\/comments?post=17843"}],"wp:featuredmedia":[{"embeddable":true,"href":"https:\/\/www.ateti.pt\/loja\/wp-json\/wp\/v2\/media\/61127"}],"wp:attachment":[{"href":"https:\/\/www.ateti.pt\/loja\/wp-json\/wp\/v2\/media?parent=17843"}],"wp:term":[{"taxonomy":"product_brand","embeddable":true,"href":"https:\/\/www.ateti.pt\/loja\/wp-json\/wp\/v2\/product_brand?post=17843"},{"taxonomy":"product_cat","embeddable":true,"href":"https:\/\/www.ateti.pt\/loja\/wp-json\/wp\/v2\/product_cat?post=17843"},{"taxonomy":"product_tag","embeddable":true,"href":"https:\/\/www.ateti.pt\/loja\/wp-json\/wp\/v2\/product_tag?post=17843"},{"taxonomy":"woo-feed-brand","embeddable":true,"href":"https:\/\/www.ateti.pt\/loja\/wp-json\/wp\/v2\/woo-feed-brand?post=17843"}],"curies":[{"name":"wp","href":"https:\/\/api.w.org\/{rel}","templated":true}]}}