{"id":17836,"date":"2020-06-17T12:43:34","date_gmt":"2020-06-17T11:43:34","guid":{"rendered":"https:\/\/www.ateti.pt\/loja\/?post_type=product&#038;p=17836"},"modified":"2024-02-12T14:45:21","modified_gmt":"2024-02-12T14:45:21","slug":"mascara-reutilizavel","status":"publish","type":"product","link":"https:\/\/www.ateti.pt\/loja\/produto\/mascara-reutilizavel\/","title":{"rendered":"M\u00e1scara Reutiliz\u00e1vel"},"content":{"rendered":"<ul>\n<li>M\u00e1scara Reutiliz\u00e1vel (M\u00e1scara de n\u00edvel 3)<\/li>\n<li>El\u00e1sticos Auriculares<\/li>\n<li>Ajust\u00e1vel ao nariz.<\/li>\n<li>Prote\u00e7\u00e3o dupla camada<\/li>\n<li>Antibacteriano e antif\u00famgico certificado pela OMS<\/li>\n<li>Neutralizador de odores<\/li>\n<li>N\u00e3o T\u00f3xico<\/li>\n<li>Produto certificado pelo CITEVE<\/li>\n<li>Medidas: 20.5 cm x 18 cm<\/li>\n<\/ul>\n","protected":false},"excerpt":{"rendered":"<p>M\u00e1scara Reutiliz\u00e1vel (M\u00e1scara de n\u00edvel 3) El\u00e1sticos Auriculares Ajust\u00e1vel ao nariz. Prote\u00e7\u00e3o dupla camada Antibacteriano e antif\u00famgico certificado pela OMS Neutralizador de odores N\u00e3o T\u00f3xico Produto certificado pelo CITEVE Medidas: 20.5 cm x 18 cm<\/p>\n","protected":false},"featured_media":60958,"comment_status":"closed","ping_status":"closed","template":"","meta":{"_themeisle_gutenberg_block_has_review":false},"product_brand":[],"product_cat":[203,243,190],"product_tag":[],"woo-feed-brand":[],"class_list":{"0":"post-17836","1":"product","2":"type-product","3":"status-publish","4":"has-post-thumbnail","6":"product_cat-beleza-e-higiene","7":"product_cat-covid-19","8":"product_cat-desinfetantes-e-limpeza","10":"first","11":"instock","12":"taxable","13":"shipping-taxable","14":"purchasable","15":"product-type-variable"},"_links":{"self":[{"href":"https:\/\/www.ateti.pt\/loja\/wp-json\/wp\/v2\/product\/17836","targetHints":{"allow":["GET"]}}],"collection":[{"href":"https:\/\/www.ateti.pt\/loja\/wp-json\/wp\/v2\/product"}],"about":[{"href":"https:\/\/www.ateti.pt\/loja\/wp-json\/wp\/v2\/types\/product"}],"replies":[{"embeddable":true,"href":"https:\/\/www.ateti.pt\/loja\/wp-json\/wp\/v2\/comments?post=17836"}],"wp:featuredmedia":[{"embeddable":true,"href":"https:\/\/www.ateti.pt\/loja\/wp-json\/wp\/v2\/media\/60958"}],"wp:attachment":[{"href":"https:\/\/www.ateti.pt\/loja\/wp-json\/wp\/v2\/media?parent=17836"}],"wp:term":[{"taxonomy":"product_brand","embeddable":true,"href":"https:\/\/www.ateti.pt\/loja\/wp-json\/wp\/v2\/product_brand?post=17836"},{"taxonomy":"product_cat","embeddable":true,"href":"https:\/\/www.ateti.pt\/loja\/wp-json\/wp\/v2\/product_cat?post=17836"},{"taxonomy":"product_tag","embeddable":true,"href":"https:\/\/www.ateti.pt\/loja\/wp-json\/wp\/v2\/product_tag?post=17836"},{"taxonomy":"woo-feed-brand","embeddable":true,"href":"https:\/\/www.ateti.pt\/loja\/wp-json\/wp\/v2\/woo-feed-brand?post=17836"}],"curies":[{"name":"wp","href":"https:\/\/api.w.org\/{rel}","templated":true}]}}