{"id":17835,"date":"2020-06-17T12:04:21","date_gmt":"2020-06-17T11:04:21","guid":{"rendered":"https:\/\/www.ateti.pt\/loja\/?post_type=product&#038;p=17835"},"modified":"2026-02-04T17:27:45","modified_gmt":"2026-02-04T17:27:45","slug":"tortitas-de-milho-vitalday-gullon-4packs","status":"publish","type":"product","link":"https:\/\/www.ateti.pt\/loja\/produto\/tortitas-de-milho-vitalday-gullon-4packs\/","title":{"rendered":"Tortitas de Milho Vitalday 4packs Gull\u00f3n"},"content":{"rendered":"<p><strong>Tortitas de Milho Vitalday Gull\u00f3n<\/strong><\/p>\n<p>Quantidade: 4packs<\/p>\n<p>Tortitas de milho sem gl\u00faten, emb. 108,8g.<\/p>\n<p>Ingredientes: Milho 97%, sal, \u00f3leo vegetal (girassol alto oleico), emulsionante (lecitina de soja), antioxidante (extrato rico em tocofer\u00f3is). Pode conter vest\u00edgios de leite. Especialmente formulado para pessoas com doen\u00e7a cel\u00edaca.<\/p>\n<h5>Declara\u00e7\u00e3o Nutricional (por 100g):<\/h5>\n<p>Energia: 1600kj\/377kcal; L\u00edpidos: 2,0g; dos quais Saturados: 0,3g; Hidratos de Carbono: 83g; dos quais A\u00e7ucares: 0,5g; Fibra: 2,7g; Prote\u00ednas: 6,0g; Sal: 1,6g.<\/p>\n","protected":false},"excerpt":{"rendered":"<p>0.32\u20ac\/un<\/p>\n","protected":false},"featured_media":73037,"comment_status":"closed","ping_status":"closed","template":"","meta":{"_themeisle_gutenberg_block_has_review":false},"product_brand":[],"product_cat":[207,134,144,132,223,216],"product_tag":[],"woo-feed-brand":[],"class_list":{"0":"post-17835","1":"product","2":"type-product","3":"status-publish","4":"has-post-thumbnail","6":"product_cat-bio-saudavel","7":"product_cat-bolachas-biscoitos","8":"product_cat-chocolates-biscoitos-e-cereais","9":"product_cat-mercearia","10":"product_cat-mercearia-saudavel","11":"product_cat-sem-gluten","12":"ts_product_brand-gullon","14":"first","15":"instock","16":"taxable","17":"shipping-taxable","18":"purchasable","19":"product-type-simple"},"_links":{"self":[{"href":"https:\/\/www.ateti.pt\/loja\/wp-json\/wp\/v2\/product\/17835","targetHints":{"allow":["GET"]}}],"collection":[{"href":"https:\/\/www.ateti.pt\/loja\/wp-json\/wp\/v2\/product"}],"about":[{"href":"https:\/\/www.ateti.pt\/loja\/wp-json\/wp\/v2\/types\/product"}],"replies":[{"embeddable":true,"href":"https:\/\/www.ateti.pt\/loja\/wp-json\/wp\/v2\/comments?post=17835"}],"wp:featuredmedia":[{"embeddable":true,"href":"https:\/\/www.ateti.pt\/loja\/wp-json\/wp\/v2\/media\/73037"}],"wp:attachment":[{"href":"https:\/\/www.ateti.pt\/loja\/wp-json\/wp\/v2\/media?parent=17835"}],"wp:term":[{"taxonomy":"product_brand","embeddable":true,"href":"https:\/\/www.ateti.pt\/loja\/wp-json\/wp\/v2\/product_brand?post=17835"},{"taxonomy":"product_cat","embeddable":true,"href":"https:\/\/www.ateti.pt\/loja\/wp-json\/wp\/v2\/product_cat?post=17835"},{"taxonomy":"product_tag","embeddable":true,"href":"https:\/\/www.ateti.pt\/loja\/wp-json\/wp\/v2\/product_tag?post=17835"},{"taxonomy":"woo-feed-brand","embeddable":true,"href":"https:\/\/www.ateti.pt\/loja\/wp-json\/wp\/v2\/woo-feed-brand?post=17835"}],"curies":[{"name":"wp","href":"https:\/\/api.w.org\/{rel}","templated":true}]}}