{"id":17796,"date":"2025-12-07T09:50:52","date_gmt":"2025-12-07T09:50:52","guid":{"rendered":"https:\/\/www.ateti.pt\/loja\/?post_type=product&#038;p=17796"},"modified":"2026-02-04T16:26:12","modified_gmt":"2026-02-04T16:26:12","slug":"piri-piri-extra-picante-paladin-75ml","status":"publish","type":"product","link":"https:\/\/www.ateti.pt\/loja\/produto\/piri-piri-extra-picante-paladin-75ml\/","title":{"rendered":"Piri-Piri Extra Picante 75ml Paladin (28-02-2026)"},"content":{"rendered":"<p><strong>Piri-Piri Extra Picante Paladin<\/strong><\/p>\n<p>Quantidade: 75mL<\/p>\n<p><strong>Ingredientes: <\/strong>\u00c1gua, vinagre de \u00e1lcool, a\u00e7\u00facar, piripiri e extrato de piri-piri (2%), sal, amido modificado, pimento, especiarias, espessante (goma xantana), antioxidante (\u00e1cido asc\u00f3rbico), conservante (sorbato de pot\u00e1ssio).<\/p>\n<p><strong>Declara\u00e7\u00e3o Nutricional (por 100ml): <\/strong>Energia: 147kj\/35kcal; L\u00edpidos: 0,8g; dos quais Saturados: 0,1g; Hidratos de Carbono: 4,8g; dos quais A\u00e7ucares: 3,2g; Prote\u00ednas: 0,2g; Sal: 1,1g.<\/p>\n<p>Veja mais em <a href=\"https:\/\/www.ateti.pt\/loja\/categoria\/mercearia\/temperos-e-molhos\/\">Temperos e Molhos<\/a><\/p>\n","protected":false},"excerpt":{"rendered":"<p>29.20\u20ac\/l<\/p>\n","protected":false},"featured_media":17797,"comment_status":"closed","ping_status":"closed","template":"","meta":{"_themeisle_gutenberg_block_has_review":false},"product_brand":[],"product_cat":[132,265,174],"product_tag":[],"woo-feed-brand":[],"class_list":{"0":"post-17796","1":"product","2":"type-product","3":"status-publish","4":"has-post-thumbnail","6":"product_cat-mercearia","7":"product_cat-promocoes-outlet-ate-50-desconto-supermercado-online-ate-ti","8":"product_cat-temperos-e-molhos","9":"ts_product_brand-paladin","11":"first","12":"outofstock","13":"sale","14":"taxable","15":"shipping-taxable","16":"purchasable","17":"product-type-simple"},"_links":{"self":[{"href":"https:\/\/www.ateti.pt\/loja\/wp-json\/wp\/v2\/product\/17796","targetHints":{"allow":["GET"]}}],"collection":[{"href":"https:\/\/www.ateti.pt\/loja\/wp-json\/wp\/v2\/product"}],"about":[{"href":"https:\/\/www.ateti.pt\/loja\/wp-json\/wp\/v2\/types\/product"}],"replies":[{"embeddable":true,"href":"https:\/\/www.ateti.pt\/loja\/wp-json\/wp\/v2\/comments?post=17796"}],"wp:featuredmedia":[{"embeddable":true,"href":"https:\/\/www.ateti.pt\/loja\/wp-json\/wp\/v2\/media\/17797"}],"wp:attachment":[{"href":"https:\/\/www.ateti.pt\/loja\/wp-json\/wp\/v2\/media?parent=17796"}],"wp:term":[{"taxonomy":"product_brand","embeddable":true,"href":"https:\/\/www.ateti.pt\/loja\/wp-json\/wp\/v2\/product_brand?post=17796"},{"taxonomy":"product_cat","embeddable":true,"href":"https:\/\/www.ateti.pt\/loja\/wp-json\/wp\/v2\/product_cat?post=17796"},{"taxonomy":"product_tag","embeddable":true,"href":"https:\/\/www.ateti.pt\/loja\/wp-json\/wp\/v2\/product_tag?post=17796"},{"taxonomy":"woo-feed-brand","embeddable":true,"href":"https:\/\/www.ateti.pt\/loja\/wp-json\/wp\/v2\/woo-feed-brand?post=17796"}],"curies":[{"name":"wp","href":"https:\/\/api.w.org\/{rel}","templated":true}]}}