{"id":17786,"date":"2025-07-22T14:39:28","date_gmt":"2025-07-22T13:39:28","guid":{"rendered":"https:\/\/www.ateti.pt\/loja\/?post_type=product&#038;p=17786"},"modified":"2025-10-14T10:26:28","modified_gmt":"2025-10-14T09:26:28","slug":"piri-piri-ai-ai-paladin-75ml","status":"publish","type":"product","link":"https:\/\/www.ateti.pt\/loja\/produto\/piri-piri-ai-ai-paladin-75ml\/","title":{"rendered":"Piri-Piri Ai Ai 75ml Paladin"},"content":{"rendered":"<p><strong>Piri-Piri Ai Ai Paladin<\/strong><\/p>\n<p>Quantidade: 75mL<\/p>\n<p><strong>Ingredientes:<\/strong><\/p>\n<p>Extrato picante (34%), vinagre de \u00e1lcool, \u00e1gua, sal, massa de pimento (pimento, sal antioxidante (\u00e1cido tart\u00e1rico), conservante (benzoato de s\u00f3dio)), alho, a\u00e7\u00facar, louro, amido modificado, especiarias, conservante (sorbato de pot\u00e1ssio), espessante (goma xantana),planta arom\u00e1tica.<\/p>\n<p><strong>Declara\u00e7\u00e3o Nutricional (por 100ml):<\/strong><\/p>\n<p>Energia: 251kj\/60kcal; L\u00edpidos: 0.5g; dos quais Saturados: 0,1g; Hidratos de Carbono: 6.3g; dos quais A\u00e7ucares: 4.5g; Prote\u00ednas: 3,6g; Sal: 3.6g.<\/p>\n<p>Conservar em local fresco e seco, ao abrigo da luz solar. Depois de aberto conservar no frigorifico e consumir em 90 dias.<\/p>\n<p>Veja mais em <a href=\"https:\/\/www.ateti.pt\/loja\/categoria\/mercearia\/temperos-e-molhos\/\">Temperos e Molhos<\/a><\/p>\n","protected":false},"excerpt":{"rendered":"<p>43.86\u20ac\/l<\/p>\n","protected":false},"featured_media":76258,"comment_status":"closed","ping_status":"closed","template":"","meta":{"_themeisle_gutenberg_block_has_review":false},"product_brand":[],"product_cat":[132,174],"product_tag":[],"woo-feed-brand":[],"class_list":{"0":"post-17786","1":"product","2":"type-product","3":"status-publish","4":"has-post-thumbnail","6":"product_cat-mercearia","7":"product_cat-temperos-e-molhos","8":"ts_product_brand-paladin","10":"first","11":"instock","12":"taxable","13":"shipping-taxable","14":"purchasable","15":"product-type-simple"},"_links":{"self":[{"href":"https:\/\/www.ateti.pt\/loja\/wp-json\/wp\/v2\/product\/17786","targetHints":{"allow":["GET"]}}],"collection":[{"href":"https:\/\/www.ateti.pt\/loja\/wp-json\/wp\/v2\/product"}],"about":[{"href":"https:\/\/www.ateti.pt\/loja\/wp-json\/wp\/v2\/types\/product"}],"replies":[{"embeddable":true,"href":"https:\/\/www.ateti.pt\/loja\/wp-json\/wp\/v2\/comments?post=17786"}],"wp:featuredmedia":[{"embeddable":true,"href":"https:\/\/www.ateti.pt\/loja\/wp-json\/wp\/v2\/media\/76258"}],"wp:attachment":[{"href":"https:\/\/www.ateti.pt\/loja\/wp-json\/wp\/v2\/media?parent=17786"}],"wp:term":[{"taxonomy":"product_brand","embeddable":true,"href":"https:\/\/www.ateti.pt\/loja\/wp-json\/wp\/v2\/product_brand?post=17786"},{"taxonomy":"product_cat","embeddable":true,"href":"https:\/\/www.ateti.pt\/loja\/wp-json\/wp\/v2\/product_cat?post=17786"},{"taxonomy":"product_tag","embeddable":true,"href":"https:\/\/www.ateti.pt\/loja\/wp-json\/wp\/v2\/product_tag?post=17786"},{"taxonomy":"woo-feed-brand","embeddable":true,"href":"https:\/\/www.ateti.pt\/loja\/wp-json\/wp\/v2\/woo-feed-brand?post=17786"}],"curies":[{"name":"wp","href":"https:\/\/api.w.org\/{rel}","templated":true}]}}