{"id":17703,"date":"2020-06-05T18:28:06","date_gmt":"2020-06-05T17:28:06","guid":{"rendered":"https:\/\/www.ateti.pt\/loja\/?post_type=product&#038;p=17703"},"modified":"2024-09-18T15:57:09","modified_gmt":"2024-09-18T14:57:09","slug":"lixivia-densa-neoblanc-1l","status":"publish","type":"product","link":"https:\/\/www.ateti.pt\/loja\/produto\/lixivia-densa-neoblanc-1l\/","title":{"rendered":"Lix\u00edvia Densa + Neoblanc 1L"},"content":{"rendered":"<p><strong>Lix\u00edvia Densa + Neoblanc<\/strong><\/p>\n<p>Quantidade: 1L<\/p>\n<p>NEOBLANC Densa possui uma f\u00f3rmula mais rica das lix\u00edvias tradicionais e confere uma maior efic\u00e1cia e maior controlo na limpeza de sua casa e de sua roupa. Gra\u00e7as tamb\u00e9m \u00e0 mol\u00e9cula &#8220;Mais branco\u201d recupera o branco de suas roupas, mesmo daquelas amareladas.<\/p>\n<div class=\"row step\">\n<div class=\"col-md-9\">\n<h4 class=\"section__step-title\">GRANDES SUPERF\u00cdCIES<\/h4>\n<div class=\"section__step-abstract\">\n<p>Dilu\u00edda em \u00e1gua ou pura para conseguir uma limpeza e higiene seguras e profundas em grandes ou pequenas superf\u00edcies em sua casa. Para a sujidade mais resistente, utilizar em estado puro ou diluir 2 copos de NEOBLANC Densa em 5 litros de \u00e1gua.<\/p>\n<p><strong>PURA<\/strong><br \/>\nAplicar nas superf\u00edcies e enxaguar.<\/p>\n<p><strong>DILU\u00cdDA<\/strong><br \/>\nN\u00e3o precisa de enxaguar.<\/p>\n<\/div>\n<\/div>\n<\/div>\n<div class=\"row step\">\n<div class=\"col-md-3 text-center\"><\/div>\n<div class=\"col-md-9\">\n<h4 class=\"section__step-title\">NA M\u00c1QUINA DE LAVAR ROUPA<\/h4>\n<div class=\"section__step-abstract\">\n<p>1. Adicione o detergente como habitualmente.<\/p>\n<p>2. Coloque NEOBLANC Densa no compartimento pr\u00f3prio, assinalado com o s\u00edmbolo CL, at\u00e9 ao n\u00edvel indicado. Se a sua m\u00e1quina de lavar roupa n\u00e3o possuir o compartimento com o s\u00edmbolo CL:<\/p>\n<p>Se n\u00e3o pretender utilizar outros aditivos (ex. amaciador de roupa), pode colocar a lix\u00edvia NEOBLANC Densa no compartimento dos aditivos. Se quiser utilizar outros aditivos, inicie um ciclo de pr\u00e9-lavagem e, enquanto a \u00e1gua estiver a correr, adicione um copo e meio de NEOBLANC Densa.<\/p>\n<p>3. D\u00ea in\u00edcio ao ciclo de lavagem.<\/p>\n<p>Para conseguir melhores resultados, n\u00e3o coloque NEOBLANC Densa no compartimento do detergente.<\/p>\n<\/div>\n<\/div>\n<\/div>\n<div class=\"row step\">\n<div class=\"col-md-3 text-center\"><\/div>\n<div class=\"col-md-9\">\n<h4 class=\"section__step-title\">TRATAMENTO PR\u00c9VIO<\/h4>\n<div class=\"section__step-abstract\">\n<p>No caso de manchas dif\u00edceis, trate previamente com NEOBLANC Densa at\u00e9 total cobertura da mancha. Deixe atuar no m\u00e1ximo 3 minutos e lave imediatamente. Experimente numa parte oculta antes de utilizar. N\u00e3o verter em estado puro sobre quaisquer partes met\u00e1licas.<\/p>\n<\/div>\n<\/div>\n<\/div>\n<div class=\"row step\">\n<div class=\"col-md-3 text-center\"><\/div>\n<div class=\"col-md-9\">\n<h4 class=\"section__step-title\">\u00c0 M\u00c3O<\/h4>\n<div class=\"section__step-abstract\">\n<p>Deite 150 ml (1 copo) de NEOBLANC Densa em 10 L de \u00e1gua. Coloque a roupa e deixe ficar de molho durante 20\/30 minutos sem adicionar detergente. Enxague abundantemente e depois lave-a com o detergente habitual. Imprima as instru\u00e7\u00f5es para mant\u00ea-las sempre ao seu alcance.<\/p>\n<p>Veja mais em <a href=\"https:\/\/www.ateti.pt\/loja\/categoria\/higiene-e-limpeza\/limpeza\/\">Limpeza<\/a><\/p>\n<\/div>\n<\/div>\n<\/div>\n","protected":false},"excerpt":{"rendered":"<p>1.89\u20ac\/L<\/p>\n","protected":false},"featured_media":60751,"comment_status":"closed","ping_status":"closed","template":"","meta":{"_themeisle_gutenberg_block_has_review":false},"product_brand":[],"product_cat":[190,204,208],"product_tag":[],"woo-feed-brand":[],"class_list":{"0":"post-17703","1":"product","2":"type-product","3":"status-publish","4":"has-post-thumbnail","6":"product_cat-desinfetantes-e-limpeza","7":"product_cat-limpeza","8":"product_cat-roupa","9":"ts_product_brand-neoblanc","11":"first","12":"instock","13":"taxable","14":"shipping-taxable","15":"purchasable","16":"product-type-simple"},"_links":{"self":[{"href":"https:\/\/www.ateti.pt\/loja\/wp-json\/wp\/v2\/product\/17703","targetHints":{"allow":["GET"]}}],"collection":[{"href":"https:\/\/www.ateti.pt\/loja\/wp-json\/wp\/v2\/product"}],"about":[{"href":"https:\/\/www.ateti.pt\/loja\/wp-json\/wp\/v2\/types\/product"}],"replies":[{"embeddable":true,"href":"https:\/\/www.ateti.pt\/loja\/wp-json\/wp\/v2\/comments?post=17703"}],"wp:featuredmedia":[{"embeddable":true,"href":"https:\/\/www.ateti.pt\/loja\/wp-json\/wp\/v2\/media\/60751"}],"wp:attachment":[{"href":"https:\/\/www.ateti.pt\/loja\/wp-json\/wp\/v2\/media?parent=17703"}],"wp:term":[{"taxonomy":"product_brand","embeddable":true,"href":"https:\/\/www.ateti.pt\/loja\/wp-json\/wp\/v2\/product_brand?post=17703"},{"taxonomy":"product_cat","embeddable":true,"href":"https:\/\/www.ateti.pt\/loja\/wp-json\/wp\/v2\/product_cat?post=17703"},{"taxonomy":"product_tag","embeddable":true,"href":"https:\/\/www.ateti.pt\/loja\/wp-json\/wp\/v2\/product_tag?post=17703"},{"taxonomy":"woo-feed-brand","embeddable":true,"href":"https:\/\/www.ateti.pt\/loja\/wp-json\/wp\/v2\/woo-feed-brand?post=17703"}],"curies":[{"name":"wp","href":"https:\/\/api.w.org\/{rel}","templated":true}]}}