{"id":17698,"date":"2024-06-05T18:15:44","date_gmt":"2024-06-05T17:15:44","guid":{"rendered":"https:\/\/www.ateti.pt\/loja\/?post_type=product&#038;p=17698"},"modified":"2026-03-16T17:58:43","modified_gmt":"2026-03-16T17:58:43","slug":"descalcificador-maquina-de-roupa-gel-3em1-calgon-750ml","status":"publish","type":"product","link":"https:\/\/www.ateti.pt\/loja\/produto\/descalcificador-maquina-de-roupa-gel-3em1-calgon-750ml\/","title":{"rendered":"Descalcificador M\u00e1quina de Roupa Gel 3 em 1 Calgon 750mL"},"content":{"rendered":"<p><strong>Descalcificador M\u00e1quina de Roupa Gel 3 em 1 Calgon<\/strong><\/p>\n<p>Quantidade: 750mL<\/p>\n<p>O calc\u00e1rio, a sujidade e os res\u00edduos de roupa acumulam-se frequentemente no tambor, nos filtros e nos canos da sua m\u00e1quina de lavar roupa. Estes reduzem o desempenho da m\u00e1quina e afetam a limpeza da sua roupa. Calgon Gel 3 em 1 prolonga a vida da sua m\u00e1quina de roupa atrav\u00e9s do seu poder Tripla A\u00e7\u00e3o:<\/p>\n<p>1. Protege do calc\u00e1rio todas as partes da sua m\u00e1quina;<\/p>\n<p>2. Neutraliza os maus odores;<\/p>\n<p>3. Elimina a sujidades e os res\u00edduos que se acumulam na m\u00e1quina.<\/p>\n<p>Calgon prolonga a vida da sua m\u00e1quina, mantendo-a sempre limpa e saud\u00e1vel.<\/p>\n<p><b>Benef\u00edcios:<\/b><\/p>\n<p>Comprove a efic\u00e1cia de Calgon na sua m\u00e1quina de Lavar Roupa:<\/p>\n<p>&#8211; Protege contra o calc\u00e1rio;<\/p>\n<p>&#8211; Previne a acumula\u00e7\u00e3o de sujidade;<\/p>\n<p>&#8211; Ajuda no combate aos maus odores;<\/p>\n<p>&#8211; Remove os res\u00edduos;<\/p>\n<p>&#8211; Prolonga a vida da sua m\u00e1quina.<\/p>\n<p><b>Modo de utiliza\u00e7\u00e3o:<\/b><\/p>\n<p>1. Usar em TODAS AS LAVAGENS;<\/p>\n<p>2. Acrescentar Calgon ao detergente habitual na gaveta principal da m\u00e1quina;<\/p>\n<p>3. Doseie a quantidade de Calgon recomendado para a tipologia da sua \u00e1gua;<\/p>\n<p>4. Adequado para todos os tipos de tecidos.<\/p>\n<p>Veja mais em <a href=\"https:\/\/www.ateti.pt\/loja\/categoria\/higiene-e-limpeza\/limpeza\/roupa\/\">Roupa<\/a><\/p>\n","protected":false},"excerpt":{"rendered":"<p>10.90\u20ac\/L<\/p>\n","protected":false},"featured_media":60750,"comment_status":"closed","ping_status":"closed","template":"","meta":{"_themeisle_gutenberg_block_has_review":false},"product_brand":[],"product_cat":[190,204,208],"product_tag":[],"woo-feed-brand":[],"class_list":{"0":"post-17698","1":"product","2":"type-product","3":"status-publish","4":"has-post-thumbnail","6":"product_cat-desinfetantes-e-limpeza","7":"product_cat-limpeza","8":"product_cat-roupa","9":"ts_product_brand-calgon","11":"first","12":"instock","13":"taxable","14":"shipping-taxable","15":"purchasable","16":"product-type-simple"},"_links":{"self":[{"href":"https:\/\/www.ateti.pt\/loja\/wp-json\/wp\/v2\/product\/17698","targetHints":{"allow":["GET"]}}],"collection":[{"href":"https:\/\/www.ateti.pt\/loja\/wp-json\/wp\/v2\/product"}],"about":[{"href":"https:\/\/www.ateti.pt\/loja\/wp-json\/wp\/v2\/types\/product"}],"replies":[{"embeddable":true,"href":"https:\/\/www.ateti.pt\/loja\/wp-json\/wp\/v2\/comments?post=17698"}],"wp:featuredmedia":[{"embeddable":true,"href":"https:\/\/www.ateti.pt\/loja\/wp-json\/wp\/v2\/media\/60750"}],"wp:attachment":[{"href":"https:\/\/www.ateti.pt\/loja\/wp-json\/wp\/v2\/media?parent=17698"}],"wp:term":[{"taxonomy":"product_brand","embeddable":true,"href":"https:\/\/www.ateti.pt\/loja\/wp-json\/wp\/v2\/product_brand?post=17698"},{"taxonomy":"product_cat","embeddable":true,"href":"https:\/\/www.ateti.pt\/loja\/wp-json\/wp\/v2\/product_cat?post=17698"},{"taxonomy":"product_tag","embeddable":true,"href":"https:\/\/www.ateti.pt\/loja\/wp-json\/wp\/v2\/product_tag?post=17698"},{"taxonomy":"woo-feed-brand","embeddable":true,"href":"https:\/\/www.ateti.pt\/loja\/wp-json\/wp\/v2\/woo-feed-brand?post=17698"}],"curies":[{"name":"wp","href":"https:\/\/api.w.org\/{rel}","templated":true}]}}