{"id":17692,"date":"2022-04-05T17:41:31","date_gmt":"2022-04-05T16:41:31","guid":{"rendered":"https:\/\/www.ateti.pt\/loja\/?post_type=product&#038;p=17692"},"modified":"2026-02-18T16:48:37","modified_gmt":"2026-02-18T16:48:37","slug":"amaciador-de-roupa-lirios-e-morangos-comfort","status":"publish","type":"product","link":"https:\/\/www.ateti.pt\/loja\/produto\/amaciador-de-roupa-lirios-e-morangos-comfort\/","title":{"rendered":"Amaciador de Roupa L\u00edrios e Morangos 76 Doses Comfort"},"content":{"rendered":"<p><strong>Amaciador de Roupa L\u00edrios e Morangos Comfort<\/strong><\/p>\n<p>Quantidade: 1.37L (76 Doses)<\/p>\n<div class=\"intro\">\n<p><b>Descri\u00e7\u00e3o: <\/b>Desenvolvemos os nossos produtos com o intuito de cuidar da roupa e evidenciar melhorias claras na mesma \u2013 atrav\u00e9s do toque, do perfume e do aspeto. Todas as nossas gamas incluem uma variedade de fragr\u00e2ncias para o ajudar a cuidar da fam\u00edlia.<\/p>\n<\/div>\n<section>Comfort cuida das fam\u00edlias h\u00e1 mais de 40 anos, continuando a melhorar a sua f\u00f3rmula para tornar a vida familiar mais confort\u00e1vel. N\u00e3o torna s\u00f3 as suas roupas macias e perfumadas \u2013 ainda torna mais f\u00e1cil cuidar da sua fam\u00edlia, para que todos estejam confort\u00e1veis e felizes.<\/section>\n<section><\/section>\n<section>N\u00e3o se compromete apenas a cuidar de si \u2013 comprometemo-nos a cuidar do planeta. Estamos completamente inseridos no programa Cleaner Planet Plan, da Unilever, dedicado a reduzir o impacto de lavagem de roupa no ambiente sem reduzir a qualidade dos nossos produtos.<\/section>\n<section><\/section>\n<section>Delicie-se e deleite-se com o aroma de frutas e flores em Comfort Creations L\u00edrios e Morango. Criado por especialistas, proporciona-lhe mais fragr\u00e2ncia em cada gota.<\/section>\n<section><\/section>\n<section><b>Benef\u00edcios:<\/b>&#8211; Fragr\u00e2ncia desenvolvida por especialistas;- Frescura duradoura;- Extrema suavidade;- F\u00e1cil de engomar;<\/p>\n<p>&#8211; Mant\u00e9m a cor e o brilho.<\/p>\n<p><strong>Conselhos de utiliza\u00e7\u00e3o:<\/strong><\/p>\n<p>&#8211; Verifique sempre as instru\u00e7\u00f5es de utiliza\u00e7\u00e3o encontradas na embalagem;<\/p>\n<p>&#8211; A tampa de pode ser usada como doseador. Despeje a quantidade recomendada no doseador.<\/p>\n<p><strong>Precau\u00e7\u00f5es:<\/strong><\/p>\n<p>Evite que o amaciador entre em contacto direto com a sua roupa, uma vez que isso pode causar danos em alguns tecidos. Para uma m\u00e1xima frescura, n\u00e3o armazene o seu amaciador sob luz solar direta e evite temperaturas extremas (altas\/baixas). Use sempre a tampa do seu Comfort como doseador no momento da lavagem. N\u00e3o misture o seu amaciador Comfort com o detergente para a roupa.<\/p>\n<p>Veja mais em <a href=\"https:\/\/www.ateti.pt\/loja\/categoria\/higiene-e-limpeza\/limpeza\/\">Limpeza<\/a><\/p>\n<\/section>\n","protected":false},"excerpt":{"rendered":"<p>0.05\u20ac\/dose<\/p>\n","protected":false},"featured_media":56780,"comment_status":"closed","ping_status":"closed","template":"","meta":{"_themeisle_gutenberg_block_has_review":false},"product_brand":[],"product_cat":[190,204,208],"product_tag":[],"woo-feed-brand":[],"class_list":{"0":"post-17692","1":"product","2":"type-product","3":"status-publish","4":"has-post-thumbnail","6":"product_cat-desinfetantes-e-limpeza","7":"product_cat-limpeza","8":"product_cat-roupa","9":"ts_product_brand-comfort","11":"first","12":"instock","13":"sale","14":"taxable","15":"shipping-taxable","16":"purchasable","17":"product-type-simple"},"_links":{"self":[{"href":"https:\/\/www.ateti.pt\/loja\/wp-json\/wp\/v2\/product\/17692","targetHints":{"allow":["GET"]}}],"collection":[{"href":"https:\/\/www.ateti.pt\/loja\/wp-json\/wp\/v2\/product"}],"about":[{"href":"https:\/\/www.ateti.pt\/loja\/wp-json\/wp\/v2\/types\/product"}],"replies":[{"embeddable":true,"href":"https:\/\/www.ateti.pt\/loja\/wp-json\/wp\/v2\/comments?post=17692"}],"wp:featuredmedia":[{"embeddable":true,"href":"https:\/\/www.ateti.pt\/loja\/wp-json\/wp\/v2\/media\/56780"}],"wp:attachment":[{"href":"https:\/\/www.ateti.pt\/loja\/wp-json\/wp\/v2\/media?parent=17692"}],"wp:term":[{"taxonomy":"product_brand","embeddable":true,"href":"https:\/\/www.ateti.pt\/loja\/wp-json\/wp\/v2\/product_brand?post=17692"},{"taxonomy":"product_cat","embeddable":true,"href":"https:\/\/www.ateti.pt\/loja\/wp-json\/wp\/v2\/product_cat?post=17692"},{"taxonomy":"product_tag","embeddable":true,"href":"https:\/\/www.ateti.pt\/loja\/wp-json\/wp\/v2\/product_tag?post=17692"},{"taxonomy":"woo-feed-brand","embeddable":true,"href":"https:\/\/www.ateti.pt\/loja\/wp-json\/wp\/v2\/woo-feed-brand?post=17692"}],"curies":[{"name":"wp","href":"https:\/\/api.w.org\/{rel}","templated":true}]}}