{"id":17688,"date":"2020-06-05T17:22:03","date_gmt":"2020-06-05T16:22:03","guid":{"rendered":"https:\/\/www.ateti.pt\/loja\/?post_type=product&#038;p=17688"},"modified":"2024-02-13T11:21:58","modified_gmt":"2024-02-13T11:21:58","slug":"desodorizante-original-dove-50ml","status":"publish","type":"product","link":"https:\/\/www.ateti.pt\/loja\/produto\/desodorizante-original-dove-50ml\/","title":{"rendered":"Desodorizante Original Dove 50mL"},"content":{"rendered":"<h5>Desodorizante Original Dove<\/h5>\n<p>Quantidade: 50mL<\/p>\n<p class=\"c-product-overview__description o-text__body\">Dove Roll-On antitranspirante Original protege at\u00e9 48 horas contra a transpira\u00e7\u00e3o e cuida delicadamente das axilas.<\/p>\n<p><strong>Benef\u00edcios:<\/strong><\/p>\n<div class=\"c-product-overview__turntowrapper\">\n<div class=\"c-expandcollapse__desc\">\n<p>\u2022 Oferece at\u00e9 48 horas de prote\u00e7\u00e3o antitranspirante<\/p>\n<p>\u2022 Ajuda a reduzir a irrita\u00e7\u00e3o na pele causada pela depila\u00e7\u00e3o<\/p>\n<p>\u2022 Fragr\u00e2ncia delicada, que garante a sensa\u00e7\u00e3o de limpeza<\/p>\n<p>\u2022 Desliza facilmente nas axilas<\/p>\n<p>\u2022 Hidrata\u00e7\u00e3o superior para as axilas<\/p>\n<p>\u2022 Com \u00bc de creme hidratante para uma pele macia, suave e bonita<\/p>\n<\/div>\n<div class=\"c-expandcollapse__desc\">\n<p>Sabe aquele vestido preto b\u00e1sico que usa regularmente? Talvez o use porque veste bem ou porque vai com tudo. Tal como esse seu vestido, Dove Roll-On antitranspirante Original tamb\u00e9m \u00e9 t\u00e3o pr\u00e1tico e simples de usar.<\/p>\n<p>Dove Roll-On antitranspirante Original oferece at\u00e9 48 horas de prote\u00e7\u00e3o antitranspirante com uma fragr\u00e2ncia delicada para ajudar a manter a sua pele seca e fresca todo o dia.<\/p>\n<p>Al\u00e9m disso, a sua f\u00f3rmula exclusiva cont\u00e9m \u00bc de creme hidratante para ajudar a reduzir a irrita\u00e7\u00e3o que a depila\u00e7\u00e3o pode causar na pele.<\/p>\n<p>Se gosta de simplificar, Dove Roll-On antitranspirante Original \u00e9 o desodorizante ideal para si.<\/p>\n<p><strong>Ingredientes:<\/strong><\/p>\n<p>Aqua, Aluminum Chlorohydrate, Glycerin, Helianthus Annuus Seed Oil, Steareth-2, Parfum, Steareth-20, Tocopheryl Acetate, Citric Acid, Potassium Lactate, Alpha-Isomethyl Ionone, Benzyl Alcohol, Benzyl Benzoate, Benzyl Salicylate, Butylphenyl Methylpropional, Citronellol, Geraniol, Hexyl Cinnamal, Hydroxycitronellal, Limonene, Linalool.<\/p>\n<p><strong>Perfeito para:<\/strong><\/p>\n<p>\u2022 Axilas macias e suaves Com \u00bc de creme hidratante, este roll-on cuida da delicada pele das axilas, deixando-a macia e suave<\/p>\n<\/div>\n<div class=\"c-expandcollapse__desc\">\u2022 Ajuda na recupera\u00e7\u00e3o p\u00f3s-depila\u00e7\u00e3o A f\u00f3rmula com \u00bc de creme hidratante ajuda a pele a recuperar da irrita\u00e7\u00e3o causada pela depila\u00e7\u00e3o<\/div>\n<div class=\"c-expandcollapse__desc\">\u2022 Prote\u00e7\u00e3o de confian\u00e7a Este desodorizante oferece at\u00e9 48 horas de prote\u00e7\u00e3o para que se sinta segura e confiante todo o dia<\/div>\n<\/div>\n<div><\/div>\n<div><strong>Modo de utiliza\u00e7\u00e3o:<\/strong><\/div>\n<div>Levante um bra\u00e7o e aplique Dove Roll-On antitranspirante Original com movimentos circulares de pouca press\u00e3o at\u00e9 criar uma camada fina de produto sobre a sua axila. Repita o processo na outra axila.<\/div>\n<div><\/div>\n<div><strong>Experimente:<\/strong><\/div>\n<div>Experimente aplicar o antitranspirante antes de dormir. Durante a noite, a temperatura corporal diminui e, por isso, reduz o suor e permite que a f\u00f3rmula penetre na sua delicada axila mais eficazmente.<\/div>\n<div>Veja mais em <a href=\"https:\/\/www.ateti.pt\/loja\/categoria\/higiene-e-limpeza\/higiene\/higiene-feminina\/\">Higiene Feminina<\/a><\/div>\n","protected":false},"excerpt":{"rendered":"<p>73.80\u20ac\/L<\/p>\n","protected":false},"featured_media":61010,"comment_status":"closed","ping_status":"closed","template":"","meta":{"_themeisle_gutenberg_block_has_review":false},"product_brand":[],"product_cat":[203,190,230],"product_tag":[],"woo-feed-brand":[],"class_list":{"0":"post-17688","1":"product","2":"type-product","3":"status-publish","4":"has-post-thumbnail","6":"product_cat-beleza-e-higiene","7":"product_cat-desinfetantes-e-limpeza","8":"product_cat-higiene-feminina","9":"ts_product_brand-dove","11":"first","12":"instock","13":"taxable","14":"shipping-taxable","15":"purchasable","16":"product-type-simple"},"_links":{"self":[{"href":"https:\/\/www.ateti.pt\/loja\/wp-json\/wp\/v2\/product\/17688","targetHints":{"allow":["GET"]}}],"collection":[{"href":"https:\/\/www.ateti.pt\/loja\/wp-json\/wp\/v2\/product"}],"about":[{"href":"https:\/\/www.ateti.pt\/loja\/wp-json\/wp\/v2\/types\/product"}],"replies":[{"embeddable":true,"href":"https:\/\/www.ateti.pt\/loja\/wp-json\/wp\/v2\/comments?post=17688"}],"wp:featuredmedia":[{"embeddable":true,"href":"https:\/\/www.ateti.pt\/loja\/wp-json\/wp\/v2\/media\/61010"}],"wp:attachment":[{"href":"https:\/\/www.ateti.pt\/loja\/wp-json\/wp\/v2\/media?parent=17688"}],"wp:term":[{"taxonomy":"product_brand","embeddable":true,"href":"https:\/\/www.ateti.pt\/loja\/wp-json\/wp\/v2\/product_brand?post=17688"},{"taxonomy":"product_cat","embeddable":true,"href":"https:\/\/www.ateti.pt\/loja\/wp-json\/wp\/v2\/product_cat?post=17688"},{"taxonomy":"product_tag","embeddable":true,"href":"https:\/\/www.ateti.pt\/loja\/wp-json\/wp\/v2\/product_tag?post=17688"},{"taxonomy":"woo-feed-brand","embeddable":true,"href":"https:\/\/www.ateti.pt\/loja\/wp-json\/wp\/v2\/woo-feed-brand?post=17688"}],"curies":[{"name":"wp","href":"https:\/\/api.w.org\/{rel}","templated":true}]}}